{"id":1831,"date":"2018-08-22T15:16:21","date_gmt":"2018-08-22T18:16:21","guid":{"rendered":"https:\/\/www.formedical.com.br\/novo\/?page_id=1831"},"modified":"2024-05-07T16:37:55","modified_gmt":"2024-05-07T19:37:55","slug":"ultrassom-veterinario-ultra-portatil-dm5v","status":"publish","type":"page","link":"https:\/\/www.formedical.com.br\/novo\/ultrassom-veterinario-ultra-portatil-dm5v\/","title":{"rendered":"Ultrassom Veterin\u00e1rio Port\u00e1til FM5v"},"content":{"rendered":"\t\t<div data-elementor-type=\"wp-page\" data-elementor-id=\"1831\" class=\"elementor elementor-1831\">\n\t\t\t\t\t\t<section class=\"elementor-section elementor-top-section elementor-element elementor-element-b566160 elementor-section-boxed elementor-section-height-default elementor-section-height-default\" data-id=\"b566160\" data-element_type=\"section\" data-e-type=\"section\">\n\t\t\t\t\t\t<div class=\"elementor-container elementor-column-gap-default\">\n\t\t\t\t\t<div class=\"elementor-column elementor-col-100 elementor-top-column elementor-element elementor-element-0237eee\" data-id=\"0237eee\" data-element_type=\"column\" data-e-type=\"column\">\n\t\t\t<div class=\"elementor-widget-wrap elementor-element-populated\">\n\t\t\t\t\t\t<section class=\"elementor-section elementor-inner-section elementor-element elementor-element-4f1d4ff elementor-section-boxed elementor-section-height-default elementor-section-height-default\" data-id=\"4f1d4ff\" data-element_type=\"section\" data-e-type=\"section\">\n\t\t\t\t\t\t<div class=\"elementor-container elementor-column-gap-default\">\n\t\t\t\t\t<div class=\"elementor-column elementor-col-50 elementor-inner-column elementor-element elementor-element-c3fe0d1\" data-id=\"c3fe0d1\" data-element_type=\"column\" data-e-type=\"column\">\n\t\t\t<div class=\"elementor-widget-wrap elementor-element-populated\">\n\t\t\t\t\t\t<div class=\"elementor-element elementor-element-423e2e3 elementor-widget elementor-widget-image\" data-id=\"423e2e3\" data-element_type=\"widget\" data-e-type=\"widget\" data-widget_type=\"image.default\">\n\t\t\t\t<div class=\"elementor-widget-container\">\n\t\t\t\t\t\t\t\t\t\t\t\t\t\t\t<img fetchpriority=\"high\" decoding=\"async\" width=\"480\" height=\"592\" src=\"https:\/\/www.formedical.com.br\/novo\/wp-content\/uploads\/2019\/01\/Ultrassom-Portatil_DM5v.png\" class=\"attachment-large size-large wp-image-2233\" alt=\"ultrassom portatil veterinario dm5v\" srcset=\"https:\/\/www.formedical.com.br\/novo\/wp-content\/uploads\/2019\/01\/Ultrassom-Portatil_DM5v.png 480w, https:\/\/www.formedical.com.br\/novo\/wp-content\/uploads\/2019\/01\/Ultrassom-Portatil_DM5v-243x300.png 243w\" sizes=\"(max-width: 480px) 100vw, 480px\" \/>\t\t\t\t\t\t\t\t\t\t\t\t\t\t\t<\/div>\n\t\t\t\t<\/div>\n\t\t\t\t<div class=\"elementor-element elementor-element-54280a0 elementor-widget elementor-widget-image-gallery\" data-id=\"54280a0\" data-element_type=\"widget\" data-e-type=\"widget\" data-widget_type=\"image-gallery.default\">\n\t\t\t\t<div class=\"elementor-widget-container\">\n\t\t\t\t\t\t\t<div class=\"elementor-image-gallery\">\n\t\t\t\n\t\t<style type=\"text\/css\">\n\t\t\t#gallery-1 {\n\t\t\t\tmargin: auto;\n\t\t\t}\n\t\t\t#gallery-1 .gallery-item {\n\t\t\t\tfloat: left;\n\t\t\t\tmargin-top: 10px;\n\t\t\t\ttext-align: center;\n\t\t\t\twidth: 25%;\n\t\t\t}\n\t\t\t#gallery-1 img {\n\t\t\t\tborder: 2px solid #cfcfcf;\n\t\t\t}\n\t\t\t#gallery-1 .gallery-caption {\n\t\t\t\tmargin-left: 0;\n\t\t\t}\n\t\t\t\/* see gallery_shortcode() in wp-includes\/media.php *\/\n\t\t<\/style>\n\t\t<div id='gallery-1' class='gallery galleryid-1831 gallery-columns-4 gallery-size-thumbnail'><dl class='gallery-item'>\n\t\t\t<dt class='gallery-icon landscape'>\n\t\t\t\t<a data-elementor-open-lightbox=\"yes\" data-elementor-lightbox-slideshow=\"54280a0\" data-elementor-lightbox-title=\"Grid_DM5v_01\" data-e-action-hash=\"#elementor-action%3Aaction%3Dlightbox%26settings%3DeyJpZCI6NDI1MSwidXJsIjoiaHR0cHM6XC9cL3d3dy5mb3JtZWRpY2FsLmNvbS5iclwvbm92b1wvd3AtY29udGVudFwvdXBsb2Fkc1wvMjAyMVwvMTFcL0dyaWRfRE01dl8wMS5wbmciLCJzbGlkZXNob3ciOiI1NDI4MGEwIn0%3D\" href='https:\/\/www.formedical.com.br\/novo\/wp-content\/uploads\/2021\/11\/Grid_DM5v_01.png'><img decoding=\"async\" width=\"150\" height=\"150\" src=\"https:\/\/www.formedical.com.br\/novo\/wp-content\/uploads\/2021\/11\/Grid_DM5v_01-150x150.png\" class=\"attachment-thumbnail size-thumbnail\" alt=\"\" srcset=\"https:\/\/www.formedical.com.br\/novo\/wp-content\/uploads\/2021\/11\/Grid_DM5v_01-150x150.png 150w, https:\/\/www.formedical.com.br\/novo\/wp-content\/uploads\/2021\/11\/Grid_DM5v_01-300x300.png 300w, https:\/\/www.formedical.com.br\/novo\/wp-content\/uploads\/2021\/11\/Grid_DM5v_01-768x768.png 768w, https:\/\/www.formedical.com.br\/novo\/wp-content\/uploads\/2021\/11\/Grid_DM5v_01.png 900w\" sizes=\"(max-width: 150px) 100vw, 150px\" \/><\/a>\n\t\t\t<\/dt><\/dl><dl class='gallery-item'>\n\t\t\t<dt class='gallery-icon landscape'>\n\t\t\t\t<a data-elementor-open-lightbox=\"yes\" data-elementor-lightbox-slideshow=\"54280a0\" data-elementor-lightbox-title=\"kit-ultrassom-veterinario-dm5v\" data-e-action-hash=\"#elementor-action%3Aaction%3Dlightbox%26settings%3DeyJpZCI6NDI1MywidXJsIjoiaHR0cHM6XC9cL3d3dy5mb3JtZWRpY2FsLmNvbS5iclwvbm92b1wvd3AtY29udGVudFwvdXBsb2Fkc1wvMjAyMVwvMTFcL2tpdC11bHRyYXNzb20tdmV0ZXJpbmFyaW8tZG01di5qcGciLCJzbGlkZXNob3ciOiI1NDI4MGEwIn0%3D\" href='https:\/\/www.formedical.com.br\/novo\/wp-content\/uploads\/2021\/11\/kit-ultrassom-veterinario-dm5v.jpg'><img decoding=\"async\" width=\"150\" height=\"150\" src=\"https:\/\/www.formedical.com.br\/novo\/wp-content\/uploads\/2021\/11\/kit-ultrassom-veterinario-dm5v-150x150.jpg\" class=\"attachment-thumbnail size-thumbnail\" alt=\"\" \/><\/a>\n\t\t\t<\/dt><\/dl><dl class='gallery-item'>\n\t\t\t<dt class='gallery-icon landscape'>\n\t\t\t\t<a data-elementor-open-lightbox=\"yes\" data-elementor-lightbox-slideshow=\"54280a0\" data-elementor-lightbox-title=\"bateria-ultrassom-dm5v\" data-e-action-hash=\"#elementor-action%3Aaction%3Dlightbox%26settings%3DeyJpZCI6NDI1NCwidXJsIjoiaHR0cHM6XC9cL3d3dy5mb3JtZWRpY2FsLmNvbS5iclwvbm92b1wvd3AtY29udGVudFwvdXBsb2Fkc1wvMjAyMVwvMTFcL2JhdGVyaWEtdWx0cmFzc29tLWRtNXYuanBnIiwic2xpZGVzaG93IjoiNTQyODBhMCJ9\" href='https:\/\/www.formedical.com.br\/novo\/wp-content\/uploads\/2021\/11\/bateria-ultrassom-dm5v.jpg'><img loading=\"lazy\" decoding=\"async\" width=\"150\" height=\"150\" src=\"https:\/\/www.formedical.com.br\/novo\/wp-content\/uploads\/2021\/11\/bateria-ultrassom-dm5v-150x150.jpg\" class=\"attachment-thumbnail size-thumbnail\" alt=\"\" \/><\/a>\n\t\t\t<\/dt><\/dl><dl class='gallery-item'>\n\t\t\t<dt class='gallery-icon portrait'>\n\t\t\t\t<a data-elementor-open-lightbox=\"yes\" data-elementor-lightbox-slideshow=\"54280a0\" data-elementor-lightbox-title=\"ultrassom veterinario fm5v\" data-e-action-hash=\"#elementor-action%3Aaction%3Dlightbox%26settings%3DeyJpZCI6NDg1NiwidXJsIjoiaHR0cHM6XC9cL3d3dy5mb3JtZWRpY2FsLmNvbS5iclwvbm92b1wvd3AtY29udGVudFwvdXBsb2Fkc1wvMjAyMlwvMDdcL2ZtNXYtdG9wby5wbmciLCJzbGlkZXNob3ciOiI1NDI4MGEwIn0%3D\" href='https:\/\/www.formedical.com.br\/novo\/wp-content\/uploads\/2022\/07\/fm5v-topo.png'><img loading=\"lazy\" decoding=\"async\" width=\"150\" height=\"150\" src=\"https:\/\/www.formedical.com.br\/novo\/wp-content\/uploads\/2022\/07\/fm5v-topo-150x150.png\" class=\"attachment-thumbnail size-thumbnail\" alt=\"ultrassom veterinario fm5v\" \/><\/a>\n\t\t\t<\/dt><\/dl><br style=\"clear: both\" \/>\n\t\t<\/div>\n\t\t<\/div>\n\t\t\t\t\t\t<\/div>\n\t\t\t\t<\/div>\n\t\t\t\t<div class=\"elementor-element elementor-element-615204b elementor-widget elementor-widget-html\" data-id=\"615204b\" data-element_type=\"widget\" data-e-type=\"widget\" data-widget_type=\"html.default\">\n\t\t\t\t<div class=\"elementor-widget-container\">\n\t\t\t\t\t<a onclick=\"return gtag_report_conversion('https:\/\/www.formedical.com.br\/chamado\/atendimento-formedical-ultrassom-veterinario.html');\" href=\"https:\/\/www.formedical.com.br\/chamado\/atendimento-formedical-ultrassom-veterinario.html\"><img decoding=\"async\" src=\"https:\/\/www.formedical.com.br\/novo\/wp-content\/uploads\/2020\/02\/atendimento-online-ultrassom-veterinario-formedical.png\" title=\"Atendimento Online - WhatsApp\"><\/a>\t\t\t\t<\/div>\n\t\t\t\t<\/div>\n\t\t\t\t<div class=\"elementor-element elementor-element-80908f8 elementor-widget elementor-widget-heading\" data-id=\"80908f8\" data-element_type=\"widget\" data-e-type=\"widget\" data-widget_type=\"heading.default\">\n\t\t\t\t<div class=\"elementor-widget-container\">\n\t\t\t\t\t<h2 class=\"elementor-heading-title elementor-size-default\">Solicite um Or\u00e7amento<\/h2>\t\t\t\t<\/div>\n\t\t\t\t<\/div>\n\t\t\t\t<div class=\"elementor-element elementor-element-2f60d74 elementor-widget elementor-widget-shortcode\" data-id=\"2f60d74\" data-element_type=\"widget\" data-e-type=\"widget\" data-widget_type=\"shortcode.default\">\n\t\t\t\t<div class=\"elementor-widget-container\">\n\t\t\t\t\t\t\t<div class=\"elementor-shortcode\"><p class=\"wpcf7-contact-form-not-found\"><strong>Erro:<\/strong> Formul\u00e1rio de contato n\u00e3o encontrado.<\/p><\/div>\n\t\t\t\t\t\t<\/div>\n\t\t\t\t<\/div>\n\t\t\t\t\t<\/div>\n\t\t<\/div>\n\t\t\t\t<div class=\"elementor-column elementor-col-50 elementor-inner-column elementor-element elementor-element-9ad5082\" data-id=\"9ad5082\" data-element_type=\"column\" data-e-type=\"column\">\n\t\t\t<div class=\"elementor-widget-wrap elementor-element-populated\">\n\t\t\t\t\t\t<div class=\"elementor-element elementor-element-8de7941 elementor-widget elementor-widget-heading\" data-id=\"8de7941\" data-element_type=\"widget\" data-e-type=\"widget\" data-widget_type=\"heading.default\">\n\t\t\t\t<div class=\"elementor-widget-container\">\n\t\t\t\t\t<h2 class=\"elementor-heading-title elementor-size-default\">Ultrassom Veterin\u00e1rio FM5v<\/h2>\t\t\t\t<\/div>\n\t\t\t\t<\/div>\n\t\t\t\t<div class=\"elementor-element elementor-element-90f8e52 elementor-widget elementor-widget-text-editor\" data-id=\"90f8e52\" data-element_type=\"widget\" data-e-type=\"widget\" data-widget_type=\"text-editor.default\">\n\t\t\t\t<div class=\"elementor-widget-container\">\n\t\t\t\t\t\t\t\t\t<p><strong>Indicado para\u00a0<\/strong><b>Diagn\u00f3stico de Gesta\u00e7\u00e3o, Sexagem,\u00a0 Avalia\u00e7\u00e3o de Ov\u00e1rio, \u00datero e Corpo L\u00fateo.<\/b><\/p><p>:: Monitor de 10 polegadas;<br \/><span style=\"font-size: 18px; color: var( --e-global-color-text ); font-family: var( --e-global-typography-text-font-family ), Sans-serif; font-weight: var( --e-global-typography-text-font-weight );\">:: Peso: 5,5 Kg;<br \/><\/span><span style=\"font-size: 18px; color: var( --e-global-color-text ); font-family: var( --e-global-typography-text-font-family ), Sans-serif; font-weight: var( --e-global-typography-text-font-weight );\">:: Bivolts autom\u00e1tico;<br \/><\/span><span style=\"font-size: 18px; color: var( --e-global-color-text ); font-family: var( --e-global-typography-text-font-family ), Sans-serif; font-weight: var( --e-global-typography-text-font-weight );\">:: Transdutores multifrequ\u00eanciais;<br \/><\/span><span style=\"font-size: 18px; color: var( --e-global-color-text ); font-family: var( --e-global-typography-text-font-family ), Sans-serif; font-weight: var( --e-global-typography-text-font-weight );\">:: THI em todos os transdutores;<br \/><\/span><span style=\"font-size: 18px; color: var( --e-global-color-text ); font-family: var( --e-global-typography-text-font-family ), Sans-serif; font-weight: var( --e-global-typography-text-font-weight );\">:: Zoom: est\u00e1tico e din\u00e2mico (em tempo real);<br \/><\/span><span style=\"font-size: 18px; color: var( --e-global-color-text ); font-family: var( --e-global-typography-text-font-family ), Sans-serif; font-weight: var( --e-global-typography-text-font-weight );\">:: Cine-loop: \u2265400 quadros;<br \/><\/span><span style=\"font-size: 18px; color: var( --e-global-color-text ); font-family: var( --e-global-typography-text-font-family ), Sans-serif; font-weight: var( --e-global-typography-text-font-weight );\">:: Armazenamento interno de 64 imagens;<br \/><\/span><span style=\"font-size: 18px; color: var( --e-global-color-text ); font-family: var( --e-global-typography-text-font-family ), Sans-serif; font-weight: var( --e-global-typography-text-font-weight );\">:: Modo de exibi\u00e7\u00e3o: B, B + B, B + M,\u00a0 M;<br \/><\/span><span style=\"font-size: 18px; color: var( --e-global-color-text ); font-family: var( --e-global-typography-text-font-family ), Sans-serif; font-weight: var( --e-global-typography-text-font-weight );\">:: Ajuste TGC: 8 niveis campo pr\u00f3ximo, campo distante, ajuste independente de ganho total;<br \/><\/span><span style=\"font-size: 18px; color: var( --e-global-color-text ); font-family: var( --e-global-typography-text-font-family ), Sans-serif; font-weight: var( --e-global-typography-text-font-weight );\">:: Controle de foco: N\u00famero de foco, dist\u00e2ncia de foco, ajuste de posi\u00e7\u00e3o de foco;<\/span><\/p><p><strong>Transdutores:<\/strong> Linear Retal<\/p>\t\t\t\t\t\t\t\t<\/div>\n\t\t\t\t<\/div>\n\t\t\t\t<div class=\"elementor-element elementor-element-1c11d8c elementor-widget elementor-widget-video\" data-id=\"1c11d8c\" data-element_type=\"widget\" data-e-type=\"widget\" data-settings=\"{&quot;youtube_url&quot;:&quot;https:\\\/\\\/youtu.be\\\/t2MTuTBjqNI&quot;,&quot;video_type&quot;:&quot;youtube&quot;,&quot;controls&quot;:&quot;yes&quot;}\" data-widget_type=\"video.default\">\n\t\t\t\t<div class=\"elementor-widget-container\">\n\t\t\t\t\t\t\t<div class=\"elementor-wrapper elementor-open-inline\">\n\t\t\t<div class=\"elementor-video\"><\/div>\t\t<\/div>\n\t\t\t\t\t\t<\/div>\n\t\t\t\t<\/div>\n\t\t\t\t<div class=\"elementor-element elementor-element-afa8635 elementor-widget elementor-widget-text-editor\" data-id=\"afa8635\" data-element_type=\"widget\" data-e-type=\"widget\" data-widget_type=\"text-editor.default\">\n\t\t\t\t<div class=\"elementor-widget-container\">\n\t\t\t\t\t\t\t\t\t<p><span style=\"font-size: 18px; color: var( --e-global-color-text ); font-family: var( --e-global-typography-text-font-family ), Sans-serif; font-weight: var( --e-global-typography-text-font-weight );\">Dicas, Informa\u00e7\u00f5es e Tutoriais se Inscreva em nosso <strong>Canal no Youtube!<\/strong><\/span><\/p>\t\t\t\t\t\t\t\t<\/div>\n\t\t\t\t<\/div>\n\t\t\t\t<div class=\"elementor-element elementor-element-9317ddb elementor-align-center elementor-widget elementor-widget-button\" data-id=\"9317ddb\" data-element_type=\"widget\" data-e-type=\"widget\" data-widget_type=\"button.default\">\n\t\t\t\t<div class=\"elementor-widget-container\">\n\t\t\t\t\t\t\t\t\t<div class=\"elementor-button-wrapper\">\n\t\t\t\t\t<a class=\"elementor-button elementor-button-link elementor-size-sm\" href=\"https:\/\/www.youtube.com\/channel\/UCVIciyHP5IH2QFFnJIpkbNw\">\n\t\t\t\t\t\t<span class=\"elementor-button-content-wrapper\">\n\t\t\t\t\t\t<span class=\"elementor-button-icon\">\n\t\t\t\t<i aria-hidden=\"true\" class=\"fab fa-youtube\"><\/i>\t\t\t<\/span>\n\t\t\t\t\t\t\t\t\t<span class=\"elementor-button-text\">Inscreva-se!<\/span>\n\t\t\t\t\t<\/span>\n\t\t\t\t\t<\/a>\n\t\t\t\t<\/div>\n\t\t\t\t\t\t\t\t<\/div>\n\t\t\t\t<\/div>\n\t\t\t\t<div class=\"elementor-element elementor-element-1547e16 elementor-widget elementor-widget-text-editor\" data-id=\"1547e16\" data-element_type=\"widget\" data-e-type=\"widget\" data-widget_type=\"text-editor.default\">\n\t\t\t\t<div class=\"elementor-widget-container\">\n\t\t\t\t\t\t\t\t\t<p>Al\u00e9m de toda a<strong> Qualidade e Portabilidade<\/strong> do equipamento, a For Medical garante o <strong>Suporte e Assist\u00eancia<\/strong> para sua aquisi\u00e7\u00e3o ser mais<strong> Segura e Tranquila.<\/strong><\/p>\t\t\t\t\t\t\t\t<\/div>\n\t\t\t\t<\/div>\n\t\t\t\t\t<\/div>\n\t\t<\/div>\n\t\t\t\t\t<\/div>\n\t\t<\/section>\n\t\t\t\t\t<\/div>\n\t\t<\/div>\n\t\t\t\t\t<\/div>\n\t\t<\/section>\n\t\t\t\t<\/div>\n\t\t","protected":false},"excerpt":{"rendered":"<p>Solicite um Or\u00e7amento Ultrassom Veterin\u00e1rio FM5v Indicado para\u00a0Diagn\u00f3stico de Gesta\u00e7\u00e3o, Sexagem,\u00a0 Avalia\u00e7\u00e3o de Ov\u00e1rio, \u00datero e Corpo L\u00fateo. :: Monitor de 10 polegadas;:: Peso: 5,5 Kg;:: Bivolts autom\u00e1tico;:: Transdutores multifrequ\u00eanciais;:: THI em todos os transdutores;:: Zoom: est\u00e1tico e din\u00e2mico (em tempo real);:: Cine-loop: \u2265400 quadros;:: Armazenamento interno de 64 imagens;:: Modo de exibi\u00e7\u00e3o: B, B&hellip; <br \/> <a class=\"button small blue\" href=\"https:\/\/www.formedical.com.br\/novo\/ultrassom-veterinario-ultra-portatil-dm5v\/\">Leia mais<\/a><\/p>\n","protected":false},"author":1,"featured_media":0,"parent":0,"menu_order":0,"comment_status":"closed","ping_status":"closed","template":"","meta":{"footnotes":""},"class_list":["post-1831","page","type-page","status-publish","hentry"],"aioseo_notices":[],"_links":{"self":[{"href":"https:\/\/www.formedical.com.br\/novo\/wp-json\/wp\/v2\/pages\/1831","targetHints":{"allow":["GET"]}}],"collection":[{"href":"https:\/\/www.formedical.com.br\/novo\/wp-json\/wp\/v2\/pages"}],"about":[{"href":"https:\/\/www.formedical.com.br\/novo\/wp-json\/wp\/v2\/types\/page"}],"author":[{"embeddable":true,"href":"https:\/\/www.formedical.com.br\/novo\/wp-json\/wp\/v2\/users\/1"}],"replies":[{"embeddable":true,"href":"https:\/\/www.formedical.com.br\/novo\/wp-json\/wp\/v2\/comments?post=1831"}],"version-history":[{"count":123,"href":"https:\/\/www.formedical.com.br\/novo\/wp-json\/wp\/v2\/pages\/1831\/revisions"}],"predecessor-version":[{"id":5935,"href":"https:\/\/www.formedical.com.br\/novo\/wp-json\/wp\/v2\/pages\/1831\/revisions\/5935"}],"wp:attachment":[{"href":"https:\/\/www.formedical.com.br\/novo\/wp-json\/wp\/v2\/media?parent=1831"}],"curies":[{"name":"wp","href":"https:\/\/api.w.org\/{rel}","templated":true}]}}