{"id":2386,"date":"2019-01-11T09:06:38","date_gmt":"2019-01-11T11:06:38","guid":{"rendered":"https:\/\/www.formedical.com.br\/novo\/?page_id=2386"},"modified":"2023-08-01T18:07:47","modified_gmt":"2023-08-01T21:07:47","slug":"ultrassom-veterinario-portatil-dm10v","status":"publish","type":"page","link":"https:\/\/www.formedical.com.br\/novo\/ultrassom-veterinario-portatil-dm10v\/","title":{"rendered":"Ultrassom Veterin\u00e1rio Port\u00e1til DM10v Pr\u00f3"},"content":{"rendered":"\t\t<div data-elementor-type=\"wp-page\" data-elementor-id=\"2386\" class=\"elementor elementor-2386\">\n\t\t\t\t\t\t<section class=\"elementor-section elementor-top-section elementor-element elementor-element-f1dc5f7 elementor-section-boxed elementor-section-height-default elementor-section-height-default\" data-id=\"f1dc5f7\" data-element_type=\"section\" data-e-type=\"section\">\n\t\t\t\t\t\t<div class=\"elementor-container elementor-column-gap-default\">\n\t\t\t\t\t<div class=\"elementor-column elementor-col-100 elementor-top-column elementor-element elementor-element-499da81\" data-id=\"499da81\" data-element_type=\"column\" data-e-type=\"column\">\n\t\t\t<div class=\"elementor-widget-wrap elementor-element-populated\">\n\t\t\t\t\t\t<section class=\"elementor-section elementor-inner-section elementor-element elementor-element-d585cad elementor-section-boxed elementor-section-height-default elementor-section-height-default\" data-id=\"d585cad\" data-element_type=\"section\" data-e-type=\"section\">\n\t\t\t\t\t\t<div class=\"elementor-container elementor-column-gap-default\">\n\t\t\t\t\t<div class=\"elementor-column elementor-col-50 elementor-inner-column elementor-element elementor-element-7373dfd\" data-id=\"7373dfd\" data-element_type=\"column\" data-e-type=\"column\">\n\t\t\t<div class=\"elementor-widget-wrap elementor-element-populated\">\n\t\t\t\t\t\t<div class=\"elementor-element elementor-element-613306f elementor-widget elementor-widget-image\" data-id=\"613306f\" data-element_type=\"widget\" data-e-type=\"widget\" data-widget_type=\"image.default\">\n\t\t\t\t<div class=\"elementor-widget-container\">\n\t\t\t\t\t\t\t\t\t\t\t\t\t\t\t<img fetchpriority=\"high\" decoding=\"async\" width=\"360\" height=\"397\" src=\"https:\/\/www.formedical.com.br\/novo\/wp-content\/uploads\/2023\/08\/kit-ultrassom-veterinario-dm10vpro2.jpg\" class=\"attachment-large size-large wp-image-5440\" alt=\"\" srcset=\"https:\/\/www.formedical.com.br\/novo\/wp-content\/uploads\/2023\/08\/kit-ultrassom-veterinario-dm10vpro2.jpg 360w, https:\/\/www.formedical.com.br\/novo\/wp-content\/uploads\/2023\/08\/kit-ultrassom-veterinario-dm10vpro2-272x300.jpg 272w\" sizes=\"(max-width: 360px) 100vw, 360px\" \/>\t\t\t\t\t\t\t\t\t\t\t\t\t\t\t<\/div>\n\t\t\t\t<\/div>\n\t\t\t\t<div class=\"elementor-element elementor-element-471f8e4 elementor-widget elementor-widget-image-gallery\" data-id=\"471f8e4\" data-element_type=\"widget\" data-e-type=\"widget\" data-widget_type=\"image-gallery.default\">\n\t\t\t\t<div class=\"elementor-widget-container\">\n\t\t\t\t\t\t\t<div class=\"elementor-image-gallery\">\n\t\t\t\n\t\t<style type=\"text\/css\">\n\t\t\t#gallery-1 {\n\t\t\t\tmargin: auto;\n\t\t\t}\n\t\t\t#gallery-1 .gallery-item {\n\t\t\t\tfloat: left;\n\t\t\t\tmargin-top: 10px;\n\t\t\t\ttext-align: center;\n\t\t\t\twidth: 25%;\n\t\t\t}\n\t\t\t#gallery-1 img {\n\t\t\t\tborder: 2px solid #cfcfcf;\n\t\t\t}\n\t\t\t#gallery-1 .gallery-caption {\n\t\t\t\tmargin-left: 0;\n\t\t\t}\n\t\t\t\/* see gallery_shortcode() in wp-includes\/media.php *\/\n\t\t<\/style>\n\t\t<div id='gallery-1' class='gallery galleryid-2386 gallery-columns-4 gallery-size-thumbnail'><dl class='gallery-item'>\n\t\t\t<dt class='gallery-icon landscape'>\n\t\t\t\t<a data-elementor-open-lightbox=\"yes\" data-elementor-lightbox-slideshow=\"471f8e4\" data-elementor-lightbox-title=\"ultrassom-veterinario-dm10vpro-thumb\" data-e-action-hash=\"#elementor-action%3Aaction%3Dlightbox%26settings%3DeyJpZCI6NDAzNCwidXJsIjoiaHR0cHM6XC9cL3d3dy5mb3JtZWRpY2FsLmNvbS5iclwvbm92b1wvd3AtY29udGVudFwvdXBsb2Fkc1wvMjAyMVwvMDlcL3VsdHJhc3NvbS12ZXRlcmluYXJpby1kbTEwdnByby10aHVtYi5qcGciLCJzbGlkZXNob3ciOiI0NzFmOGU0In0%3D\" href='https:\/\/www.formedical.com.br\/novo\/wp-content\/uploads\/2021\/09\/ultrassom-veterinario-dm10vpro-thumb.jpg'><img decoding=\"async\" width=\"150\" height=\"150\" src=\"https:\/\/www.formedical.com.br\/novo\/wp-content\/uploads\/2021\/09\/ultrassom-veterinario-dm10vpro-thumb-150x150.jpg\" class=\"attachment-thumbnail size-thumbnail\" alt=\"Ultrassom Veterin\u00e1rio Port\u00e1til DM10v Pro\" srcset=\"https:\/\/www.formedical.com.br\/novo\/wp-content\/uploads\/2021\/09\/ultrassom-veterinario-dm10vpro-thumb-150x150.jpg 150w, https:\/\/www.formedical.com.br\/novo\/wp-content\/uploads\/2021\/09\/ultrassom-veterinario-dm10vpro-thumb.jpg 300w\" sizes=\"(max-width: 150px) 100vw, 150px\" \/><\/a>\n\t\t\t<\/dt><\/dl><dl class='gallery-item'>\n\t\t\t<dt class='gallery-icon landscape'>\n\t\t\t\t<a data-elementor-open-lightbox=\"yes\" data-elementor-lightbox-slideshow=\"471f8e4\" data-elementor-lightbox-title=\"ultrassom-veterinario-dm10v\" data-e-action-hash=\"#elementor-action%3Aaction%3Dlightbox%26settings%3DeyJpZCI6MjMxNiwidXJsIjoiaHR0cHM6XC9cL3d3dy5mb3JtZWRpY2FsLmNvbS5iclwvbm92b1wvd3AtY29udGVudFwvdXBsb2Fkc1wvMjAxOVwvMDFcL3VsdHJhc3NvbS12ZXRlcmluYXJpby1kbTEwdi5qcGciLCJzbGlkZXNob3ciOiI0NzFmOGU0In0%3D\" data-elementor-lightbox-description=\"Ultrassom Veterin\u00e1rio para Diagn\u00f3stico de Reprodu\u00e7\u00e3o e Aspira\u00e7\u00e3o Folicular em Bovinos DM10v\" href='https:\/\/www.formedical.com.br\/novo\/wp-content\/uploads\/2019\/01\/ultrassom-veterinario-dm10v.jpg'><img decoding=\"async\" width=\"150\" height=\"150\" src=\"https:\/\/www.formedical.com.br\/novo\/wp-content\/uploads\/2019\/01\/ultrassom-veterinario-dm10v-150x150.jpg\" class=\"attachment-thumbnail size-thumbnail\" alt=\"ultrassom veterin\u00e1rio dm10v\" srcset=\"https:\/\/www.formedical.com.br\/novo\/wp-content\/uploads\/2019\/01\/ultrassom-veterinario-dm10v-150x150.jpg 150w, https:\/\/www.formedical.com.br\/novo\/wp-content\/uploads\/2019\/01\/ultrassom-veterinario-dm10v-250x250.jpg 250w, https:\/\/www.formedical.com.br\/novo\/wp-content\/uploads\/2019\/01\/ultrassom-veterinario-dm10v-174x174.jpg 174w\" sizes=\"(max-width: 150px) 100vw, 150px\" \/><\/a>\n\t\t\t<\/dt><\/dl><dl class='gallery-item'>\n\t\t\t<dt class='gallery-icon landscape'>\n\t\t\t\t<a data-elementor-open-lightbox=\"yes\" data-elementor-lightbox-slideshow=\"471f8e4\" data-elementor-lightbox-title=\"frequencia-cardiaca\" data-e-action-hash=\"#elementor-action%3Aaction%3Dlightbox%26settings%3DeyJpZCI6NDIwMiwidXJsIjoiaHR0cHM6XC9cL3d3dy5mb3JtZWRpY2FsLmNvbS5iclwvbm92b1wvd3AtY29udGVudFwvdXBsb2Fkc1wvMjAyMVwvMTFcL2ZyZXF1ZW5jaWEtY2FyZGlhY2EuanBnIiwic2xpZGVzaG93IjoiNDcxZjhlNCJ9\" data-elementor-lightbox-description=\"Ultrassom Veterin\u00e1rio para Diagn\u00f3stico de Reprodu\u00e7\u00e3o e Aspira\u00e7\u00e3o Folicular em Bovinos DM10v\" href='https:\/\/www.formedical.com.br\/novo\/wp-content\/uploads\/2021\/11\/frequencia-cardiaca.jpg'><img loading=\"lazy\" decoding=\"async\" width=\"150\" height=\"150\" src=\"https:\/\/www.formedical.com.br\/novo\/wp-content\/uploads\/2021\/11\/frequencia-cardiaca-150x150.jpg\" class=\"attachment-thumbnail size-thumbnail\" alt=\"\" srcset=\"https:\/\/www.formedical.com.br\/novo\/wp-content\/uploads\/2021\/11\/frequencia-cardiaca-150x150.jpg 150w, https:\/\/www.formedical.com.br\/novo\/wp-content\/uploads\/2021\/11\/frequencia-cardiaca.jpg 250w\" sizes=\"(max-width: 150px) 100vw, 150px\" \/><\/a>\n\t\t\t<\/dt><\/dl><dl class='gallery-item'>\n\t\t\t<dt class='gallery-icon portrait'>\n\t\t\t\t<a data-elementor-open-lightbox=\"yes\" data-elementor-lightbox-slideshow=\"471f8e4\" data-elementor-lightbox-title=\"kit-ultrassom-veterinario-dm10vpro\" data-e-action-hash=\"#elementor-action%3Aaction%3Dlightbox%26settings%3DeyJpZCI6NDIwNCwidXJsIjoiaHR0cHM6XC9cL3d3dy5mb3JtZWRpY2FsLmNvbS5iclwvbm92b1wvd3AtY29udGVudFwvdXBsb2Fkc1wvMjAyMVwvMTFcL2tpdC11bHRyYXNzb20tdmV0ZXJpbmFyaW8tZG0xMHZwcm8uanBnIiwic2xpZGVzaG93IjoiNDcxZjhlNCJ9\" data-elementor-lightbox-description=\"Ultrassom Veterin\u00e1rio para Diagn\u00f3stico de Reprodu\u00e7\u00e3o e Aspira\u00e7\u00e3o Folicular em Bovinos DM10v\" href='https:\/\/www.formedical.com.br\/novo\/wp-content\/uploads\/2021\/11\/kit-ultrassom-veterinario-dm10vpro.jpg'><img loading=\"lazy\" decoding=\"async\" width=\"150\" height=\"150\" src=\"https:\/\/www.formedical.com.br\/novo\/wp-content\/uploads\/2021\/11\/kit-ultrassom-veterinario-dm10vpro-150x150.jpg\" class=\"attachment-thumbnail size-thumbnail\" alt=\"\" \/><\/a>\n\t\t\t<\/dt><\/dl><br style=\"clear: both\" \/>\n\t\t<\/div>\n\t\t<\/div>\n\t\t\t\t\t\t<\/div>\n\t\t\t\t<\/div>\n\t\t\t\t<div class=\"elementor-element elementor-element-de9b72f elementor-widget elementor-widget-heading\" data-id=\"de9b72f\" data-element_type=\"widget\" data-e-type=\"widget\" data-widget_type=\"heading.default\">\n\t\t\t\t<div class=\"elementor-widget-container\">\n\t\t\t\t\t<span class=\"elementor-heading-title elementor-size-xl\">ENVIO IMEDIATO<\/span>\t\t\t\t<\/div>\n\t\t\t\t<\/div>\n\t\t\t\t<div class=\"elementor-element elementor-element-5ea721c elementor-widget elementor-widget-heading\" data-id=\"5ea721c\" data-element_type=\"widget\" data-e-type=\"widget\" data-widget_type=\"heading.default\">\n\t\t\t\t<div class=\"elementor-widget-container\">\n\t\t\t\t\t<h2 class=\"elementor-heading-title elementor-size-default\">SOLICITAR OR\u00c7AMENTO<\/h2>\t\t\t\t<\/div>\n\t\t\t\t<\/div>\n\t\t\t\t<div class=\"elementor-element elementor-element-ab19156 elementor-widget elementor-widget-shortcode\" data-id=\"ab19156\" data-element_type=\"widget\" data-e-type=\"widget\" data-widget_type=\"shortcode.default\">\n\t\t\t\t<div class=\"elementor-widget-container\">\n\t\t\t\t\t\t\t<div class=\"elementor-shortcode\"><p class=\"wpcf7-contact-form-not-found\"><strong>Erro:<\/strong> Formul\u00e1rio de contato n\u00e3o encontrado.<\/p><\/div>\n\t\t\t\t\t\t<\/div>\n\t\t\t\t<\/div>\n\t\t\t\t\t<\/div>\n\t\t<\/div>\n\t\t\t\t<div class=\"elementor-column elementor-col-50 elementor-inner-column elementor-element elementor-element-6cba779\" data-id=\"6cba779\" data-element_type=\"column\" data-e-type=\"column\">\n\t\t\t<div class=\"elementor-widget-wrap elementor-element-populated\">\n\t\t\t\t\t\t<div class=\"elementor-element elementor-element-f41a17c elementor-widget elementor-widget-heading\" data-id=\"f41a17c\" data-element_type=\"widget\" data-e-type=\"widget\" data-widget_type=\"heading.default\">\n\t\t\t\t<div class=\"elementor-widget-container\">\n\t\t\t\t\t<h2 class=\"elementor-heading-title elementor-size-default\">Ultrassom Veterin\u00e1rio DM10v Pro<\/h2>\t\t\t\t<\/div>\n\t\t\t\t<\/div>\n\t\t\t\t<div class=\"elementor-element elementor-element-58c2cc1 elementor-widget elementor-widget-text-editor\" data-id=\"58c2cc1\" data-element_type=\"widget\" data-e-type=\"widget\" data-widget_type=\"text-editor.default\">\n\t\t\t\t<div class=\"elementor-widget-container\">\n\t\t\t\t\t\t\t\t\t<p><strong>Tecnologia THI para uma Qualidade de Imagem Superior!<\/strong><\/p>\n<p><br \/>:: Port\u00e1til e leve, pesa apenas 6 kg;<br \/>:: Monitor LCD 12\u201d antirreflexo;<br \/>:: Teclado retroiluminado;<br \/>:: Bi-Volts 110v\/220v autom\u00e1tico;<br \/>:: Software veterin\u00e1rio em Portugu\u00eas<br \/>:: Tecnologia THI \u2013 em todos transdutores;<br \/>:: 1 ano de garantia;<br \/>:: Modos B, M, B\/B, B\/M, 4B e PW &#8211; Doppler Pulsado;<br \/>:: Salva e exporta imagens e clipes \u2013 Cine Loop;<br \/>:: Fun\u00e7\u00e3o Chroma: Filtro de imagem com varia\u00e7\u00f5es de cor, satura\u00e7\u00e3o e luminosidade;<br \/><br \/><\/p>\n<p><strong>Transdutores:<\/strong> Linear Retal, Linear, Convexa, Micro Convexa; Faixas de frequencias de 2,5 a 11MHz, entre lineares, convexos e microconvexos.<\/p>\t\t\t\t\t\t\t\t<\/div>\n\t\t\t\t<\/div>\n\t\t\t\t<div class=\"elementor-element elementor-element-cbc39a7 elementor-widget elementor-widget-html\" data-id=\"cbc39a7\" data-element_type=\"widget\" data-e-type=\"widget\" data-widget_type=\"html.default\">\n\t\t\t\t<div class=\"elementor-widget-container\">\n\t\t\t\t\t<a onclick=\"return gtag_report_conversion('https:\/\/www.formedical.com.br\/chamado\/atendimento-formedical-ultrassom-veterinario.html');\" href=\"https:\/\/www.formedical.com.br\/chamado\/atendimento-formedical-ultrassom-veterinario.html\"><img decoding=\"async\" src=\"https:\/\/www.formedical.com.br\/novo\/wp-content\/uploads\/2020\/02\/atendimento-online-ultrassom-veterinario-formedical.png\" title=\"Atendimento Online - WhatsApp\"><\/a>\t\t\t\t<\/div>\n\t\t\t\t<\/div>\n\t\t\t\t<div class=\"elementor-element elementor-element-6ae48c0 elementor-widget elementor-widget-video\" data-id=\"6ae48c0\" data-element_type=\"widget\" data-e-type=\"widget\" data-settings=\"{&quot;youtube_url&quot;:&quot;https:\\\/\\\/youtu.be\\\/caPL3-q-f-I&quot;,&quot;video_type&quot;:&quot;youtube&quot;,&quot;controls&quot;:&quot;yes&quot;}\" data-widget_type=\"video.default\">\n\t\t\t\t<div class=\"elementor-widget-container\">\n\t\t\t\t\t\t\t<div class=\"elementor-wrapper elementor-open-inline\">\n\t\t\t<div class=\"elementor-video\"><\/div>\t\t<\/div>\n\t\t\t\t\t\t<\/div>\n\t\t\t\t<\/div>\n\t\t\t\t<div class=\"elementor-element elementor-element-55a0872 elementor-widget elementor-widget-video\" data-id=\"55a0872\" data-element_type=\"widget\" data-e-type=\"widget\" data-settings=\"{&quot;youtube_url&quot;:&quot;https:\\\/\\\/youtu.be\\\/gQj8ZMx1PKI&quot;,&quot;video_type&quot;:&quot;youtube&quot;,&quot;controls&quot;:&quot;yes&quot;}\" data-widget_type=\"video.default\">\n\t\t\t\t<div class=\"elementor-widget-container\">\n\t\t\t\t\t\t\t<div class=\"elementor-wrapper elementor-open-inline\">\n\t\t\t<div class=\"elementor-video\"><\/div>\t\t<\/div>\n\t\t\t\t\t\t<\/div>\n\t\t\t\t<\/div>\n\t\t\t\t<div class=\"elementor-element elementor-element-04213ee elementor-widget elementor-widget-text-editor\" data-id=\"04213ee\" data-element_type=\"widget\" data-e-type=\"widget\" data-widget_type=\"text-editor.default\">\n\t\t\t\t<div class=\"elementor-widget-container\">\n\t\t\t\t\t\t\t\t\t<p><span style=\"font-size: 18px; color: var( --e-global-color-text ); font-family: var( --e-global-typography-text-font-family ), Sans-serif; font-weight: var( --e-global-typography-text-font-weight );\">Dicas, Informa\u00e7\u00f5es e Tutoriais se Inscreva em nosso <strong>Canal no Youtube!<\/strong><\/span><\/p>\t\t\t\t\t\t\t\t<\/div>\n\t\t\t\t<\/div>\n\t\t\t\t<div class=\"elementor-element elementor-element-bc4a03b elementor-align-center elementor-widget elementor-widget-button\" data-id=\"bc4a03b\" data-element_type=\"widget\" data-e-type=\"widget\" data-widget_type=\"button.default\">\n\t\t\t\t<div class=\"elementor-widget-container\">\n\t\t\t\t\t\t\t\t\t<div class=\"elementor-button-wrapper\">\n\t\t\t\t\t<a class=\"elementor-button elementor-button-link elementor-size-sm\" href=\"https:\/\/www.youtube.com\/channel\/UCVIciyHP5IH2QFFnJIpkbNw\">\n\t\t\t\t\t\t<span class=\"elementor-button-content-wrapper\">\n\t\t\t\t\t\t<span class=\"elementor-button-icon\">\n\t\t\t\t<i aria-hidden=\"true\" class=\"fab fa-youtube\"><\/i>\t\t\t<\/span>\n\t\t\t\t\t\t\t\t\t<span class=\"elementor-button-text\">Inscreva-se!<\/span>\n\t\t\t\t\t<\/span>\n\t\t\t\t\t<\/a>\n\t\t\t\t<\/div>\n\t\t\t\t\t\t\t\t<\/div>\n\t\t\t\t<\/div>\n\t\t\t\t<div class=\"elementor-element elementor-element-280f55b elementor-widget elementor-widget-text-editor\" data-id=\"280f55b\" data-element_type=\"widget\" data-e-type=\"widget\" data-widget_type=\"text-editor.default\">\n\t\t\t\t<div class=\"elementor-widget-container\">\n\t\t\t\t\t\t\t\t\t<p>Al\u00e9m de toda a<strong> Qualidade e Portabilidade<\/strong> do equipamento, a For Medical garante o <strong>Suporte e Assist\u00eancia<\/strong> para sua aquisi\u00e7\u00e3o ser mais<strong> Segura e Tranquila.<\/strong><\/p>\t\t\t\t\t\t\t\t<\/div>\n\t\t\t\t<\/div>\n\t\t\t\t\t<\/div>\n\t\t<\/div>\n\t\t\t\t\t<\/div>\n\t\t<\/section>\n\t\t\t\t\t<\/div>\n\t\t<\/div>\n\t\t\t\t\t<\/div>\n\t\t<\/section>\n\t\t\t\t<section class=\"elementor-section elementor-top-section elementor-element elementor-element-18370aa elementor-section-boxed elementor-section-height-default elementor-section-height-default\" data-id=\"18370aa\" data-element_type=\"section\" data-e-type=\"section\">\n\t\t\t\t\t\t<div class=\"elementor-container elementor-column-gap-default\">\n\t\t\t\t\t<div class=\"elementor-column elementor-col-100 elementor-top-column elementor-element elementor-element-dfd0e2d\" data-id=\"dfd0e2d\" data-element_type=\"column\" data-e-type=\"column\">\n\t\t\t<div class=\"elementor-widget-wrap elementor-element-populated\">\n\t\t\t\t\t\t<div class=\"elementor-element elementor-element-c6a8896 elementor-widget elementor-widget-heading\" data-id=\"c6a8896\" data-element_type=\"widget\" data-e-type=\"widget\" data-widget_type=\"heading.default\">\n\t\t\t\t<div class=\"elementor-widget-container\">\n\t\t\t\t\t<h4 class=\"elementor-heading-title elementor-size-default\">Voc\u00ea pode se interessar tamb\u00e9m por<\/h4>\t\t\t\t<\/div>\n\t\t\t\t<\/div>\n\t\t\t\t\t<\/div>\n\t\t<\/div>\n\t\t\t\t\t<\/div>\n\t\t<\/section>\n\t\t\t\t<section class=\"elementor-section elementor-top-section elementor-element elementor-element-162cf08 elementor-section-boxed elementor-section-height-default elementor-section-height-default\" data-id=\"162cf08\" data-element_type=\"section\" data-e-type=\"section\">\n\t\t\t\t\t\t<div class=\"elementor-container elementor-column-gap-default\">\n\t\t\t\t\t<div class=\"elementor-column elementor-col-100 elementor-top-column elementor-element elementor-element-e865d6d\" data-id=\"e865d6d\" data-element_type=\"column\" data-e-type=\"column\">\n\t\t\t<div class=\"elementor-widget-wrap elementor-element-populated\">\n\t\t\t\t\t\t<section class=\"elementor-section elementor-inner-section elementor-element elementor-element-b9f3448 elementor-section-boxed elementor-section-height-default elementor-section-height-default\" data-id=\"b9f3448\" data-element_type=\"section\" data-e-type=\"section\">\n\t\t\t\t\t\t<div class=\"elementor-container elementor-column-gap-default\">\n\t\t\t\t\t<div class=\"elementor-column elementor-col-20 elementor-inner-column elementor-element elementor-element-2424f4e\" data-id=\"2424f4e\" data-element_type=\"column\" data-e-type=\"column\">\n\t\t\t<div class=\"elementor-widget-wrap elementor-element-populated\">\n\t\t\t\t\t\t<div class=\"elementor-element elementor-element-85be523 elementor-widget elementor-widget-image\" data-id=\"85be523\" data-element_type=\"widget\" data-e-type=\"widget\" data-widget_type=\"image.default\">\n\t\t\t\t<div class=\"elementor-widget-container\">\n\t\t\t\t\t\t\t\t\t\t\t\t\t\t\t<img decoding=\"async\" src=\"https:\/\/www.formedical.com.br\/novo\/wp-content\/uploads\/elementor\/thumbs\/Sonoeye_Microconvexa-oyi8eog03bkw6wipvnawp3daexetm41ap6hbjqdedc.png\" title=\"Sonoeye_Microconvexa\" alt=\"ultrassom ultra portatil sonoeye\" loading=\"lazy\" \/>\t\t\t\t\t\t\t\t\t\t\t\t\t\t\t<\/div>\n\t\t\t\t<\/div>\n\t\t\t\t<div class=\"elementor-element elementor-element-196f937 elementor-widget elementor-widget-heading\" data-id=\"196f937\" data-element_type=\"widget\" data-e-type=\"widget\" data-widget_type=\"heading.default\">\n\t\t\t\t<div class=\"elementor-widget-container\">\n\t\t\t\t\t<h5 class=\"elementor-heading-title elementor-size-default\"><a href=\"https:\/\/www.formedical.com.br\/novo\/ultrassom-veterinario-sonoeye-handheld\/#page-content\">SonoEye Vet P7<\/a><\/h5>\t\t\t\t<\/div>\n\t\t\t\t<\/div>\n\t\t\t\t\t<\/div>\n\t\t<\/div>\n\t\t\t\t<div class=\"elementor-column elementor-col-20 elementor-inner-column elementor-element elementor-element-309fff5\" data-id=\"309fff5\" data-element_type=\"column\" data-e-type=\"column\">\n\t\t\t<div class=\"elementor-widget-wrap elementor-element-populated\">\n\t\t\t\t\t\t<div class=\"elementor-element elementor-element-87c0655 elementor-widget elementor-widget-image\" data-id=\"87c0655\" data-element_type=\"widget\" data-e-type=\"widget\" data-widget_type=\"image.default\">\n\t\t\t\t<div class=\"elementor-widget-container\">\n\t\t\t\t\t\t\t\t\t\t\t\t\t\t\t<img decoding=\"async\" src=\"https:\/\/www.formedical.com.br\/novo\/wp-content\/uploads\/elementor\/thumbs\/Ultrassom-Portatil_DM5v-o1psr4yx7t3r85manuynha5xnnhzau812ok6e2n18g.png\" title=\"ultrassom veterinario portatil dm5v\" alt=\"ultrassom portatil veterinario dm5v\" loading=\"lazy\" \/>\t\t\t\t\t\t\t\t\t\t\t\t\t\t\t<\/div>\n\t\t\t\t<\/div>\n\t\t\t\t<div class=\"elementor-element elementor-element-8175426 elementor-widget elementor-widget-heading\" data-id=\"8175426\" data-element_type=\"widget\" data-e-type=\"widget\" data-widget_type=\"heading.default\">\n\t\t\t\t<div class=\"elementor-widget-container\">\n\t\t\t\t\t<h5 class=\"elementor-heading-title elementor-size-default\"><a href=\"https:\/\/www.formedical.com.br\/novo\/ultrassom-veterinario-ultra-portatil-dm5v\/#page-content\">Ultrassom Veterin\u00e1rio B\/W - FM5v<\/a><\/h5>\t\t\t\t<\/div>\n\t\t\t\t<\/div>\n\t\t\t\t\t<\/div>\n\t\t<\/div>\n\t\t\t\t<div class=\"elementor-column elementor-col-20 elementor-inner-column elementor-element elementor-element-699e00d\" data-id=\"699e00d\" data-element_type=\"column\" data-e-type=\"column\">\n\t\t\t<div class=\"elementor-widget-wrap elementor-element-populated\">\n\t\t\t\t\t\t<div class=\"elementor-element elementor-element-66b6963 elementor-widget elementor-widget-image\" data-id=\"66b6963\" data-element_type=\"widget\" data-e-type=\"widget\" data-widget_type=\"image.default\">\n\t\t\t\t<div class=\"elementor-widget-container\">\n\t\t\t\t\t\t\t\t\t\t\t\t\t\t\t<img decoding=\"async\" src=\"https:\/\/www.formedical.com.br\/novo\/wp-content\/uploads\/elementor\/thumbs\/e1v_pdi-pv04c7f680u65jvmdhumthgszh2ygquave38qqrqbk.jpg\" title=\"Ultrassom Veterin\u00e1rio com PDI &#8211; E1v\" alt=\"Ultrassom Veterin\u00e1rio com PDI\" loading=\"lazy\" \/>\t\t\t\t\t\t\t\t\t\t\t\t\t\t\t<\/div>\n\t\t\t\t<\/div>\n\t\t\t\t<div class=\"elementor-element elementor-element-ed96543 elementor-widget elementor-widget-heading\" data-id=\"ed96543\" data-element_type=\"widget\" data-e-type=\"widget\" data-widget_type=\"heading.default\">\n\t\t\t\t<div class=\"elementor-widget-container\">\n\t\t\t\t\t<h5 class=\"elementor-heading-title elementor-size-default\"><a href=\"https:\/\/www.formedical.com.br\/novo\/ultrassom-veterinario-doppler-e1v\/\">Ultrassom Veterin\u00e1rio Doppler E1v<\/a><\/h5>\t\t\t\t<\/div>\n\t\t\t\t<\/div>\n\t\t\t\t\t<\/div>\n\t\t<\/div>\n\t\t\t\t<div class=\"elementor-column elementor-col-20 elementor-inner-column elementor-element elementor-element-f545508\" data-id=\"f545508\" data-element_type=\"column\" data-e-type=\"column\">\n\t\t\t<div class=\"elementor-widget-wrap elementor-element-populated\">\n\t\t\t\t\t\t<div class=\"elementor-element elementor-element-0613439 elementor-widget elementor-widget-image\" data-id=\"0613439\" data-element_type=\"widget\" data-e-type=\"widget\" data-widget_type=\"image.default\">\n\t\t\t\t<div class=\"elementor-widget-container\">\n\t\t\t\t\t\t\t\t\t\t\t\t\t\t\t<img decoding=\"async\" src=\"https:\/\/www.formedical.com.br\/novo\/wp-content\/uploads\/elementor\/thumbs\/E2V-2-1-300x270-odymzavftaafejl1glog1lyvgjp7w5fiqjklykoc8w.png\" title=\"Ultrassom Colorido Doppler E2v\" alt=\"Ultrassom Colorido Doppler E2v\" loading=\"lazy\" \/>\t\t\t\t\t\t\t\t\t\t\t\t\t\t\t<\/div>\n\t\t\t\t<\/div>\n\t\t\t\t<div class=\"elementor-element elementor-element-a07ff4a elementor-widget elementor-widget-heading\" data-id=\"a07ff4a\" data-element_type=\"widget\" data-e-type=\"widget\" data-widget_type=\"heading.default\">\n\t\t\t\t<div class=\"elementor-widget-container\">\n\t\t\t\t\t<h5 class=\"elementor-heading-title elementor-size-default\"><a href=\"https:\/\/www.formedical.com.br\/novo\/ultrassom-veterinario-color-doppler-e2v\/#page-content\">Ultrassom Veterin\u00e1rio Color Doppler - E2v<\/a><\/h5>\t\t\t\t<\/div>\n\t\t\t\t<\/div>\n\t\t\t\t\t<\/div>\n\t\t<\/div>\n\t\t\t\t<div class=\"elementor-column elementor-col-20 elementor-inner-column elementor-element elementor-element-a60ac9f\" data-id=\"a60ac9f\" data-element_type=\"column\" data-e-type=\"column\">\n\t\t\t<div class=\"elementor-widget-wrap elementor-element-populated\">\n\t\t\t\t\t\t<div class=\"elementor-element elementor-element-076a346 elementor-widget elementor-widget-image\" data-id=\"076a346\" data-element_type=\"widget\" data-e-type=\"widget\" data-widget_type=\"image.default\">\n\t\t\t\t<div class=\"elementor-widget-container\">\n\t\t\t\t\t\t\t\t\t\t\t\t\t\t\t<img decoding=\"async\" src=\"https:\/\/www.formedical.com.br\/novo\/wp-content\/uploads\/elementor\/thumbs\/dm7v-thumb-o1t65rwti66dqj0w7lbbuv7z7j6ncyclnbtcp49340.jpg\" title=\"dm7v-thumb\" alt=\"ultrassom para diagn\u00f3stico de reprodu\u00e7\u00e3o dm7v\" loading=\"lazy\" \/>\t\t\t\t\t\t\t\t\t\t\t\t\t\t\t<\/div>\n\t\t\t\t<\/div>\n\t\t\t\t<div class=\"elementor-element elementor-element-037be74 elementor-widget elementor-widget-heading\" data-id=\"037be74\" data-element_type=\"widget\" data-e-type=\"widget\" data-widget_type=\"heading.default\">\n\t\t\t\t<div class=\"elementor-widget-container\">\n\t\t\t\t\t<h5 class=\"elementor-heading-title elementor-size-default\"><a href=\"https:\/\/www.formedical.com.br\/novo\/ultrassom-ultra-portatil-fm7v\/\"> <br \/> Ultrassom Veterin\u00e1rio Ultra Port\u00e1til  - FM7v<\/a><\/h5>\t\t\t\t<\/div>\n\t\t\t\t<\/div>\n\t\t\t\t\t<\/div>\n\t\t<\/div>\n\t\t\t\t\t<\/div>\n\t\t<\/section>\n\t\t\t\t\t<\/div>\n\t\t<\/div>\n\t\t\t\t\t<\/div>\n\t\t<\/section>\n\t\t\t\t<\/div>\n\t\t","protected":false},"excerpt":{"rendered":"<p>ENVIO IMEDIATO SOLICITAR OR\u00c7AMENTO Ultrassom Veterin\u00e1rio DM10v Pro Tecnologia THI para uma Qualidade de Imagem Superior! :: Port\u00e1til e leve, pesa apenas 6 kg;:: Monitor LCD 12\u201d antirreflexo;:: Teclado retroiluminado;:: Bi-Volts 110v\/220v autom\u00e1tico;:: Software veterin\u00e1rio em Portugu\u00eas:: Tecnologia THI \u2013 em todos transdutores;:: 1 ano de garantia;:: Modos B, M, B\/B, B\/M, 4B e PW&hellip; <br \/> <a class=\"button small blue\" href=\"https:\/\/www.formedical.com.br\/novo\/ultrassom-veterinario-portatil-dm10v\/\">Leia mais<\/a><\/p>\n","protected":false},"author":1,"featured_media":0,"parent":0,"menu_order":0,"comment_status":"closed","ping_status":"closed","template":"","meta":{"footnotes":""},"class_list":["post-2386","page","type-page","status-publish","hentry"],"aioseo_notices":[],"_links":{"self":[{"href":"https:\/\/www.formedical.com.br\/novo\/wp-json\/wp\/v2\/pages\/2386","targetHints":{"allow":["GET"]}}],"collection":[{"href":"https:\/\/www.formedical.com.br\/novo\/wp-json\/wp\/v2\/pages"}],"about":[{"href":"https:\/\/www.formedical.com.br\/novo\/wp-json\/wp\/v2\/types\/page"}],"author":[{"embeddable":true,"href":"https:\/\/www.formedical.com.br\/novo\/wp-json\/wp\/v2\/users\/1"}],"replies":[{"embeddable":true,"href":"https:\/\/www.formedical.com.br\/novo\/wp-json\/wp\/v2\/comments?post=2386"}],"version-history":[{"count":107,"href":"https:\/\/www.formedical.com.br\/novo\/wp-json\/wp\/v2\/pages\/2386\/revisions"}],"predecessor-version":[{"id":5443,"href":"https:\/\/www.formedical.com.br\/novo\/wp-json\/wp\/v2\/pages\/2386\/revisions\/5443"}],"wp:attachment":[{"href":"https:\/\/www.formedical.com.br\/novo\/wp-json\/wp\/v2\/media?parent=2386"}],"curies":[{"name":"wp","href":"https:\/\/api.w.org\/{rel}","templated":true}]}}