{"id":318,"date":"2017-06-05T16:03:38","date_gmt":"2017-06-05T19:03:38","guid":{"rendered":"https:\/\/www.formedical.com.br\/novo\/?page_id=318"},"modified":"2023-07-26T14:42:22","modified_gmt":"2023-07-26T17:42:22","slug":"simuladores-contec","status":"publish","type":"page","link":"https:\/\/www.formedical.com.br\/novo\/simuladores-contec\/","title":{"rendered":"Simuladores Contec"},"content":{"rendered":"\n<hr class=\"wp-block-separator has-alpha-channel-opacity\"\/>\n\n\n<p><img fetchpriority=\"high\" decoding=\"async\" class=\"wp-image-5420  aligncenter\" title=\"Simuladores de Oximetria, Multiparametricos e Press\u00e3o N\u00e3o Invasiva\" src=\"https:\/\/www.formedical.com.br\/novo\/wp-content\/uploads\/2023\/07\/simuladores-oximetria-nao-invasiva-multiparametricos-contec-300x63.jpg\" alt=\"\" width=\"843\" height=\"177\" srcset=\"https:\/\/www.formedical.com.br\/novo\/wp-content\/uploads\/2023\/07\/simuladores-oximetria-nao-invasiva-multiparametricos-contec-300x63.jpg 300w, https:\/\/www.formedical.com.br\/novo\/wp-content\/uploads\/2023\/07\/simuladores-oximetria-nao-invasiva-multiparametricos-contec-768x162.jpg 768w, https:\/\/www.formedical.com.br\/novo\/wp-content\/uploads\/2023\/07\/simuladores-oximetria-nao-invasiva-multiparametricos-contec.jpg 950w\" sizes=\"(max-width: 843px) 100vw, 843px\" \/><\/p>\n<p>Os simuladores da Contec possuem excelente custo x benef\u00edcio, proporcionando \u00e0s organiza\u00e7\u00f5es baixo investimento, qualidade e agilidade nos processos de calibra\u00e7\u00e3o do parque tecnol\u00f3gico, cumprindo as normas e diminuindo os riscos ao paciente.<\/p>\n<p>\u00a0<\/p>\n<p><strong><img decoding=\"async\" class=\"alignleft wp-image-320\" title=\"Simuladores de Oximetria, Multiparametricos e Press\u00e3o N\u00e3o Invasiva\" src=\"https:\/\/www.formedical.com.br\/novo\/wp-content\/uploads\/2017\/06\/ms100-sp02-simulador.png\" alt=\"Simulador de SPO2 port\u00e1til Contec\" width=\"336\" height=\"200\" srcset=\"https:\/\/www.formedical.com.br\/novo\/wp-content\/uploads\/2017\/06\/ms100-sp02-simulador.png 500w, https:\/\/www.formedical.com.br\/novo\/wp-content\/uploads\/2017\/06\/ms100-sp02-simulador-300x179.png 300w\" sizes=\"(max-width: 336px) 100vw, 336px\" \/>Simulador de Oximetria MS 100<\/strong><\/p>\n<p>O MS100 \u00e9 um simulador de SPO\u2082 port\u00e1til, com pequeno volume e peso.<\/p>\n<p>&#8211; Tela de LCD.<br \/>&#8211; Simula\u00e7\u00e3o de frequ\u00eancia de pulso.<br \/>&#8211; Simula\u00e7\u00e3o de satura\u00e7\u00e3o de oxig\u00eanio.<br \/>&#8211; Simula\u00e7\u00e3o de SPO\u2082 e frequ\u00eancia de pulso sob diferentes amplitudes.<br \/>&#8211; Testes de performance do dispositivo sob diferentes fontes de interfer\u00eancia.<br \/>&#8211; Sele\u00e7\u00e3o de diferentes curvas-R.<\/p>\n<hr \/>\n<div style=\"clear: both;\">\u00a0<\/div>\n<p style=\"text-align: left;\"><strong><img decoding=\"async\" class=\"wp-image-5417 size-medium alignright\" title=\"Simuladores de Oximetria, Multiparametricos e Press\u00e3o N\u00e3o Invasiva\" src=\"https:\/\/www.formedical.com.br\/novo\/wp-content\/uploads\/2023\/07\/ms200_new-300x271.jpg\" alt=\"\" width=\"300\" height=\"271\" srcset=\"https:\/\/www.formedical.com.br\/novo\/wp-content\/uploads\/2023\/07\/ms200_new-300x271.jpg 300w, https:\/\/www.formedical.com.br\/novo\/wp-content\/uploads\/2023\/07\/ms200_new.jpg 339w\" sizes=\"(max-width: 300px) 100vw, 300px\" \/>Simulador de Press\u00e3o MS200<\/strong><\/p>\n<p style=\"text-align: left;\">O simulador MS200 \u00e9 de opera\u00e7\u00e3o simples, com bomba interna que pode gerar press\u00f5es de at\u00e9 400 mmHg.<\/p>\n<p>Verifica de modo r\u00e1pido e preciso os <strong> Monitores de Press\u00e3o adulto e neonatal<\/strong> que utilizam o m\u00e9todo oscilom\u00e9trico de medi\u00e7\u00e3o.<\/p>\n<p>Permite a simula\u00e7\u00e3o de press\u00e3o arterial din\u00e2mica, calibra\u00e7\u00e3o est\u00e1tica, testes autom\u00e1ticos de vazamentos, determina\u00e7\u00e3o de acionamento de v\u00e1lvulas, tanto para valores de pico como para baixa press\u00e3o e teste de v\u00e1lvula de al\u00edvio de press\u00e3o.<\/p>\n<p>\u00a0Al\u00e9m da calibra\u00e7\u00e3o de Monitores de Press\u00e3o, \u00e9 poss\u00edvel tamb\u00e9m, calibrar <strong> Esfigmoman\u00f4metro<\/strong>.<\/p>\n<div style=\"clear: both;\">\u00a0<\/div>\n<hr \/>\n<p style=\"text-align: left;\"><strong><img loading=\"lazy\" decoding=\"async\" class=\"wp-image-5419 size-full alignright\" title=\"Simuladores de Oximetria, Multiparametricos e Press\u00e3o N\u00e3o Invasiva\" src=\"https:\/\/www.formedical.com.br\/novo\/wp-content\/uploads\/2023\/07\/ms400_new.jpg\" alt=\"\" width=\"261\" height=\"295\" \/>Simulador Multipar\u00e2metro MS400<\/strong><\/p>\n<p style=\"text-align: left;\">O simulador multipar\u00e2metro MS400 \u00e9 um dispositivo port\u00e1til, com pequeno volume e peso.<\/p>\n<p>Pode simular com precis\u00e3o 12 varia\u00e7\u00f5es de ECG, respira\u00e7\u00e3o, temperatura e IBP (2 ou 4 canais).<\/p>\n<p>Tela de 3.5\u201d de LCD, touch screen, com exibi\u00e7\u00e3o das diferentes formas de onda atrav\u00e9s do deslize da tela. Exibi\u00e7\u00e3o das formas de onda de ECG, respira\u00e7\u00e3o e IBP simultaneamente.<\/p>\n<p><i> Modos de opera\u00e7\u00e3o opcionais: teclas ou touch screen.<\/i><\/p>\n\n\n<hr class=\"wp-block-separator has-alpha-channel-opacity\"\/>\n\n\n\n<div class=\"wpcf7 no-js\" id=\"wpcf7-f2732-o1\" lang=\"pt-BR\" dir=\"ltr\" data-wpcf7-id=\"2732\">\n<div class=\"screen-reader-response\"><p role=\"status\" aria-live=\"polite\" aria-atomic=\"true\"><\/p> <ul><\/ul><\/div>\n<form action=\"\/novo\/wp-json\/wp\/v2\/pages\/318#wpcf7-f2732-o1\" method=\"post\" class=\"wpcf7-form init\" aria-label=\"Formul\u00e1rios de contato\" novalidate=\"novalidate\" data-status=\"init\">\n<fieldset class=\"hidden-fields-container\"><input type=\"hidden\" name=\"_wpcf7\" value=\"2732\" \/><input type=\"hidden\" name=\"_wpcf7_version\" value=\"6.1.5\" \/><input type=\"hidden\" name=\"_wpcf7_locale\" value=\"pt_BR\" \/><input type=\"hidden\" name=\"_wpcf7_unit_tag\" value=\"wpcf7-f2732-o1\" \/><input type=\"hidden\" name=\"_wpcf7_container_post\" value=\"0\" \/><input type=\"hidden\" name=\"_wpcf7_posted_data_hash\" value=\"\" \/>\n<\/fieldset>\n<p><label> Nome*<br \/>\n<span class=\"wpcf7-form-control-wrap\" data-name=\"your-name\"><input size=\"40\" maxlength=\"400\" class=\"wpcf7-form-control wpcf7-text wpcf7-validates-as-required\" aria-required=\"true\" aria-invalid=\"false\" value=\"\" type=\"text\" name=\"your-name\" \/><\/span> <\/label>\n<\/p>\n<p><label> Hospital \/ Empresa*<br \/>\n<span class=\"wpcf7-form-control-wrap\" data-name=\"your-hospital\"><input size=\"40\" maxlength=\"400\" class=\"wpcf7-form-control wpcf7-text wpcf7-validates-as-required\" aria-required=\"true\" aria-invalid=\"false\" value=\"\" type=\"text\" name=\"your-hospital\" \/><\/span> <\/label>\n<\/p>\n<p><label> E-mail*<br \/>\n<span class=\"wpcf7-form-control-wrap\" data-name=\"your-email\"><input size=\"40\" maxlength=\"400\" class=\"wpcf7-form-control wpcf7-email wpcf7-validates-as-required wpcf7-text wpcf7-validates-as-email\" aria-required=\"true\" aria-invalid=\"false\" value=\"\" type=\"email\" name=\"your-email\" \/><\/span> <\/label>\n<\/p>\n<p><label> Celular\/WhatsApp*<br \/>\n<span class=\"wpcf7-form-control-wrap celular-966\"><input type=\"tel\" value=\"\" name=\"celular-966\" class=\"wpcf7-form-control wpcf7-mask wpcf7-validates-as-required wpcf7mf-mask\" size=\"40\" aria-required=\"1\" aria-invalid=\"\" placeholder=\"(__) _____ - ____\" data-mask=\"(__) _____ - ____\" \/><\/span><i> (apenas n\u00fameros) <\/i><\/label>\n<\/p>\n<p><label> Telefone Fixo<br \/>\n<span class=\"wpcf7-form-control-wrap telefone-fixo\"><input type=\"tel\" value=\"\" name=\"telefone-fixo\" class=\"wpcf7-form-control wpcf7-mask wpcf7mf-mask\" size=\"40\" aria-required=\"\" aria-invalid=\"\" placeholder=\"(__) ____ - ____\" data-mask=\"(__) ____ - ____\" \/><\/span><i> (apenas n\u00fameros) <\/i><\/label>\n<\/p>\n<p><label> Cidade<br \/>\n<span class=\"wpcf7-form-control-wrap\" data-name=\"cidade-879\"><input size=\"40\" maxlength=\"400\" class=\"wpcf7-form-control wpcf7-text\" aria-invalid=\"false\" value=\"\" type=\"text\" name=\"cidade-879\" \/><\/span><\/label>\n<\/p>\n<p><label> UF*<br \/>\n<span class=\"wpcf7-form-control-wrap\" data-name=\"menu-80\"><select class=\"wpcf7-form-control wpcf7-select wpcf7-validates-as-required\" aria-required=\"true\" aria-invalid=\"false\" name=\"menu-80\"><option value=\"\">&#8212;Escolha uma op\u00e7\u00e3o&#8212;<\/option><option value=\"AC\">AC<\/option><option value=\"AL\">AL<\/option><option value=\"AP\">AP<\/option><option value=\"AC\">AC<\/option><option value=\"AM\">AM<\/option><option value=\"BA\">BA<\/option><option value=\"CE\">CE<\/option><option value=\"DF\">DF<\/option><option value=\"ES\">ES<\/option><option value=\"GO\">GO<\/option><option value=\"MA\">MA<\/option><option value=\"MT\">MT<\/option><option value=\"MS\">MS<\/option><option value=\"MG\">MG<\/option><option value=\"PR\">PR<\/option><option value=\"PB\">PB<\/option><option value=\"PA\">PA<\/option><option value=\"PE\">PE<\/option><option value=\"PI\">PI<\/option><option value=\"RJ\">RJ<\/option><option value=\"RN\">RN<\/option><option value=\"RS\">RS<\/option><option value=\"RO\">RO<\/option><option value=\"RR\">RR<\/option><option value=\"SC\">SC<\/option><option value=\"SE\">SE<\/option><option value=\"SP\">SP<\/option><option value=\"TO\">TO<\/option><\/select><\/span><\/label>\n<\/p>\n<p><label> Especialidade<br \/>\n<span class=\"wpcf7-form-control-wrap\" data-name=\"text-815\"><input size=\"40\" maxlength=\"400\" class=\"wpcf7-form-control wpcf7-text\" aria-invalid=\"false\" value=\"\" type=\"text\" name=\"text-815\" \/><\/span> <\/label>\n<\/p>\n<p><label> Selecione o(s) equipamento(s) que deseja receber uma cota\u00e7\u00e3o <\/label><br \/>\n<span class=\"wpcf7-form-control-wrap\" data-name=\"checkbox-equipamentos\"><span class=\"wpcf7-form-control wpcf7-checkbox wpcf7-validates-as-required\"><span class=\"wpcf7-list-item first\"><span class=\"wpcf7-list-item-label\">MS100<\/span><input type=\"checkbox\" name=\"checkbox-equipamentos[]\" value=\"MS100\" \/><\/span><span class=\"wpcf7-list-item\"><span class=\"wpcf7-list-item-label\">MS200<\/span><input type=\"checkbox\" name=\"checkbox-equipamentos[]\" value=\"MS200\" \/><\/span><span class=\"wpcf7-list-item last\"><span class=\"wpcf7-list-item-label\">MS400<\/span><input type=\"checkbox\" name=\"checkbox-equipamentos[]\" value=\"MS400\" \/><\/span><\/span><\/span>\n<\/p>\n<p><strong> AUTORIZA\u00c7\u00c3O DE USO DE DADOS <\/strong>\n<\/p>\n<p><label> Estou ciente e de acordo em disponibilizar meus dados pessoais para a empresa gerar um or\u00e7amento do produto solicitado e de que ser\u00e3o utilizados com a finalidade exclusiva de atender ao or\u00e7amento para o qual solicitei.<\/label><br \/>\n<span class=\"wpcf7-form-control-wrap\" data-name=\"autorizacao-orcamento\"><span class=\"wpcf7-form-control wpcf7-radio\" id=\"autorizacao-orcamento\"><span class=\"wpcf7-list-item first\"><label><input type=\"radio\" name=\"autorizacao-orcamento\" value=\"Sim\" checked=\"checked\" \/><span class=\"wpcf7-list-item-label\">Sim<\/span><\/label><\/span><span class=\"wpcf7-list-item last\"><label><input type=\"radio\" name=\"autorizacao-orcamento\" value=\"N\u00e3o\" \/><span class=\"wpcf7-list-item-label\">N\u00e3o<\/span><\/label><\/span><\/span><\/span>\n<\/p>\n<p><label> Autorizo que a empresa utilize os meus dados pessoais compartilhando com seus parceiros que atuem na \u00e1rea de atua\u00e7\u00e3o com a finalidade exclusiva de atender ao or\u00e7amento para o qual solicitei.<\/label><br \/>\n<span class=\"wpcf7-form-control-wrap\" data-name=\"autorizacao-parceiro\"><span class=\"wpcf7-form-control wpcf7-radio\" id=\"autorizacao-parceiro\"><span class=\"wpcf7-list-item first\"><label><input type=\"radio\" name=\"autorizacao-parceiro\" value=\"Sim\" checked=\"checked\" \/><span class=\"wpcf7-list-item-label\">Sim<\/span><\/label><\/span><span class=\"wpcf7-list-item last\"><label><input type=\"radio\" name=\"autorizacao-parceiro\" value=\"N\u00e3o\" \/><span class=\"wpcf7-list-item-label\">N\u00e3o<\/span><\/label><\/span><\/span><\/span>\n<\/p>\n<p><label> Autorizo que a empresa utilize meu e-mail ou telefone para envio de promo\u00e7\u00f5es e propaganda da linha de produtos que tenho interesse.<\/label><br \/>\n<span class=\"wpcf7-form-control-wrap\" data-name=\"autorizacao-emkt\"><span class=\"wpcf7-form-control wpcf7-radio\" id=\"autorizacao-emkt\"><span class=\"wpcf7-list-item first\"><label><input type=\"radio\" name=\"autorizacao-emkt\" value=\"Sim\" checked=\"checked\" \/><span class=\"wpcf7-list-item-label\">Sim<\/span><\/label><\/span><span class=\"wpcf7-list-item last\"><label><input type=\"radio\" name=\"autorizacao-emkt\" value=\"N\u00e3o\" \/><span class=\"wpcf7-list-item-label\">N\u00e3o<\/span><\/label><\/span><\/span><\/span>\n<\/p>\n<p><label> Estou ciente de que, a qualquer momento, poderei revogar este consentimento, optar pela anonimiza\u00e7\u00e3o, bloqueio, retifica\u00e7\u00e3o ou elimina\u00e7\u00e3o de dados desnecess\u00e1rios, excessivos ou tratados em desconformidade com a LGPD.<\/label><br \/>\n<span class=\"wpcf7-form-control-wrap\" data-name=\"autorizacao-lgpd\"><span class=\"wpcf7-form-control wpcf7-radio\" id=\"autorizacao-lgpd\"><span class=\"wpcf7-list-item first\"><label><input type=\"radio\" name=\"autorizacao-lgpd\" value=\"Sim\" checked=\"checked\" \/><span class=\"wpcf7-list-item-label\">Sim<\/span><\/label><\/span><span class=\"wpcf7-list-item last\"><label><input type=\"radio\" name=\"autorizacao-lgpd\" value=\"N\u00e3o\" \/><span class=\"wpcf7-list-item-label\">N\u00e3o<\/span><\/label><\/span><\/span><\/span>\n<\/p>\n<p><input class=\"wpcf7-form-control wpcf7-submit has-spinner btn\" type=\"submit\" value=\"Enviar\" \/>\n<\/p><p style=\"display: none !important;\" class=\"akismet-fields-container\" data-prefix=\"_wpcf7_ak_\"><label>&#916;<textarea name=\"_wpcf7_ak_hp_textarea\" cols=\"45\" rows=\"8\" maxlength=\"100\"><\/textarea><\/label><input type=\"hidden\" id=\"ak_js_1\" name=\"_wpcf7_ak_js\" value=\"178\"\/><script>document.getElementById( \"ak_js_1\" ).setAttribute( \"value\", ( new Date() ).getTime() );<\/script><\/p><div class=\"wpcf7-response-output\" aria-hidden=\"true\"><\/div>\n<\/form>\n<\/div>\n\n","protected":false},"excerpt":{"rendered":"<p>Os simuladores da Contec possuem excelente custo x benef\u00edcio, proporcionando \u00e0s organiza\u00e7\u00f5es baixo investimento, qualidade e agilidade nos processos de calibra\u00e7\u00e3o do parque tecnol\u00f3gico, cumprindo as normas e diminuindo os riscos ao paciente. \u00a0 Simulador de Oximetria MS 100 O MS100 \u00e9 um simulador de SPO\u2082 port\u00e1til, com pequeno volume e peso. &#8211; Tela de&hellip; <br \/> <a class=\"button small blue\" href=\"https:\/\/www.formedical.com.br\/novo\/simuladores-contec\/\">Leia mais<\/a><\/p>\n","protected":false},"author":1,"featured_media":0,"parent":0,"menu_order":0,"comment_status":"closed","ping_status":"closed","template":"","meta":{"footnotes":""},"class_list":["post-318","page","type-page","status-publish","hentry"],"aioseo_notices":[],"_links":{"self":[{"href":"https:\/\/www.formedical.com.br\/novo\/wp-json\/wp\/v2\/pages\/318","targetHints":{"allow":["GET"]}}],"collection":[{"href":"https:\/\/www.formedical.com.br\/novo\/wp-json\/wp\/v2\/pages"}],"about":[{"href":"https:\/\/www.formedical.com.br\/novo\/wp-json\/wp\/v2\/types\/page"}],"author":[{"embeddable":true,"href":"https:\/\/www.formedical.com.br\/novo\/wp-json\/wp\/v2\/users\/1"}],"replies":[{"embeddable":true,"href":"https:\/\/www.formedical.com.br\/novo\/wp-json\/wp\/v2\/comments?post=318"}],"version-history":[{"count":45,"href":"https:\/\/www.formedical.com.br\/novo\/wp-json\/wp\/v2\/pages\/318\/revisions"}],"predecessor-version":[{"id":5424,"href":"https:\/\/www.formedical.com.br\/novo\/wp-json\/wp\/v2\/pages\/318\/revisions\/5424"}],"wp:attachment":[{"href":"https:\/\/www.formedical.com.br\/novo\/wp-json\/wp\/v2\/media?parent=318"}],"curies":[{"name":"wp","href":"https:\/\/api.w.org\/{rel}","templated":true}]}}