{"id":3213,"date":"2020-09-08T11:01:14","date_gmt":"2020-09-08T14:01:14","guid":{"rendered":"https:\/\/www.formedical.com.br\/novo\/?page_id=3213"},"modified":"2024-03-15T09:26:49","modified_gmt":"2024-03-15T12:26:49","slug":"fale-com-nosso-especialista-mgc","status":"publish","type":"page","link":"https:\/\/www.formedical.com.br\/novo\/fale-com-nosso-especialista-mgc\/","title":{"rendered":"Fale com nosso Especialista MGC"},"content":{"rendered":"\t\t<div data-elementor-type=\"wp-page\" data-elementor-id=\"3213\" class=\"elementor elementor-3213\">\n\t\t\t\t\t\t<section class=\"elementor-section elementor-top-section elementor-element elementor-element-4eef51b6 elementor-section-boxed elementor-section-height-default elementor-section-height-default\" data-id=\"4eef51b6\" data-element_type=\"section\" data-e-type=\"section\">\n\t\t\t\t\t\t<div class=\"elementor-container elementor-column-gap-default\">\n\t\t\t\t\t<div class=\"elementor-column elementor-col-100 elementor-top-column elementor-element elementor-element-5c76c9e3\" data-id=\"5c76c9e3\" data-element_type=\"column\" data-e-type=\"column\">\n\t\t\t<div class=\"elementor-widget-wrap elementor-element-populated\">\n\t\t\t\t\t\t<div class=\"elementor-element elementor-element-62fa51c3 elementor-widget elementor-widget-text-editor\" data-id=\"62fa51c3\" data-element_type=\"widget\" data-e-type=\"widget\" data-widget_type=\"text-editor.default\">\n\t\t\t\t<div class=\"elementor-widget-container\">\n\t\t\t\t\t\t\t\t\t<p><\/p>\n<p class=\"has-text-align-center\">Os produtos da MGC Diagnostics s\u00e3o incompar\u00e1veis em qualidade, precis\u00e3o e facilidade de uso. Nossa abordagem simples perdurou: integre os avan\u00e7os mais recentes que a tecnologia atual oferece, garanta a precis\u00e3o por meio de um design superior e, em seguida, fa\u00e7a backup de cada um dos produtos com um suporte consistente.<\/p>\n<p><\/p>\n<p><\/p>\n<h2 class=\"wp-block-heading\">Solicitar Or\u00e7amento<\/h2>\n<p><\/p>\n<p><\/p>\n<div class=\"wp-block-columns is-layout-flex wp-container-core-columns-is-layout-9d6595d7 wp-block-columns-is-layout-flex\">\n<p><\/p>\n<div class=\"wp-block-column is-layout-flow wp-block-column-is-layout-flow\"><p><\/p>\n<div class=\"wpcf7 no-js\" id=\"wpcf7-f3212-o1\" lang=\"pt-BR\" dir=\"ltr\" data-wpcf7-id=\"3212\">\n<div class=\"screen-reader-response\">\n<p role=\"status\" aria-live=\"polite\" aria-atomic=\"true\">\n<ul><\/ul>\n<\/div>\n<form action=\"\/novo\/wp-json\/wp\/v2\/pages\/3213#wpcf7-f3212-o1\" method=\"post\" class=\"wpcf7-form init\" aria-label=\"Formul\u00e1rios de contato\" novalidate=\"novalidate\" data-status=\"init\">\n<fieldset class=\"hidden-fields-container\"><input type=\"hidden\" name=\"_wpcf7\" value=\"3212\" \/><input type=\"hidden\" name=\"_wpcf7_version\" value=\"6.1.5\" \/><input type=\"hidden\" name=\"_wpcf7_locale\" value=\"pt_BR\" \/><input type=\"hidden\" name=\"_wpcf7_unit_tag\" value=\"wpcf7-f3212-o1\" \/><input type=\"hidden\" name=\"_wpcf7_container_post\" value=\"0\" \/><input type=\"hidden\" name=\"_wpcf7_posted_data_hash\" value=\"\" \/><br \/>\n<\/fieldset>\n<p><label> Nome*<br \/>\n<span class=\"wpcf7-form-control-wrap\" data-name=\"your-name\"><input size=\"40\" maxlength=\"400\" class=\"wpcf7-form-control wpcf7-text wpcf7-validates-as-required\" aria-required=\"true\" aria-invalid=\"false\" value=\"\" type=\"text\" name=\"your-name\" \/><\/span> <\/label>\n<\/p>\n<p><label> E-mail*<br \/>\n<span class=\"wpcf7-form-control-wrap\" data-name=\"your-email\"><input size=\"40\" maxlength=\"400\" class=\"wpcf7-form-control wpcf7-email wpcf7-validates-as-required wpcf7-text wpcf7-validates-as-email\" aria-required=\"true\" aria-invalid=\"false\" value=\"\" type=\"email\" name=\"your-email\" \/><\/span> <\/label>\n<\/p>\n<p><label> CNPJ*<br \/>\n<span class=\"wpcf7-form-control-wrap mask-cnpj\"><input type=\"tel\" value=\"\" name=\"mask-cnpj\" class=\"wpcf7-form-control wpcf7-mask wpcf7mf-mask\" size=\"40\" aria-required=\"\" aria-invalid=\"\" placeholder=\"__.___.___\/____-__\" data-mask=\"__.___.___\/____-__\" \/><\/span><i> (apenas n\u00fameros) <\/i><\/label>\n<\/p>\n<p><label> Institui\u00e7\u00e3o \/ Empresa*<br \/>\n<span class=\"wpcf7-form-control-wrap\" data-name=\"text-instituicao\"><input size=\"40\" maxlength=\"400\" class=\"wpcf7-form-control wpcf7-text wpcf7-validates-as-required\" aria-required=\"true\" aria-invalid=\"false\" value=\"\" type=\"text\" name=\"text-instituicao\" \/><\/span> <\/label>\n<\/p>\n<p><label> Celular\/WhatsApp*<br \/>\n<span class=\"wpcf7-form-control-wrap celular-whats\"><input type=\"tel\" value=\"\" name=\"celular-whats\" class=\"wpcf7-form-control wpcf7-mask wpcf7-validates-as-required wpcf7mf-mask\" size=\"40\" aria-required=\"1\" aria-invalid=\"\" placeholder=\"(__) _____ - ____\" data-mask=\"(__) _____ - ____\" \/><\/span><i> (apenas n\u00fameros) <\/i><\/label>\n<\/p>\n<p><label> Telefone Fixo<br \/>\n<span class=\"wpcf7-form-control-wrap telefone-fixo\"><input type=\"tel\" value=\"\" name=\"telefone-fixo\" class=\"wpcf7-form-control wpcf7-mask wpcf7-validates-as-required wpcf7mf-mask\" size=\"40\" aria-required=\"1\" aria-invalid=\"\" placeholder=\"(__) ____ - ____\" data-mask=\"(__) ____ - ____\" \/><\/span><i> (apenas n\u00fameros) <\/i><\/label>\n<\/p>\n<p><label> Cidade<br \/>\n<span class=\"wpcf7-form-control-wrap\" data-name=\"cidade-879\"><input size=\"40\" maxlength=\"400\" class=\"wpcf7-form-control wpcf7-text\" aria-invalid=\"false\" value=\"\" type=\"text\" name=\"cidade-879\" \/><\/span><\/label>\n<\/p>\n<p><label> UF<br \/>\n<span class=\"wpcf7-form-control-wrap\" data-name=\"menu-80\"><select class=\"wpcf7-form-control wpcf7-select wpcf7-validates-as-required\" aria-required=\"true\" aria-invalid=\"false\" name=\"menu-80\"><option value=\"\">&#8212;Escolha uma op\u00e7\u00e3o&#8212;<\/option><option value=\"AC\">AC<\/option><option value=\"AL\">AL<\/option><option value=\"AP\">AP<\/option><option value=\"AC\">AC<\/option><option value=\"AM\">AM<\/option><option value=\"BA\">BA<\/option><option value=\"CE\">CE<\/option><option value=\"DF\">DF<\/option><option value=\"ES\">ES<\/option><option value=\"GO\">GO<\/option><option value=\"MA\">MA<\/option><option value=\"MT\">MT<\/option><option value=\"MS\">MS<\/option><option value=\"MG\">MG<\/option><option value=\"PR\">PR<\/option><option value=\"PB\">PB<\/option><option value=\"PA\">PA<\/option><option value=\"PE\">PE<\/option><option value=\"PI\">PI<\/option><option value=\"RJ\">RJ<\/option><option value=\"RN\">RN<\/option><option value=\"RS\">RS<\/option><option value=\"RO\">RO<\/option><option value=\"RR\">RR<\/option><option value=\"SC\">SC<\/option><option value=\"SE\">SE<\/option><option value=\"SP\">SP<\/option><option value=\"TO\">TO<\/option><\/select><\/span><\/label>\n<\/p>\n<p><label> Especialidade<br \/>\n<span class=\"wpcf7-form-control-wrap\" data-name=\"text-815\"><input size=\"40\" maxlength=\"400\" class=\"wpcf7-form-control wpcf7-text\" aria-invalid=\"false\" value=\"\" type=\"text\" name=\"text-815\" \/><\/span> <\/label>\n<\/p>\n<p><label> Escolha o seu Equipamento <\/label><br \/>\n<span class=\"wpcf7-form-control-wrap\" data-name=\"checkbox-213\"><span class=\"wpcf7-form-control wpcf7-checkbox wpcf7-validates-as-required\"><span class=\"wpcf7-list-item first\"><span class=\"wpcf7-list-item-label\">Pletism\u00f3grafo Elite Platinum<\/span><input type=\"checkbox\" name=\"checkbox-213[]\" value=\"Pletism\u00f3grafo Elite Platinum\" \/><\/span><span class=\"wpcf7-list-item\"><span class=\"wpcf7-list-item-label\">Ultima PF\/PFX<\/span><input type=\"checkbox\" name=\"checkbox-213[]\" value=\"Ultima PF\/PFX\" \/><\/span><span class=\"wpcf7-list-item\"><span class=\"wpcf7-list-item-label\">Ultima CardiO\u00b2<\/span><input type=\"checkbox\" name=\"checkbox-213[]\" value=\"Ultima CardiO\u00b2\" \/><\/span><span class=\"wpcf7-list-item\"><span class=\"wpcf7-list-item-label\">Ultima CPX<\/span><input type=\"checkbox\" name=\"checkbox-213[]\" value=\"Ultima CPX\" \/><\/span><span class=\"wpcf7-list-item last\"><span class=\"wpcf7-list-item-label\">Espir\u00f4metro CPFS<\/span><input type=\"checkbox\" name=\"checkbox-213[]\" value=\"Espir\u00f4metro CPFS\" \/><\/span><\/span><\/span>\n<\/p>\n<p><label> Se preferir Digite abaixo sua necessidade<br \/>\n<span class=\"wpcf7-form-control-wrap\" data-name=\"your-message\"><textarea cols=\"40\" rows=\"10\" maxlength=\"2000\" class=\"wpcf7-form-control wpcf7-textarea\" aria-invalid=\"false\" name=\"your-message\"><\/textarea><\/span> <\/label>\n<\/p>\n<p><strong> AUTORIZA\u00c7\u00c3O DE USO DE DADOS <\/strong>\n<\/p>\n<p><label> Estou ciente e de acordo em disponibilizar meus dados pessoais para a empresa gerar um or\u00e7amento do produto solicitado e de que ser\u00e3o utilizados com a finalidade exclusiva de atender ao or\u00e7amento para o qual solicitei.<\/label><br \/>\n<span class=\"wpcf7-form-control-wrap\" data-name=\"autorizacao-orcamento\"><span class=\"wpcf7-form-control wpcf7-radio\" id=\"autorizacao-orcamento\"><span class=\"wpcf7-list-item first\"><label><input type=\"radio\" name=\"autorizacao-orcamento\" value=\"Sim\" checked=\"checked\" \/><span class=\"wpcf7-list-item-label\">Sim<\/span><\/label><\/span><span class=\"wpcf7-list-item last\"><label><input type=\"radio\" name=\"autorizacao-orcamento\" value=\"N\u00e3o\" \/><span class=\"wpcf7-list-item-label\">N\u00e3o<\/span><\/label><\/span><\/span><\/span>\n<\/p>\n<p><label> Autorizo que a empresa utilize os meus dados pessoais compartilhando com seus parceiros que atuem na \u00e1rea de atua\u00e7\u00e3o com a finalidade exclusiva de atender ao or\u00e7amento para o qual solicitei.<\/label><br \/>\n<span class=\"wpcf7-form-control-wrap\" data-name=\"autorizacao-parceiro\"><span class=\"wpcf7-form-control wpcf7-radio\" id=\"autorizacao-parceiro\"><span class=\"wpcf7-list-item first\"><label><input type=\"radio\" name=\"autorizacao-parceiro\" value=\"Sim\" checked=\"checked\" \/><span class=\"wpcf7-list-item-label\">Sim<\/span><\/label><\/span><span class=\"wpcf7-list-item last\"><label><input type=\"radio\" name=\"autorizacao-parceiro\" value=\"N\u00e3o\" \/><span class=\"wpcf7-list-item-label\">N\u00e3o<\/span><\/label><\/span><\/span><\/span>\n<\/p>\n<p><label> Autorizo que a empresa utilize meu e-mail ou telefone para envio de promo\u00e7\u00f5es e propaganda da linha de produtos que tenho interesse.<\/label><br \/>\n<span class=\"wpcf7-form-control-wrap\" data-name=\"autorizacao-emkt\"><span class=\"wpcf7-form-control wpcf7-radio\" id=\"autorizacao-emkt\"><span class=\"wpcf7-list-item first\"><label><input type=\"radio\" name=\"autorizacao-emkt\" value=\"Sim\" checked=\"checked\" \/><span class=\"wpcf7-list-item-label\">Sim<\/span><\/label><\/span><span class=\"wpcf7-list-item last\"><label><input type=\"radio\" name=\"autorizacao-emkt\" value=\"N\u00e3o\" \/><span class=\"wpcf7-list-item-label\">N\u00e3o<\/span><\/label><\/span><\/span><\/span>\n<\/p>\n<p><label> Estou ciente de que, a qualquer momento, poderei revogar este consentimento, optar pela anonimiza\u00e7\u00e3o, bloqueio, retifica\u00e7\u00e3o ou elimina\u00e7\u00e3o de dados desnecess\u00e1rios, excessivos ou tratados em desconformidade com a LGPD.<\/label><br \/>\n<span class=\"wpcf7-form-control-wrap\" data-name=\"autorizacao-lgpd\"><span class=\"wpcf7-form-control wpcf7-radio\" id=\"autorizacao-lgpd\"><span class=\"wpcf7-list-item first\"><label><input type=\"radio\" name=\"autorizacao-lgpd\" value=\"Sim\" checked=\"checked\" \/><span class=\"wpcf7-list-item-label\">Sim<\/span><\/label><\/span><span class=\"wpcf7-list-item last\"><label><input type=\"radio\" name=\"autorizacao-lgpd\" value=\"N\u00e3o\" \/><span class=\"wpcf7-list-item-label\">N\u00e3o<\/span><\/label><\/span><\/span><\/span>\n<\/p>\n<p><input class=\"wpcf7-form-control wpcf7-submit has-spinner\" type=\"submit\" value=\"Enviar\" \/>\n<\/p>\n<p style=\"display: none !important;\" class=\"akismet-fields-container\" data-prefix=\"_wpcf7_ak_\"><label>&#916;<textarea name=\"_wpcf7_ak_hp_textarea\" cols=\"45\" rows=\"8\" maxlength=\"100\"><\/textarea><\/label><input type=\"hidden\" id=\"ak_js_1\" name=\"_wpcf7_ak_js\" value=\"132\"\/><script>document.getElementById( \"ak_js_1\" ).setAttribute( \"value\", ( new Date() ).getTime() );<\/script><\/p>\n<div class=\"wpcf7-response-output\" aria-hidden=\"true\"><\/div>\n<\/form>\n<\/div>\n<p><\/p>\n<\/div>\n<p><\/p>\n<p><\/p>\n<div class=\"wp-block-column is-layout-flow wp-block-column-is-layout-flow\">\n<p><\/p>\n<p><strong>Atendimento Online<\/strong><\/p>\n<p><\/p>\n<p><\/p>\n<p>WhatsApp: <a href=\"https:\/\/wa.me\/5511967798000?text=Gostaria%20de%20informa\u00e7\u00f5es%20sobre%20os%20equipamentos%20da%20MGC\">(11) 96779-8000<\/a><br>E-mail: contato@formedical.com.br<\/p>\n<p><\/p>\n<\/div>\n<p><\/p>\n<\/div>\n<p><\/p>\t\t\t\t\t\t\t\t<\/div>\n\t\t\t\t<\/div>\n\t\t\t\t\t<\/div>\n\t\t<\/div>\n\t\t\t\t\t<\/div>\n\t\t<\/section>\n\t\t\t\t<\/div>\n\t\t","protected":false},"excerpt":{"rendered":"<p>Os produtos da MGC Diagnostics s\u00e3o incompar\u00e1veis em qualidade, precis\u00e3o e facilidade de uso. Nossa abordagem simples perdurou: integre os avan\u00e7os mais recentes que a tecnologia atual oferece, garanta a precis\u00e3o por meio de um design superior e, em seguida, fa\u00e7a backup de cada um dos produtos com um suporte consistente. Solicitar Or\u00e7amento Atendimento Online&hellip; <br \/> <a class=\"button small blue\" href=\"https:\/\/www.formedical.com.br\/novo\/fale-com-nosso-especialista-mgc\/\">Leia mais<\/a><\/p>\n","protected":false},"author":1,"featured_media":0,"parent":0,"menu_order":0,"comment_status":"closed","ping_status":"closed","template":"","meta":{"footnotes":""},"class_list":["post-3213","page","type-page","status-publish","hentry"],"aioseo_notices":[],"_links":{"self":[{"href":"https:\/\/www.formedical.com.br\/novo\/wp-json\/wp\/v2\/pages\/3213","targetHints":{"allow":["GET"]}}],"collection":[{"href":"https:\/\/www.formedical.com.br\/novo\/wp-json\/wp\/v2\/pages"}],"about":[{"href":"https:\/\/www.formedical.com.br\/novo\/wp-json\/wp\/v2\/types\/page"}],"author":[{"embeddable":true,"href":"https:\/\/www.formedical.com.br\/novo\/wp-json\/wp\/v2\/users\/1"}],"replies":[{"embeddable":true,"href":"https:\/\/www.formedical.com.br\/novo\/wp-json\/wp\/v2\/comments?post=3213"}],"version-history":[{"count":10,"href":"https:\/\/www.formedical.com.br\/novo\/wp-json\/wp\/v2\/pages\/3213\/revisions"}],"predecessor-version":[{"id":5836,"href":"https:\/\/www.formedical.com.br\/novo\/wp-json\/wp\/v2\/pages\/3213\/revisions\/5836"}],"wp:attachment":[{"href":"https:\/\/www.formedical.com.br\/novo\/wp-json\/wp\/v2\/media?parent=3213"}],"curies":[{"name":"wp","href":"https:\/\/api.w.org\/{rel}","templated":true}]}}