{"id":3307,"date":"2020-11-16T13:47:11","date_gmt":"2020-11-16T16:47:11","guid":{"rendered":"https:\/\/www.formedical.com.br\/novo\/?page_id=3307"},"modified":"2025-07-08T10:11:30","modified_gmt":"2025-07-08T13:11:30","slug":"ultrassom-veterinario-sonoeye-handheld","status":"publish","type":"page","link":"https:\/\/www.formedical.com.br\/novo\/ultrassom-veterinario-sonoeye-handheld\/","title":{"rendered":"Ultrassom Veterin\u00e1rio SonoEye HandHeld"},"content":{"rendered":"\t\t<div data-elementor-type=\"wp-page\" data-elementor-id=\"3307\" class=\"elementor elementor-3307\">\n\t\t\t\t\t\t<section class=\"elementor-section elementor-top-section elementor-element elementor-element-186f8b2 elementor-section-boxed elementor-section-height-default elementor-section-height-default\" data-id=\"186f8b2\" data-element_type=\"section\" data-e-type=\"section\">\n\t\t\t\t\t\t<div class=\"elementor-container elementor-column-gap-default\">\n\t\t\t\t\t<div class=\"elementor-column elementor-col-100 elementor-top-column elementor-element elementor-element-97a8de3\" data-id=\"97a8de3\" data-element_type=\"column\" data-e-type=\"column\">\n\t\t\t<div class=\"elementor-widget-wrap elementor-element-populated\">\n\t\t\t\t\t\t<section class=\"elementor-section elementor-inner-section elementor-element elementor-element-d60aecb elementor-section-boxed elementor-section-height-default elementor-section-height-default\" data-id=\"d60aecb\" data-element_type=\"section\" data-e-type=\"section\">\n\t\t\t\t\t\t<div class=\"elementor-container elementor-column-gap-default\">\n\t\t\t\t\t<div class=\"elementor-column elementor-col-50 elementor-inner-column elementor-element elementor-element-5dfd543\" data-id=\"5dfd543\" data-element_type=\"column\" data-e-type=\"column\">\n\t\t\t<div class=\"elementor-widget-wrap elementor-element-populated\">\n\t\t\t\t\t\t<div class=\"elementor-element elementor-element-de0d9e2 elementor-widget elementor-widget-image\" data-id=\"de0d9e2\" data-element_type=\"widget\" data-e-type=\"widget\" data-widget_type=\"image.default\">\n\t\t\t\t<div class=\"elementor-widget-container\">\n\t\t\t\t\t\t\t\t\t\t\t\t\t\t\t<img fetchpriority=\"high\" decoding=\"async\" width=\"300\" height=\"284\" src=\"https:\/\/www.formedical.com.br\/novo\/wp-content\/uploads\/2024\/05\/sono-eye-retal-300x284.png\" class=\"attachment-medium size-medium wp-image-5939\" alt=\"\" srcset=\"https:\/\/www.formedical.com.br\/novo\/wp-content\/uploads\/2024\/05\/sono-eye-retal-300x284.png 300w, https:\/\/www.formedical.com.br\/novo\/wp-content\/uploads\/2024\/05\/sono-eye-retal.png 366w\" sizes=\"(max-width: 300px) 100vw, 300px\" \/>\t\t\t\t\t\t\t\t\t\t\t\t\t\t\t<\/div>\n\t\t\t\t<\/div>\n\t\t\t\t<div class=\"elementor-element elementor-element-fde6d8c elementor-widget elementor-widget-image-gallery\" data-id=\"fde6d8c\" data-element_type=\"widget\" data-e-type=\"widget\" data-widget_type=\"image-gallery.default\">\n\t\t\t\t<div class=\"elementor-widget-container\">\n\t\t\t\t\t\t\t<div class=\"elementor-image-gallery\">\n\t\t\t\n\t\t<style type=\"text\/css\">\n\t\t\t#gallery-1 {\n\t\t\t\tmargin: auto;\n\t\t\t}\n\t\t\t#gallery-1 .gallery-item {\n\t\t\t\tfloat: left;\n\t\t\t\tmargin-top: 10px;\n\t\t\t\ttext-align: center;\n\t\t\t\twidth: 25%;\n\t\t\t}\n\t\t\t#gallery-1 img {\n\t\t\t\tborder: 2px solid #cfcfcf;\n\t\t\t}\n\t\t\t#gallery-1 .gallery-caption {\n\t\t\t\tmargin-left: 0;\n\t\t\t}\n\t\t\t\/* see gallery_shortcode() in wp-includes\/media.php *\/\n\t\t<\/style>\n\t\t<div id='gallery-1' class='gallery galleryid-3307 gallery-columns-4 gallery-size-thumbnail'><dl class='gallery-item'>\n\t\t\t<dt class='gallery-icon landscape'>\n\t\t\t\t<a data-elementor-open-lightbox=\"yes\" data-elementor-lightbox-slideshow=\"fde6d8c\" data-elementor-lightbox-title=\"sonoeye_microconvexa_schinauzer\" data-e-action-hash=\"#elementor-action%3Aaction%3Dlightbox%26settings%3DeyJpZCI6NDI0MywidXJsIjoiaHR0cHM6XC9cL3d3dy5mb3JtZWRpY2FsLmNvbS5iclwvbm92b1wvd3AtY29udGVudFwvdXBsb2Fkc1wvMjAyMVwvMTFcL3Nvbm9leWVfbWljcm9jb252ZXhhX3NjaGluYXV6ZXIuanBnIiwic2xpZGVzaG93IjoiZmRlNmQ4YyJ9\" href='https:\/\/www.formedical.com.br\/novo\/wp-content\/uploads\/2021\/11\/sonoeye_microconvexa_schinauzer.jpg'><img decoding=\"async\" width=\"150\" height=\"150\" src=\"https:\/\/www.formedical.com.br\/novo\/wp-content\/uploads\/2021\/11\/sonoeye_microconvexa_schinauzer-150x150.jpg\" class=\"attachment-thumbnail size-thumbnail\" alt=\"\" srcset=\"https:\/\/www.formedical.com.br\/novo\/wp-content\/uploads\/2021\/11\/sonoeye_microconvexa_schinauzer-150x150.jpg 150w, https:\/\/www.formedical.com.br\/novo\/wp-content\/uploads\/2021\/11\/sonoeye_microconvexa_schinauzer-300x300.jpg 300w, https:\/\/www.formedical.com.br\/novo\/wp-content\/uploads\/2021\/11\/sonoeye_microconvexa_schinauzer-1024x1024.jpg 1024w, https:\/\/www.formedical.com.br\/novo\/wp-content\/uploads\/2021\/11\/sonoeye_microconvexa_schinauzer-768x768.jpg 768w, https:\/\/www.formedical.com.br\/novo\/wp-content\/uploads\/2021\/11\/sonoeye_microconvexa_schinauzer-1080x1080.jpg 1080w, https:\/\/www.formedical.com.br\/novo\/wp-content\/uploads\/2021\/11\/sonoeye_microconvexa_schinauzer.jpg 1200w\" sizes=\"(max-width: 150px) 100vw, 150px\" \/><\/a>\n\t\t\t<\/dt><\/dl><dl class='gallery-item'>\n\t\t\t<dt class='gallery-icon landscape'>\n\t\t\t\t<a data-elementor-open-lightbox=\"yes\" data-elementor-lightbox-slideshow=\"fde6d8c\" data-elementor-lightbox-title=\"Kit1Contato_SonoEye_Grandes\" data-e-action-hash=\"#elementor-action%3Aaction%3Dlightbox%26settings%3DeyJpZCI6NDI0NSwidXJsIjoiaHR0cHM6XC9cL3d3dy5mb3JtZWRpY2FsLmNvbS5iclwvbm92b1wvd3AtY29udGVudFwvdXBsb2Fkc1wvMjAyMVwvMTFcL0tpdDFDb250YXRvX1Nvbm9FeWVfR3JhbmRlcy5qcGciLCJzbGlkZXNob3ciOiJmZGU2ZDhjIn0%3D\" href='https:\/\/www.formedical.com.br\/novo\/wp-content\/uploads\/2021\/11\/Kit1Contato_SonoEye_Grandes.jpg'><img decoding=\"async\" width=\"150\" height=\"150\" src=\"https:\/\/www.formedical.com.br\/novo\/wp-content\/uploads\/2021\/11\/Kit1Contato_SonoEye_Grandes-150x150.jpg\" class=\"attachment-thumbnail size-thumbnail\" alt=\"\" srcset=\"https:\/\/www.formedical.com.br\/novo\/wp-content\/uploads\/2021\/11\/Kit1Contato_SonoEye_Grandes-150x150.jpg 150w, https:\/\/www.formedical.com.br\/novo\/wp-content\/uploads\/2021\/11\/Kit1Contato_SonoEye_Grandes-300x300.jpg 300w, https:\/\/www.formedical.com.br\/novo\/wp-content\/uploads\/2021\/11\/Kit1Contato_SonoEye_Grandes-1024x1024.jpg 1024w, https:\/\/www.formedical.com.br\/novo\/wp-content\/uploads\/2021\/11\/Kit1Contato_SonoEye_Grandes-768x768.jpg 768w, https:\/\/www.formedical.com.br\/novo\/wp-content\/uploads\/2021\/11\/Kit1Contato_SonoEye_Grandes.jpg 1080w\" sizes=\"(max-width: 150px) 100vw, 150px\" \/><\/a>\n\t\t\t<\/dt><\/dl><dl class='gallery-item'>\n\t\t\t<dt class='gallery-icon landscape'>\n\t\t\t\t<a data-elementor-open-lightbox=\"yes\" data-elementor-lightbox-slideshow=\"fde6d8c\" data-elementor-lightbox-title=\"WhatsApp Image 2024-05-07 at 16.45.38 (1)\" data-e-action-hash=\"#elementor-action%3Aaction%3Dlightbox%26settings%3DeyJpZCI6NTk0MiwidXJsIjoiaHR0cHM6XC9cL3d3dy5mb3JtZWRpY2FsLmNvbS5iclwvbm92b1wvd3AtY29udGVudFwvdXBsb2Fkc1wvMjAyNFwvMDVcL1doYXRzQXBwLUltYWdlLTIwMjQtMDUtMDctYXQtMTYuNDUuMzgtMS5qcGVnIiwic2xpZGVzaG93IjoiZmRlNmQ4YyJ9\" href='https:\/\/www.formedical.com.br\/novo\/wp-content\/uploads\/2024\/05\/WhatsApp-Image-2024-05-07-at-16.45.38-1.jpeg'><img loading=\"lazy\" decoding=\"async\" width=\"150\" height=\"150\" src=\"https:\/\/www.formedical.com.br\/novo\/wp-content\/uploads\/2024\/05\/WhatsApp-Image-2024-05-07-at-16.45.38-1-150x150.jpeg\" class=\"attachment-thumbnail size-thumbnail\" alt=\"\" \/><\/a>\n\t\t\t<\/dt><\/dl><dl class='gallery-item'>\n\t\t\t<dt class='gallery-icon portrait'>\n\t\t\t\t<a data-elementor-open-lightbox=\"yes\" data-elementor-lightbox-slideshow=\"fde6d8c\" data-elementor-lightbox-title=\"WhatsApp Image 2024-05-07 at 16.45.38 (2)\" data-e-action-hash=\"#elementor-action%3Aaction%3Dlightbox%26settings%3DeyJpZCI6NTk0MywidXJsIjoiaHR0cHM6XC9cL3d3dy5mb3JtZWRpY2FsLmNvbS5iclwvbm92b1wvd3AtY29udGVudFwvdXBsb2Fkc1wvMjAyNFwvMDVcL1doYXRzQXBwLUltYWdlLTIwMjQtMDUtMDctYXQtMTYuNDUuMzgtMi5qcGVnIiwic2xpZGVzaG93IjoiZmRlNmQ4YyJ9\" href='https:\/\/www.formedical.com.br\/novo\/wp-content\/uploads\/2024\/05\/WhatsApp-Image-2024-05-07-at-16.45.38-2.jpeg'><img loading=\"lazy\" decoding=\"async\" width=\"150\" height=\"150\" src=\"https:\/\/www.formedical.com.br\/novo\/wp-content\/uploads\/2024\/05\/WhatsApp-Image-2024-05-07-at-16.45.38-2-150x150.jpeg\" class=\"attachment-thumbnail size-thumbnail\" alt=\"\" \/><\/a>\n\t\t\t<\/dt><\/dl><br style=\"clear: both\" \/><dl class='gallery-item'>\n\t\t\t<dt class='gallery-icon landscape'>\n\t\t\t\t<a data-elementor-open-lightbox=\"yes\" data-elementor-lightbox-slideshow=\"fde6d8c\" data-elementor-lightbox-title=\"WhatsApp Image 2024-05-07 at 16.45.38\" data-e-action-hash=\"#elementor-action%3Aaction%3Dlightbox%26settings%3DeyJpZCI6NTk0NCwidXJsIjoiaHR0cHM6XC9cL3d3dy5mb3JtZWRpY2FsLmNvbS5iclwvbm92b1wvd3AtY29udGVudFwvdXBsb2Fkc1wvMjAyNFwvMDVcL1doYXRzQXBwLUltYWdlLTIwMjQtMDUtMDctYXQtMTYuNDUuMzguanBlZyIsInNsaWRlc2hvdyI6ImZkZTZkOGMifQ%3D%3D\" href='https:\/\/www.formedical.com.br\/novo\/wp-content\/uploads\/2024\/05\/WhatsApp-Image-2024-05-07-at-16.45.38.jpeg'><img loading=\"lazy\" decoding=\"async\" width=\"150\" height=\"150\" src=\"https:\/\/www.formedical.com.br\/novo\/wp-content\/uploads\/2024\/05\/WhatsApp-Image-2024-05-07-at-16.45.38-150x150.jpeg\" class=\"attachment-thumbnail size-thumbnail\" alt=\"\" \/><\/a>\n\t\t\t<\/dt><\/dl>\n\t\t\t<br style='clear: both' \/>\n\t\t<\/div>\n\t\t<\/div>\n\t\t\t\t\t\t<\/div>\n\t\t\t\t<\/div>\n\t\t\t\t<div class=\"elementor-element elementor-element-4ca7884 elementor-widget elementor-widget-html\" data-id=\"4ca7884\" data-element_type=\"widget\" data-e-type=\"widget\" data-widget_type=\"html.default\">\n\t\t\t\t<div class=\"elementor-widget-container\">\n\t\t\t\t\t\r\n\r\n<p align=\"center\"><a onclick=\"return gtag_report_conversion('https:\/\/www.formedical.com.br\/chamado\/atendimento-formedical-ultrassom-veterinario.html');\" href=\"https:\/\/www.formedical.com.br\/chamado\/atendimento-formedical-ultrassom-veterinario.html\"><img decoding=\"async\" src=\"https:\/\/www.formedical.com.br\/novo\/wp-content\/uploads\/2020\/02\/atendimento-online-ultrassom-veterinario-formedical.png\" title=\"Atendimento Online - WhatsApp\"><\/a>\r\n<\/p>\r\n\t\t\t\t<\/div>\n\t\t\t\t<\/div>\n\t\t\t\t\t<\/div>\n\t\t<\/div>\n\t\t\t\t<div class=\"elementor-column elementor-col-50 elementor-inner-column elementor-element elementor-element-95e0f63\" data-id=\"95e0f63\" data-element_type=\"column\" data-e-type=\"column\">\n\t\t\t<div class=\"elementor-widget-wrap elementor-element-populated\">\n\t\t\t\t\t\t<div class=\"elementor-element elementor-element-60f3110 elementor-widget elementor-widget-heading\" data-id=\"60f3110\" data-element_type=\"widget\" data-e-type=\"widget\" data-widget_type=\"heading.default\">\n\t\t\t\t<div class=\"elementor-widget-container\">\n\t\t\t\t\t<h2 class=\"elementor-heading-title elementor-size-default\">SonoEye - Tecnologia na Palma da M\u00e3o<\/h2>\t\t\t\t<\/div>\n\t\t\t\t<\/div>\n\t\t\t\t<div class=\"elementor-element elementor-element-7bc8eec elementor-widget elementor-widget-text-editor\" data-id=\"7bc8eec\" data-element_type=\"widget\" data-e-type=\"widget\" data-widget_type=\"text-editor.default\">\n\t\t\t\t<div class=\"elementor-widget-container\">\n\t\t\t\t\t\t\t\t\t<p>Apresentando um design adapt\u00e1vel que vai do tablet ao celular, aumentando a portabilidade. O SonoEye oferece excelente experi\u00eancia de digitaliza\u00e7\u00e3o para animais de pequeno e grande porte.<\/p><ul><li>Metade do peso de um telefone,<\/li><li>Design altamente integrado e super compacto.<\/li><li>F\u00e1cil esteriliza\u00e7\u00e3o e limpeza.<\/li><li>Conex\u00e3o compat\u00edvel com Smartphone ou Tablet.<\/li><\/ul><p>A SonoEye, integrada com as melhores tecnologias port\u00e1teis, oferecendo v\u00e1rias solu\u00e7\u00f5es para a digitaliza\u00e7\u00e3o de esp\u00e9cies diferentes.<\/p>\t\t\t\t\t\t\t\t<\/div>\n\t\t\t\t<\/div>\n\t\t\t\t\t<\/div>\n\t\t<\/div>\n\t\t\t\t\t<\/div>\n\t\t<\/section>\n\t\t\t\t<section class=\"elementor-section elementor-inner-section elementor-element elementor-element-42127c7 elementor-section-boxed elementor-section-height-default elementor-section-height-default\" data-id=\"42127c7\" data-element_type=\"section\" data-e-type=\"section\">\n\t\t\t\t\t\t<div class=\"elementor-container elementor-column-gap-default\">\n\t\t\t\t\t<div class=\"elementor-column elementor-col-50 elementor-inner-column elementor-element elementor-element-fe1e765\" data-id=\"fe1e765\" data-element_type=\"column\" data-e-type=\"column\">\n\t\t\t<div class=\"elementor-widget-wrap\">\n\t\t\t\t\t\t\t<\/div>\n\t\t<\/div>\n\t\t\t\t<div class=\"elementor-column elementor-col-50 elementor-inner-column elementor-element elementor-element-9801084\" data-id=\"9801084\" data-element_type=\"column\" data-e-type=\"column\">\n\t\t\t<div class=\"elementor-widget-wrap elementor-element-populated\">\n\t\t\t\t\t\t<div class=\"elementor-element elementor-element-e43dc44 elementor-widget elementor-widget-heading\" data-id=\"e43dc44\" data-element_type=\"widget\" data-e-type=\"widget\" data-widget_type=\"heading.default\">\n\t\t\t\t<div class=\"elementor-widget-container\">\n\t\t\t\t\t<h5 class=\"elementor-heading-title elementor-size-default\">Caracter\u00edsticas do SonoEye<\/h5>\t\t\t\t<\/div>\n\t\t\t\t<\/div>\n\t\t\t\t<div class=\"elementor-element elementor-element-f6bd525 elementor-widget elementor-widget-text-editor\" data-id=\"f6bd525\" data-element_type=\"widget\" data-e-type=\"widget\" data-widget_type=\"text-editor.default\">\n\t\t\t\t<div class=\"elementor-widget-container\">\n\t\t\t\t\t\t\t\t\t<p style=\"text-align: center;\"><b>DIMENS\u00d5ES<\/b><br \/>Dimens\u00f5es (aprox.): 64 mm (L)* 174 mm (P)* 24 mm (A\uff09<br \/>Requisitos de energia: DC 5V,<br \/>Consumo de energia: \u226410VA<\/p><p style=\"text-align: center;\"><b>TIPOS DE TRANSDUTOR<\/b><br \/>Micro convexa: 6.0MHz-10.0MHz0<br \/><span style=\"font-family: Roboto, sans-serif; font-style: normal; font-weight: 400;\">Retal: 6.0MHz-10.0MHz0<br \/><\/span><br \/><b>MODOS DE IMAGEM <\/b><br \/>Modo B, Modo B \/ M, Modo C , Modo PW, Modo de exibi\u00e7\u00e3o<br \/>Modo duplex: B + C, B \/ M<\/p><p style=\"text-align: center;\"><b>Modo B<br \/><\/b>Ganho: 0-255 (256 etapas) <br \/>TGC: 8 segmentos <br \/>Profundidade: Max.20,2cm (Depende das sondas)<br \/>Freq. : 6,0 MHz-10,0 MHz <br \/>N\u00famero do foco: 1 <br \/>Posi\u00e7\u00e3o de foco: 16 etapas<br \/>Zoom <br \/>FHI<\/p>\t\t\t\t\t\t\t\t<\/div>\n\t\t\t\t<\/div>\n\t\t\t\t<div class=\"elementor-element elementor-element-bdd3641 elementor-widget elementor-widget-html\" data-id=\"bdd3641\" data-element_type=\"widget\" data-e-type=\"widget\" data-widget_type=\"html.default\">\n\t\t\t\t<div class=\"elementor-widget-container\">\n\t\t\t\t\t\r\n\r\n<p align=\"center\"><a onclick=\"return gtag_report_conversion('https:\/\/www.formedical.com.br\/chamado\/atendimento-formedical-ultrassom-veterinario.html');\" href=\"https:\/\/www.formedical.com.br\/chamado\/atendimento-formedical-ultrassom-veterinario.html\"><img decoding=\"async\" src=\"https:\/\/www.formedical.com.br\/novo\/wp-content\/uploads\/2020\/02\/atendimento-online-ultrassom-veterinario-formedical.png\" title=\"Atendimento Online - WhatsApp\"><\/a><\/p>\r\n\r\n\t\t\t\t<\/div>\n\t\t\t\t<\/div>\n\t\t\t\t<div class=\"elementor-element elementor-element-90896d1 elementor-widget elementor-widget-video\" data-id=\"90896d1\" data-element_type=\"widget\" data-e-type=\"widget\" data-settings=\"{&quot;youtube_url&quot;:&quot;https:\\\/\\\/www.youtube.com\\\/watch?v=othGSFHhBAs&quot;,&quot;video_type&quot;:&quot;youtube&quot;,&quot;controls&quot;:&quot;yes&quot;}\" data-widget_type=\"video.default\">\n\t\t\t\t<div class=\"elementor-widget-container\">\n\t\t\t\t\t\t\t<div class=\"elementor-wrapper elementor-open-inline\">\n\t\t\t<div class=\"elementor-video\"><\/div>\t\t<\/div>\n\t\t\t\t\t\t<\/div>\n\t\t\t\t<\/div>\n\t\t\t\t<div class=\"elementor-element elementor-element-0fc85eb elementor-widget elementor-widget-video\" data-id=\"0fc85eb\" data-element_type=\"widget\" data-e-type=\"widget\" data-settings=\"{&quot;youtube_url&quot;:&quot;https:\\\/\\\/youtu.be\\\/5LR5uwDoITo&quot;,&quot;video_type&quot;:&quot;youtube&quot;,&quot;controls&quot;:&quot;yes&quot;}\" data-widget_type=\"video.default\">\n\t\t\t\t<div class=\"elementor-widget-container\">\n\t\t\t\t\t\t\t<div class=\"elementor-wrapper elementor-open-inline\">\n\t\t\t<div class=\"elementor-video\"><\/div>\t\t<\/div>\n\t\t\t\t\t\t<\/div>\n\t\t\t\t<\/div>\n\t\t\t\t<div class=\"elementor-element elementor-element-fb284d9 elementor-widget elementor-widget-text-editor\" data-id=\"fb284d9\" data-element_type=\"widget\" data-e-type=\"widget\" data-widget_type=\"text-editor.default\">\n\t\t\t\t<div class=\"elementor-widget-container\">\n\t\t\t\t\t\t\t\t\t<p>Dicas, Informa\u00e7\u00f5es e Tutoriais se Inscreva em nosso Canal no Youtube!<\/p>\t\t\t\t\t\t\t\t<\/div>\n\t\t\t\t<\/div>\n\t\t\t\t<div class=\"elementor-element elementor-element-87c593d elementor-align-center elementor-widget elementor-widget-button\" data-id=\"87c593d\" data-element_type=\"widget\" data-e-type=\"widget\" data-widget_type=\"button.default\">\n\t\t\t\t<div class=\"elementor-widget-container\">\n\t\t\t\t\t\t\t\t\t<div class=\"elementor-button-wrapper\">\n\t\t\t\t\t<a class=\"elementor-button elementor-button-link elementor-size-sm\" href=\"https:\/\/www.youtube.com\/channel\/UCVIciyHP5IH2QFFnJIpkbNw\">\n\t\t\t\t\t\t<span class=\"elementor-button-content-wrapper\">\n\t\t\t\t\t\t<span class=\"elementor-button-icon\">\n\t\t\t\t<i aria-hidden=\"true\" class=\"fab fa-youtube\"><\/i>\t\t\t<\/span>\n\t\t\t\t\t\t\t\t\t<span class=\"elementor-button-text\">Inscreva-se<\/span>\n\t\t\t\t\t<\/span>\n\t\t\t\t\t<\/a>\n\t\t\t\t<\/div>\n\t\t\t\t\t\t\t\t<\/div>\n\t\t\t\t<\/div>\n\t\t\t\t\t<\/div>\n\t\t<\/div>\n\t\t\t\t\t<\/div>\n\t\t<\/section>\n\t\t\t\t<div class=\"elementor-element elementor-element-5421bcd elementor-widget elementor-widget-text-editor\" data-id=\"5421bcd\" data-element_type=\"widget\" data-e-type=\"widget\" data-widget_type=\"text-editor.default\">\n\t\t\t\t<div class=\"elementor-widget-container\">\n\t\t\t\t\t\t\t\t\t<p>Al\u00e9m de toda a <strong>Qualidade e Portabilidade<\/strong> do equipamento, a For Medical garante o suporte e assist\u00eancia para sua aquisi\u00e7\u00e3o ser mais <strong>Segura e Tranquila<\/strong>.<\/p>\t\t\t\t\t\t\t\t<\/div>\n\t\t\t\t<\/div>\n\t\t\t\t\t<\/div>\n\t\t<\/div>\n\t\t\t\t\t<\/div>\n\t\t<\/section>\n\t\t\t\t<\/div>\n\t\t","protected":false},"excerpt":{"rendered":"<p>SonoEye &#8211; Tecnologia na Palma da M\u00e3o Apresentando um design adapt\u00e1vel que vai do tablet ao celular, aumentando a portabilidade. O SonoEye oferece excelente experi\u00eancia de digitaliza\u00e7\u00e3o para animais de pequeno e grande porte. Metade do peso de um telefone, Design altamente integrado e super compacto. F\u00e1cil esteriliza\u00e7\u00e3o e limpeza. Conex\u00e3o compat\u00edvel com Smartphone ou&hellip; <br \/> <a class=\"button small blue\" href=\"https:\/\/www.formedical.com.br\/novo\/ultrassom-veterinario-sonoeye-handheld\/\">Leia mais<\/a><\/p>\n","protected":false},"author":1,"featured_media":0,"parent":0,"menu_order":0,"comment_status":"closed","ping_status":"closed","template":"","meta":{"footnotes":""},"class_list":["post-3307","page","type-page","status-publish","hentry"],"aioseo_notices":[],"_links":{"self":[{"href":"https:\/\/www.formedical.com.br\/novo\/wp-json\/wp\/v2\/pages\/3307","targetHints":{"allow":["GET"]}}],"collection":[{"href":"https:\/\/www.formedical.com.br\/novo\/wp-json\/wp\/v2\/pages"}],"about":[{"href":"https:\/\/www.formedical.com.br\/novo\/wp-json\/wp\/v2\/types\/page"}],"author":[{"embeddable":true,"href":"https:\/\/www.formedical.com.br\/novo\/wp-json\/wp\/v2\/users\/1"}],"replies":[{"embeddable":true,"href":"https:\/\/www.formedical.com.br\/novo\/wp-json\/wp\/v2\/comments?post=3307"}],"version-history":[{"count":76,"href":"https:\/\/www.formedical.com.br\/novo\/wp-json\/wp\/v2\/pages\/3307\/revisions"}],"predecessor-version":[{"id":6241,"href":"https:\/\/www.formedical.com.br\/novo\/wp-json\/wp\/v2\/pages\/3307\/revisions\/6241"}],"wp:attachment":[{"href":"https:\/\/www.formedical.com.br\/novo\/wp-json\/wp\/v2\/media?parent=3307"}],"curies":[{"name":"wp","href":"https:\/\/api.w.org\/{rel}","templated":true}]}}