{"id":3410,"date":"2021-03-02T20:48:06","date_gmt":"2021-03-02T23:48:06","guid":{"rendered":"https:\/\/www.formedical.com.br\/novo\/?page_id=3410"},"modified":"2024-06-18T14:20:23","modified_gmt":"2024-06-18T17:20:23","slug":"gravador-de-holter-spacelabs","status":"publish","type":"page","link":"https:\/\/www.formedical.com.br\/novo\/gravador-de-holter-spacelabs\/","title":{"rendered":"Gravador de Holter Spacelabs"},"content":{"rendered":"\t\t<div data-elementor-type=\"wp-page\" data-elementor-id=\"3410\" class=\"elementor elementor-3410\">\n\t\t\t\t\t\t<section class=\"elementor-section elementor-top-section elementor-element elementor-element-7a54444 elementor-section-boxed elementor-section-height-default elementor-section-height-default\" data-id=\"7a54444\" data-element_type=\"section\" data-e-type=\"section\">\n\t\t\t\t\t\t<div class=\"elementor-container elementor-column-gap-default\">\n\t\t\t\t\t<div class=\"elementor-column elementor-col-100 elementor-top-column elementor-element elementor-element-f019ff3\" data-id=\"f019ff3\" data-element_type=\"column\" data-e-type=\"column\">\n\t\t\t<div class=\"elementor-widget-wrap elementor-element-populated\">\n\t\t\t\t\t\t<div class=\"elementor-element elementor-element-c4fc458 elementor-widget elementor-widget-image\" data-id=\"c4fc458\" data-element_type=\"widget\" data-e-type=\"widget\" data-widget_type=\"image.default\">\n\t\t\t\t<div class=\"elementor-widget-container\">\n\t\t\t\t\t\t\t\t\t\t\t\t\t\t\t\t<a href=\"https:\/\/www.formedical.com.br\/eclipse\/gravador-holter-eclipse-pro.html\">\n\t\t\t\t\t\t\t<img fetchpriority=\"high\" decoding=\"async\" width=\"1024\" height=\"576\" src=\"https:\/\/www.formedical.com.br\/novo\/wp-content\/uploads\/2024\/06\/BannerSite-1024x576.jpg\" class=\"attachment-large size-large wp-image-5972\" alt=\"\" srcset=\"https:\/\/www.formedical.com.br\/novo\/wp-content\/uploads\/2024\/06\/BannerSite-1024x576.jpg 1024w, https:\/\/www.formedical.com.br\/novo\/wp-content\/uploads\/2024\/06\/BannerSite-300x169.jpg 300w, https:\/\/www.formedical.com.br\/novo\/wp-content\/uploads\/2024\/06\/BannerSite-768x432.jpg 768w, https:\/\/www.formedical.com.br\/novo\/wp-content\/uploads\/2024\/06\/BannerSite-1536x864.jpg 1536w, https:\/\/www.formedical.com.br\/novo\/wp-content\/uploads\/2024\/06\/BannerSite.jpg 1920w\" sizes=\"(max-width: 1024px) 100vw, 1024px\" \/>\t\t\t\t\t\t\t\t<\/a>\n\t\t\t\t\t\t\t\t\t\t\t\t\t\t\t<\/div>\n\t\t\t\t<\/div>\n\t\t\t\t<div class=\"elementor-element elementor-element-d84873a elementor-align-center elementor-widget elementor-widget-button\" data-id=\"d84873a\" data-element_type=\"widget\" data-e-type=\"widget\" data-widget_type=\"button.default\">\n\t\t\t\t<div class=\"elementor-widget-container\">\n\t\t\t\t\t\t\t\t\t<div class=\"elementor-button-wrapper\">\n\t\t\t\t\t<a class=\"elementor-button elementor-button-link elementor-size-sm\" href=\"https:\/\/www.formedical.com.br\/eclipse\/gravador-holter-eclipse-pro.html\">\n\t\t\t\t\t\t<span class=\"elementor-button-content-wrapper\">\n\t\t\t\t\t\t\t\t\t<span class=\"elementor-button-text\">Saiba mais<\/span>\n\t\t\t\t\t<\/span>\n\t\t\t\t\t<\/a>\n\t\t\t\t<\/div>\n\t\t\t\t\t\t\t\t<\/div>\n\t\t\t\t<\/div>\n\t\t\t\t\t<\/div>\n\t\t<\/div>\n\t\t\t\t\t<\/div>\n\t\t<\/section>\n\t\t\t\t<section class=\"elementor-section elementor-top-section elementor-element elementor-element-28f3f5e elementor-section-boxed elementor-section-height-default elementor-section-height-default\" data-id=\"28f3f5e\" data-element_type=\"section\" data-e-type=\"section\">\n\t\t\t\t\t\t<div class=\"elementor-container elementor-column-gap-default\">\n\t\t\t\t\t<div class=\"elementor-column elementor-col-100 elementor-top-column elementor-element elementor-element-1e50c20\" data-id=\"1e50c20\" data-element_type=\"column\" data-e-type=\"column\">\n\t\t\t<div class=\"elementor-widget-wrap elementor-element-populated\">\n\t\t\t\t\t\t<div class=\"elementor-element elementor-element-286d763 elementor-widget elementor-widget-text-editor\" data-id=\"286d763\" data-element_type=\"widget\" data-e-type=\"widget\" data-widget_type=\"text-editor.default\">\n\t\t\t\t<div class=\"elementor-widget-container\">\n\t\t\t\t\t\t\t\t\t<h2>Trabalhe de forma inteligente com o Gravador de Holter EVO<\/h2><p>Ofere\u00e7a Maior Seguran\u00e7a aos seus pacientes quanto ao risco de Contamina\u00e7\u00e3o Cruzada com o Melhor e Menor Custo por Exame.<\/p><p>O evo foi concebido para oferecer um fluxo de trabalho que garante que o gravador possa ser reprocessado entre pacientes de forma r\u00e1pida e simples.\u00a0<\/p>\t\t\t\t\t\t\t\t<\/div>\n\t\t\t\t<\/div>\n\t\t\t\t\t<\/div>\n\t\t<\/div>\n\t\t\t\t\t<\/div>\n\t\t<\/section>\n\t\t\t\t<section class=\"elementor-section elementor-top-section elementor-element elementor-element-7857569 elementor-section-boxed elementor-section-height-default elementor-section-height-default\" data-id=\"7857569\" data-element_type=\"section\" data-e-type=\"section\">\n\t\t\t\t\t\t<div class=\"elementor-container elementor-column-gap-default\">\n\t\t\t\t\t<div class=\"elementor-column elementor-col-50 elementor-top-column elementor-element elementor-element-bef869d\" data-id=\"bef869d\" data-element_type=\"column\" data-e-type=\"column\">\n\t\t\t<div class=\"elementor-widget-wrap elementor-element-populated\">\n\t\t\t\t\t\t<div class=\"elementor-element elementor-element-f1b14e8 elementor-widget elementor-widget-image\" data-id=\"f1b14e8\" data-element_type=\"widget\" data-e-type=\"widget\" data-widget_type=\"image.default\">\n\t\t\t\t<div class=\"elementor-widget-container\">\n\t\t\t\t\t\t\t\t\t\t\t\t\t\t\t<img decoding=\"async\" width=\"263\" height=\"300\" src=\"https:\/\/www.formedical.com.br\/novo\/wp-content\/uploads\/2021\/03\/evo-holter-263x300.png\" class=\"attachment-medium size-medium wp-image-3411\" alt=\"Gravador de Holter EVO\" srcset=\"https:\/\/www.formedical.com.br\/novo\/wp-content\/uploads\/2021\/03\/evo-holter-263x300.png 263w, https:\/\/www.formedical.com.br\/novo\/wp-content\/uploads\/2021\/03\/evo-holter-899x1024.png 899w, https:\/\/www.formedical.com.br\/novo\/wp-content\/uploads\/2021\/03\/evo-holter-768x875.png 768w, https:\/\/www.formedical.com.br\/novo\/wp-content\/uploads\/2021\/03\/evo-holter.png 1037w\" sizes=\"(max-width: 263px) 100vw, 263px\" \/>\t\t\t\t\t\t\t\t\t\t\t\t\t\t\t<\/div>\n\t\t\t\t<\/div>\n\t\t\t\t\t<\/div>\n\t\t<\/div>\n\t\t\t\t<div class=\"elementor-column elementor-col-50 elementor-top-column elementor-element elementor-element-0db3c79\" data-id=\"0db3c79\" data-element_type=\"column\" data-e-type=\"column\">\n\t\t\t<div class=\"elementor-widget-wrap elementor-element-populated\">\n\t\t\t\t\t\t<div class=\"elementor-element elementor-element-cb2f461 elementor-widget elementor-widget-text-editor\" data-id=\"cb2f461\" data-element_type=\"widget\" data-e-type=\"widget\" data-widget_type=\"text-editor.default\">\n\t\t\t\t<div class=\"elementor-widget-container\">\n\t\t\t\t\t\t\t\t\t<p><span style=\"font-family: Roboto, sans-serif; font-style: normal; font-weight: 400;\">\u2022 Coloque o gravador na base de acoplamento\u00a0<br \/><br \/><\/span><span style=\"font-family: Roboto, sans-serif; font-style: normal; font-weight: 400; color: var( --e-global-color-text );\">\u2022 Programe os detalhes do paciente com o sistema de gerenciamento de dados Sentinel<br \/><br \/>\u2022 Conecte o paciente e verifique a qualidade do ECG<br \/><br \/>\u2022 Inicie a grava\u00e7\u00e3o<br \/><br \/>\u2022 Ao retornar, remova do paciente e coloque o gravador na base de acoplamento para download imediato.<\/span><\/p><p>\u00c9 s\u00f3 isso, nada de mudar as pilhas, ligar os cabos, substituir os cart\u00f5es de mem\u00f3ria. O gravador est\u00e1 totalmente carregado e pronto para o pr\u00f3ximo paciente. O procedimento completo leva apenas 5 minutos!<\/p>\t\t\t\t\t\t\t\t<\/div>\n\t\t\t\t<\/div>\n\t\t\t\t\t<\/div>\n\t\t<\/div>\n\t\t\t\t\t<\/div>\n\t\t<\/section>\n\t\t\t\t<section class=\"elementor-section elementor-top-section elementor-element elementor-element-e1cf43d elementor-section-boxed elementor-section-height-default elementor-section-height-default\" data-id=\"e1cf43d\" data-element_type=\"section\" data-e-type=\"section\">\n\t\t\t\t\t\t<div class=\"elementor-container elementor-column-gap-default\">\n\t\t\t\t\t<div class=\"elementor-column elementor-col-50 elementor-top-column elementor-element elementor-element-544ad3f\" data-id=\"544ad3f\" data-element_type=\"column\" data-e-type=\"column\">\n\t\t\t<div class=\"elementor-widget-wrap elementor-element-populated\">\n\t\t\t\t\t\t<div class=\"elementor-element elementor-element-3ec1e2a elementor-widget elementor-widget-text-editor\" data-id=\"3ec1e2a\" data-element_type=\"widget\" data-e-type=\"widget\" data-widget_type=\"text-editor.default\">\n\t\t\t\t<div class=\"elementor-widget-container\">\n\t\t\t\t\t\t\t\t\t<p><strong><span style=\"font-family: Roboto, sans-serif; font-style: normal;\">Holter pr\u00e1tico<\/span><\/strong><\/p><p><span style=\"font-family: Roboto, sans-serif; font-style: normal; font-weight: 400;\">Confiabilidade, facilidade de uso e baixo custo de propriedade <\/span><span style=\"font-family: Roboto, sans-serif; font-style: normal; font-weight: 400;\">tornam o evo ideal para departamentos de cardiologia<\/span><br \/><span style=\"font-family: Roboto, sans-serif; font-style: normal; font-weight: 400;\">ocupados, bem como para consult\u00f3rios m\u00e9dicos.<\/span><\/p><p><span style=\"font-family: Roboto, sans-serif; font-style: normal; font-weight: 400;\"><strong>Robusto<\/strong>, o evo usa\u00a0<\/span><span style=\"font-family: Roboto, sans-serif; font-style: normal; font-weight: 400;\">o download de dados \u00f3pticos\u00a0<\/span><span style=\"font-family: Roboto, sans-serif; font-style: normal; font-weight: 400;\">e o carregamento sem fio\u00a0<\/span><span style=\"font-family: Roboto, sans-serif; font-style: normal; font-weight: 400;\">para anular a necessidade\u00a0<\/span><span style=\"font-family: Roboto, sans-serif; font-style: normal; font-weight: 400;\">de um cabo de conex\u00e3o.\u00a0<\/span><span style=\"font-family: Roboto, sans-serif; font-style: normal; font-weight: 400;\">O gravador \u00e9 vedado para\u00a0<\/span><span style=\"font-family: Roboto, sans-serif; font-style: normal; font-weight: 400;\">tornar a limpeza r\u00e1pida\u00a0<\/span><span style=\"font-family: Roboto, sans-serif; font-style: normal; font-weight: 400;\">e simples e para resistir <\/span><span style=\"font-family: Roboto, sans-serif; font-style: normal; font-weight: 400;\">melhor ao desgaste do uso\u00a0<\/span><span style=\"font-family: Roboto, sans-serif; font-style: normal; font-weight: 400;\">ambulatorial.<\/span><\/p><p><span style=\"font-family: Roboto, sans-serif; font-style: normal; font-weight: 400;\"><strong>Pequeno e leve<\/strong>, com apenas <\/span><span style=\"font-family: Roboto, sans-serif; font-style: normal; font-weight: 400;\">72 g, o evo \u00e9 f\u00e1cil de usar <\/span><span style=\"font-family: Roboto, sans-serif; font-style: normal; font-weight: 400;\">debaixo da roupa ou preso no<\/span><br \/><span style=\"font-family: Roboto, sans-serif; font-style: normal; font-weight: 400;\">cinto, para conforto e maior <\/span><span style=\"font-family: Roboto, sans-serif; font-style: normal; font-weight: 400;\">ades\u00e3o por parte do paciente<\/span><\/p><p><span style=\"font-family: Roboto, sans-serif; font-style: normal; font-weight: 400;\"><strong>A detec\u00e7\u00e3o do ritmo<\/strong> vem como <\/span><span style=\"font-family: Roboto, sans-serif; font-style: normal; font-weight: 400;\">padr\u00e3o e todas as grava\u00e7\u00f5es <\/span><span style=\"font-family: Roboto, sans-serif; font-style: normal; font-weight: 400;\">podem ser analisadas com <\/span><span style=\"font-family: Roboto, sans-serif; font-style: normal; font-weight: 400;\">os sistemas Holter da Spacelabs<\/span><br \/><span style=\"font-family: Roboto, sans-serif; font-style: normal; font-weight: 400;\">Healthcare.<\/span><\/p><p><span style=\"font-family: Roboto, sans-serif; font-style: normal; font-weight: 400;\"><strong>Registra at\u00e9 48 horas<\/strong> de dados<\/span><\/p>\t\t\t\t\t\t\t\t<\/div>\n\t\t\t\t<\/div>\n\t\t\t\t\t<\/div>\n\t\t<\/div>\n\t\t\t\t<div class=\"elementor-column elementor-col-50 elementor-top-column elementor-element elementor-element-940c6a4\" data-id=\"940c6a4\" data-element_type=\"column\" data-e-type=\"column\">\n\t\t\t<div class=\"elementor-widget-wrap elementor-element-populated\">\n\t\t\t\t\t\t<div class=\"elementor-element elementor-element-0536a9c elementor-widget elementor-widget-image\" data-id=\"0536a9c\" data-element_type=\"widget\" data-e-type=\"widget\" data-widget_type=\"image.default\">\n\t\t\t\t<div class=\"elementor-widget-container\">\n\t\t\t\t\t\t\t\t\t\t\t\t\t\t\t<img decoding=\"async\" width=\"300\" height=\"258\" src=\"https:\/\/www.formedical.com.br\/novo\/wp-content\/uploads\/2021\/03\/030-0154-00RevA-PTB-EVO-Brochure-HighRes-4-300x258.jpg\" class=\"attachment-medium size-medium wp-image-3415\" alt=\"gravador de holter\" srcset=\"https:\/\/www.formedical.com.br\/novo\/wp-content\/uploads\/2021\/03\/030-0154-00RevA-PTB-EVO-Brochure-HighRes-4-300x258.jpg 300w, https:\/\/www.formedical.com.br\/novo\/wp-content\/uploads\/2021\/03\/030-0154-00RevA-PTB-EVO-Brochure-HighRes-4-1024x880.jpg 1024w, https:\/\/www.formedical.com.br\/novo\/wp-content\/uploads\/2021\/03\/030-0154-00RevA-PTB-EVO-Brochure-HighRes-4-768x660.jpg 768w, https:\/\/www.formedical.com.br\/novo\/wp-content\/uploads\/2021\/03\/030-0154-00RevA-PTB-EVO-Brochure-HighRes-4.jpg 1369w\" sizes=\"(max-width: 300px) 100vw, 300px\" \/>\t\t\t\t\t\t\t\t\t\t\t\t\t\t\t<\/div>\n\t\t\t\t<\/div>\n\t\t\t\t<div class=\"elementor-element elementor-element-9702b03 elementor-widget elementor-widget-image\" data-id=\"9702b03\" data-element_type=\"widget\" data-e-type=\"widget\" data-widget_type=\"image.default\">\n\t\t\t\t<div class=\"elementor-widget-container\">\n\t\t\t\t\t\t\t\t\t\t\t\t\t\t\t<img loading=\"lazy\" decoding=\"async\" width=\"568\" height=\"426\" src=\"https:\/\/www.formedical.com.br\/novo\/wp-content\/uploads\/2022\/05\/aplicacao-holter-spacelabs-formedical.jpg\" class=\"attachment-large size-large wp-image-4767\" alt=\"Aplica\u00e7\u00e3o Gravador de Holter Spacelabs\" srcset=\"https:\/\/www.formedical.com.br\/novo\/wp-content\/uploads\/2022\/05\/aplicacao-holter-spacelabs-formedical.jpg 568w, https:\/\/www.formedical.com.br\/novo\/wp-content\/uploads\/2022\/05\/aplicacao-holter-spacelabs-formedical-300x225.jpg 300w\" sizes=\"(max-width: 568px) 100vw, 568px\" \/>\t\t\t\t\t\t\t\t\t\t\t\t\t\t\t<\/div>\n\t\t\t\t<\/div>\n\t\t\t\t\t<\/div>\n\t\t<\/div>\n\t\t\t\t\t<\/div>\n\t\t<\/section>\n\t\t\t\t<section class=\"elementor-section elementor-top-section elementor-element elementor-element-51460fb elementor-section-boxed elementor-section-height-default elementor-section-height-default\" data-id=\"51460fb\" data-element_type=\"section\" data-e-type=\"section\">\n\t\t\t\t\t\t<div class=\"elementor-container elementor-column-gap-default\">\n\t\t\t\t\t<div class=\"elementor-column elementor-col-50 elementor-top-column elementor-element elementor-element-39a8dc3\" data-id=\"39a8dc3\" data-element_type=\"column\" data-e-type=\"column\">\n\t\t\t<div class=\"elementor-widget-wrap elementor-element-populated\">\n\t\t\t\t\t\t<div class=\"elementor-element elementor-element-6420a6d elementor-widget elementor-widget-html\" data-id=\"6420a6d\" data-element_type=\"widget\" data-e-type=\"widget\" data-widget_type=\"html.default\">\n\t\t\t\t<div class=\"elementor-widget-container\">\n\t\t\t\t\t<div style=\"margin:0 auto; width:250px;height:auto;\"><figure class=\"wp-block-image size-large\"><a href=\"https:\/\/wa.me\/5519991696544?\" onclick=\"ga('send', 'event', 'botao', 'clique', 'whatsapp');\"><img loading=\"lazy\" decoding=\"async\" width=\"266\" height=\"140\" src=\"https:\/\/www.formedical.com.br\/novo\/wp-content\/uploads\/2020\/02\/atendimento-online-ultrassom-veterinario-formedical.png\" alt=\"\" class=\"wp-image-2983\"><\/a><\/figure><\/div>\t\t\t\t<\/div>\n\t\t\t\t<\/div>\n\t\t\t\t\t<\/div>\n\t\t<\/div>\n\t\t\t\t<div class=\"elementor-column elementor-col-50 elementor-top-column elementor-element elementor-element-6b67720\" data-id=\"6b67720\" data-element_type=\"column\" data-e-type=\"column\">\n\t\t\t<div class=\"elementor-widget-wrap\">\n\t\t\t\t\t\t\t<\/div>\n\t\t<\/div>\n\t\t\t\t\t<\/div>\n\t\t<\/section>\n\t\t\t\t<section class=\"elementor-section elementor-top-section elementor-element elementor-element-d0915fe elementor-section-boxed elementor-section-height-default elementor-section-height-default\" data-id=\"d0915fe\" data-element_type=\"section\" data-e-type=\"section\">\n\t\t\t\t\t\t<div class=\"elementor-container elementor-column-gap-default\">\n\t\t\t\t\t<div class=\"elementor-column elementor-col-50 elementor-top-column elementor-element elementor-element-67e94a0\" data-id=\"67e94a0\" data-element_type=\"column\" data-e-type=\"column\">\n\t\t\t<div class=\"elementor-widget-wrap\">\n\t\t\t\t\t\t\t<\/div>\n\t\t<\/div>\n\t\t\t\t<div class=\"elementor-column elementor-col-50 elementor-top-column elementor-element elementor-element-48b08bf\" data-id=\"48b08bf\" data-element_type=\"column\" data-e-type=\"column\">\n\t\t\t<div class=\"elementor-widget-wrap\">\n\t\t\t\t\t\t\t<\/div>\n\t\t<\/div>\n\t\t\t\t\t<\/div>\n\t\t<\/section>\n\t\t\t\t<\/div>\n\t\t","protected":false},"excerpt":{"rendered":"<p>Saiba mais Trabalhe de forma inteligente com o Gravador de Holter EVO Ofere\u00e7a Maior Seguran\u00e7a aos seus pacientes quanto ao risco de Contamina\u00e7\u00e3o Cruzada com o Melhor e Menor Custo por Exame. O evo foi concebido para oferecer um fluxo de trabalho que garante que o gravador possa ser reprocessado entre pacientes de forma r\u00e1pida&hellip; <br \/> <a class=\"button small blue\" href=\"https:\/\/www.formedical.com.br\/novo\/gravador-de-holter-spacelabs\/\">Leia mais<\/a><\/p>\n","protected":false},"author":1,"featured_media":0,"parent":0,"menu_order":0,"comment_status":"closed","ping_status":"closed","template":"","meta":{"footnotes":""},"class_list":["post-3410","page","type-page","status-publish","hentry"],"aioseo_notices":[],"_links":{"self":[{"href":"https:\/\/www.formedical.com.br\/novo\/wp-json\/wp\/v2\/pages\/3410","targetHints":{"allow":["GET"]}}],"collection":[{"href":"https:\/\/www.formedical.com.br\/novo\/wp-json\/wp\/v2\/pages"}],"about":[{"href":"https:\/\/www.formedical.com.br\/novo\/wp-json\/wp\/v2\/types\/page"}],"author":[{"embeddable":true,"href":"https:\/\/www.formedical.com.br\/novo\/wp-json\/wp\/v2\/users\/1"}],"replies":[{"embeddable":true,"href":"https:\/\/www.formedical.com.br\/novo\/wp-json\/wp\/v2\/comments?post=3410"}],"version-history":[{"count":60,"href":"https:\/\/www.formedical.com.br\/novo\/wp-json\/wp\/v2\/pages\/3410\/revisions"}],"predecessor-version":[{"id":5978,"href":"https:\/\/www.formedical.com.br\/novo\/wp-json\/wp\/v2\/pages\/3410\/revisions\/5978"}],"wp:attachment":[{"href":"https:\/\/www.formedical.com.br\/novo\/wp-json\/wp\/v2\/media?parent=3410"}],"curies":[{"name":"wp","href":"https:\/\/api.w.org\/{rel}","templated":true}]}}