{"id":3629,"date":"2021-08-09T05:04:46","date_gmt":"2021-08-09T08:04:46","guid":{"rendered":"https:\/\/www.formedical.com.br\/novo\/?page_id=3629"},"modified":"2021-08-09T05:39:39","modified_gmt":"2021-08-09T08:39:39","slug":"cookie-policy","status":"publish","type":"page","link":"https:\/\/www.formedical.com.br\/novo\/cookie-policy\/","title":{"rendered":"Pol\u00edtica de Privacidade"},"content":{"rendered":"<div class=\"cli_pg_page_contaner\">\n<h3>\u00a0<\/h3>\n<div><strong>Aplicabilidade<\/strong><\/div>\n<div>\u00a0<\/div>\n<\/div>\n<div>\n<p>A presente Pol\u00edtica de Privacidade indica como as plataformas da For Medical Vendas e Assist\u00eancia T\u00e9cnica Ltda. lidam com seus dados pessoais e com a prote\u00e7\u00e3o da sua privacidade. Esta Pol\u00edtica se aplica em especial mas n\u00e3o somente a este site: <a href=\"http:\/\/www.formedical.com.br\">www.formedical.com.br<\/a> e abrange inclusive os dados coletados em meios <em>offline<\/em>.<\/p>\n<p><strong>Tratamento de Informa\u00e7\u00f5es pessoais <\/strong><\/p>\n<p>Em atendimento \u00e0 Lei Geral de Prote\u00e7\u00e3o de Dados Pessoais (LGPD) \u2013 Lei 13.709\/2018, a For Medical est\u00e1 comprometida com sua privacidade e seguran\u00e7a e investe no desenvolvimento de solu\u00e7\u00f5es tecnol\u00f3gicas para prote\u00e7\u00e3o e confidencialidade das informa\u00e7\u00f5es registradas em decorr\u00eancia de seu acesso.<\/p>\n<p>Para a For Medical realizar suas atividades, \u00e9 preciso tratar dados pessoais para diversas finalidades, tais como realizar o seu cadastro nas plataformas digitais, possibilitar a emiss\u00e3o de or\u00e7amento ou entrega do produto solicitado no endere\u00e7o de sua prefer\u00eancia, registros estat\u00edsticos, bem como para apresentar conte\u00fado com novidade, promo\u00e7\u00f5es e outras informa\u00e7\u00f5es relevantes para voc\u00ea.<\/p>\n<p>Para proteger suas informa\u00e7\u00f5es a For Medical adota boas pr\u00e1ticas de seguran\u00e7a consagradas nas normas da fam\u00edlia ISO 27000 (Sistema de Gest\u00e3o de Seguran\u00e7a da Informa\u00e7\u00e3o) e emprega seus maiores esfor\u00e7os, adotando ferramentas de prote\u00e7\u00e3o \u00e0 tecnologia de informa\u00e7\u00e3o de acordo com os crit\u00e9rios mais atualizados e confi\u00e1veis do mercado.<\/p>\n<p><strong>Informa\u00e7\u00f5es Submetidas no Acesso<\/strong><\/p>\n<p>Ao fornecer seus dados pessoais atrav\u00e9s do site <a href=\"http:\/\/www.formedical.com.br\">www.formedical.com.br<\/a> ou de outra maneira, voc\u00ea aceita os termos e condi\u00e7\u00f5es desta Pol\u00edtica de Privacidade e Prote\u00e7\u00e3o de dados pessoais. Ressalta\u2013se que a For Medical trata dados pessoais enquanto necess\u00e1rios e para as finalidades que embasam a sua coleta, em conformidade com as bases legais previstas no artigo 7\u00ba da Lei Geral de Prote\u00e7\u00e3o de Dados Pessoais (LGPD) \u2013 Lei 13.709\/2018, assim, a lei autoriza o tratamento de dados para cumprimento de obriga\u00e7\u00e3o legal ou regulat\u00f3ria, exerc\u00edcio regular de direito, interesse leg\u00edtimo ou com o seu consentimento.\u00a0<\/p>\n<p><strong>Quais os dados que coletamos?<\/strong><\/p>\n<p>(i) Nome completo;<\/p>\n<p>(ii) Endere\u00e7o de e-mail;<\/p>\n<p>(iii) N\u00famero do CPF;<\/p>\n<p>(iv) Telefone;<\/p>\n<p>(v) Cidade\/Estado.<\/p>\n<p><strong>Servi\u00e7os de terceiros e integra\u00e7\u00f5es <\/strong><\/p>\n<p>Em nossos formul\u00e1rios solicitamos informa\u00e7\u00f5es e, quando necess\u00e1rio dados pessoais. Estes dados s\u00e3o acessados por profissionais habilitados e autorizados por nossa empresa, para dar atendimento necess\u00e1rio \u00e0 sua solicita\u00e7\u00e3o. Quando necess\u00e1rio, para atender \u00e0 sua solicita\u00e7\u00e3o de uma melhor forma ou concluir transa\u00e7\u00f5es, estes dados tamb\u00e9m poder\u00e3o ser compartilhados com afiliados ou parceiros que atuam para viabiliza\u00e7\u00e3o das atividades.<\/p>\n<p>A For Medical tem o compromisso de n\u00e3o comercializar seus dados com terceiros.<\/p>\n<p><strong>Uso de Dados Anonimizados <\/strong><\/p>\n<p>Sempre que poss\u00edvel, utilizaremos dados anonimizados (dados que n\u00e3o permitem a identifica\u00e7\u00e3o de uma pessoa individualizada) ou pseudonimizados (dados que, por si s\u00f3, n\u00e3o podem identificar uma pessoa individualizada) para as finalidades pretendidas.<\/p>\n<p>A exemplo, poder\u00e1 ser coletado o nome de seu provedor de acesso \u00e0 internet (ISP), o tipo de navegador e sistema operacional utilizado para acessar nosso site, a data e hora de acesso, e as p\u00e1ginas visitadas <em>(click-through)<\/em>. Essas informa\u00e7\u00f5es n\u00e3o o identificam pessoalmente e s\u00e3o coletadas e utilizadas para gerar estat\u00edsticas de acesso e melhorar a utilidade do Site.<\/p>\n<p><strong>Uso de Cookies<\/strong><\/p>\n<p>Utilizamos dados de <em>Cookies<\/em>, que s\u00e3o pequenos arquivos ou identificadores de texto colocados no seu computador, para garantir o funcionamento do site, para analisar e auxiliar na presta\u00e7\u00e3o de servi\u00e7os personalizados.<\/p>\n<p>Alguns <em>Cookies<\/em> s\u00e3o necess\u00e1rios para o pleno funcionamento do site, desse modo, a desativa\u00e7\u00e3o de cookies provavelmente resultar\u00e1 na desativa\u00e7\u00e3o de determinadas funcionalidades e recursos deste site. Entretanto, caso queira desabilitar <em>Cookies <\/em>dever\u00e1 seguir as instru\u00e7\u00f5es em \u201cAjuda\u201d e ajustar as configura\u00e7\u00f5es de acordo com seu navegador. Para tanto, listamos o procedimento dos principais navegadores nos links abaixo:<\/p>\n<p><strong>(i) <u>Firefox<\/u><\/strong><\/p>\n<p><strong><u>(ii) Google Chrome<\/u><\/strong><\/p>\n<p><strong><u>(iii) Internet Explorer <\/u><\/strong><\/p>\n<p><strong><u>(iv) Safari <\/u><\/strong><\/p>\n<p>As principais categorias e finalidades dos \u201ccookies\u201d utilizados pela For Medical s\u00e3o:<\/p>\n<p><strong>Cookies obrigat\u00f3rios<\/strong><\/p>\n<p>Os cookies obrigat\u00f3rios s\u00e3o necess\u00e1rios para garantir o funcionamento do site enquanto voc\u00ea navega. Estes recursos incluem formul\u00e1rios para solicita\u00e7\u00e3o de or\u00e7amentos ou contato.<\/p>\n<p><strong>Cookies Relacionados \u00e0 Conta<\/strong><\/p>\n<p>Se voc\u00ea criar uma conta conosco, usaremos <em>Cookies <\/em>para o gerenciamento do processo de inscri\u00e7\u00e3o e administra\u00e7\u00e3o geral. Esses <em>Cookies<\/em> geralmente ser\u00e3o exclu\u00eddos quando voc\u00ea sair do sistema, por\u00e9m, em alguns casos, eles poder\u00e3o permanecer posteriormente para lembrar as prefer\u00eancias do seu site ao sair.<\/p>\n<p><strong>Cookies Funcionais <\/strong><\/p>\n<p>Os Cookies Funcionais permitem lembrar as escolhas que voc\u00ea faz sobre o tipo de experi\u00eancia deseja em nosso site e melhorar a sua experi\u00eancia e usabilidade. Por exemplo, \u00e9 necess\u00e1rio um cookie funcional para lembrar qual idioma voc\u00ea prefere.<\/p>\n<p><strong>Cookies de Terceiros, de an\u00e1lise e desempenho<\/strong><\/p>\n<p>Este site utiliza o <em>Google Analytics<\/em>, que \u00e9 uma das solu\u00e7\u00f5es de an\u00e1lise mais difundidas e confi\u00e1veis da<em> Web<\/em>, para nos ajudar a identificar a origem, e entender o comportamento dos visitantes e de como podemos melhorar sua experi\u00eancia. As informa\u00e7\u00f5es coletadas por esses cookies s\u00e3o utilizadas principalmente de forma agregada, para nos auxiliar na an\u00e1lise de resultados de performance do site, bem como para que possamos continuar produzindo conte\u00fado atraente.<\/p>\n<\/div>\n\n\n<p><\/p>\n","protected":false},"excerpt":{"rendered":"<p>\u00a0 Aplicabilidade \u00a0 A presente Pol\u00edtica de Privacidade indica como as plataformas da For Medical Vendas e Assist\u00eancia T\u00e9cnica Ltda. lidam com seus dados pessoais e com a prote\u00e7\u00e3o da sua privacidade. Esta Pol\u00edtica se aplica em especial mas n\u00e3o somente a este site: www.formedical.com.br e abrange inclusive os dados coletados em meios offline. Tratamento&hellip; <br \/> <a class=\"button small blue\" href=\"https:\/\/www.formedical.com.br\/novo\/cookie-policy\/\">Leia mais<\/a><\/p>\n","protected":false},"author":1,"featured_media":0,"parent":0,"menu_order":0,"comment_status":"closed","ping_status":"closed","template":"template-fullwidth.php","meta":{"footnotes":""},"class_list":["post-3629","page","type-page","status-publish","hentry"],"aioseo_notices":[],"_links":{"self":[{"href":"https:\/\/www.formedical.com.br\/novo\/wp-json\/wp\/v2\/pages\/3629","targetHints":{"allow":["GET"]}}],"collection":[{"href":"https:\/\/www.formedical.com.br\/novo\/wp-json\/wp\/v2\/pages"}],"about":[{"href":"https:\/\/www.formedical.com.br\/novo\/wp-json\/wp\/v2\/types\/page"}],"author":[{"embeddable":true,"href":"https:\/\/www.formedical.com.br\/novo\/wp-json\/wp\/v2\/users\/1"}],"replies":[{"embeddable":true,"href":"https:\/\/www.formedical.com.br\/novo\/wp-json\/wp\/v2\/comments?post=3629"}],"version-history":[{"count":5,"href":"https:\/\/www.formedical.com.br\/novo\/wp-json\/wp\/v2\/pages\/3629\/revisions"}],"predecessor-version":[{"id":3638,"href":"https:\/\/www.formedical.com.br\/novo\/wp-json\/wp\/v2\/pages\/3629\/revisions\/3638"}],"wp:attachment":[{"href":"https:\/\/www.formedical.com.br\/novo\/wp-json\/wp\/v2\/media?parent=3629"}],"curies":[{"name":"wp","href":"https:\/\/api.w.org\/{rel}","templated":true}]}}