{"id":3689,"date":"2021-09-23T19:33:42","date_gmt":"2021-09-23T22:33:42","guid":{"rendered":"https:\/\/www.formedical.com.br\/novo\/one-page-express\/"},"modified":"2025-12-19T11:32:02","modified_gmt":"2025-12-19T14:32:02","slug":"one-page-express","status":"publish","type":"page","link":"https:\/\/www.formedical.com.br\/novo\/","title":{"rendered":"For Medical &#8211; Vendas de Equipamentos M\u00e9dicos, Ultrassom Veterin\u00e1rio e Assist\u00eancia T\u00e9cnica"},"content":{"rendered":"<div  data-label=\"Features\" data-id=\"features-image-cards-section\" data-category=\"features\" class=\"features-image-cards-section\" style=\"background-color: rgb(255, 255, 255);\" id=\"features-2\"> <div  class=\"gridContainer\"> <div  class=\"features-image-cards-textrow\"> <div  class=\"features-image-cards-textcol dynamic-color\" data-type=\"column\"> <h2  class=\"\">Como a For Medical pode te ajudar hoje?<\/h2> <p  class=\"\">A For Medical est\u00e1 h\u00e1 3 d\u00e9cadas comercializando as Melhores Marcas de Equipamentos M\u00e9dicos Hospitalares e \u00e9 tamb\u00e9m pioneira em Engenharia Cl\u00ednica e Calibra\u00e7\u00e3o de Equipamentos M\u00e9dicos no Brasil.<\/p> <\/div> <\/div> <div  class=\"features-image-cards-innerrow flexbox-list dark-text\" data-type=\"row\"> <div  class=\"features-image-cards-cardcol cp4cols cp6cols-tablet\"> <div  class=\"features-image-cards-cardrow\"><img  decoding=\"async\" class=\"features-image-cards-featimg\" src=\"https:\/\/www.formedical.com.br\/novo\/wp-content\/uploads\/2024\/02\/datrtend.jpeg\" alt=\"\"> <div  class=\"features-image-cards-cardtextrow\" data-type=\"column\"> <h4  class=\"\">Equipamentos Hospitalares<\/h4> <p  class=\"\">Comercializamos equipamentos para Engenharia Cl\u00ednica e Cardiologia.<\/p> <hr  class=\"features-image-cards-separator\"> <a  class=\"button blue\" href=\"https:\/\/www.formedical.com.br\/novo\/equipamentos-medicos-hospitalares-formedical\" target=\"_self\">Saiba mais<\/a><\/div> <\/div> <\/div> <div  class=\"features-image-cards-cardcol cp4cols cp6cols-tablet\"> <div  class=\"features-image-cards-cardrow\"><img  decoding=\"async\" class=\"features-image-cards-featimg\" src=\"https:\/\/www.formedical.com.br\/novo\/wp-content\/uploads\/2025\/01\/at.jpg\" alt=\"\"> <div  class=\"features-image-cards-cardtextrow\" data-type=\"column\"> <h4  class=\"\">Assist\u00eancia T\u00e9cnica e Calibra\u00e7\u00e3o de Equipamentos<\/h4> <p  class=\"\">Fale com a nossa equipe t\u00e9cnica para assist\u00eancia em equipamentos ou calibra\u00e7\u00e3o de equipamentos<\/p> <hr  class=\"features-image-cards-separator\"> <a  class=\"button blue\" href=\"https:\/\/www.formedical.com.br\/novo\/equipamentos-medicos-hospitalares-formedical\" target=\"_self\">SAiba mais<\/a><\/div> <\/div> <\/div> <div  class=\"features-image-cards-cardcol cp4cols cp6cols-tablet\"> <div  class=\"features-image-cards-cardrow\"><img  decoding=\"async\" class=\"features-image-cards-featimg\" src=\"https:\/\/www.formedical.com.br\/novo\/wp-content\/uploads\/2024\/05\/WhatsApp-Image-2024-05-07-at-14.40.34.jpeg\" alt=\"\"> <div  class=\"features-image-cards-cardtextrow\" data-type=\"column\"> <h4  class=\"\">Equipamentos Veterin\u00e1rio<\/h4> <p  class=\"\">Conhe\u00e7a nossa linha de ultrassom veterin\u00e1rio para animais de pequeno e grande porte.<\/p> <hr  class=\"features-image-cards-separator\"> <a  class=\"button blue\" href=\"https:\/\/www.formedical.com.br\/novo\/ultrassom-veterinario\" target=\"_self\">SAiba mais<\/a><\/div> <\/div> <\/div> <\/div> <\/div><\/div><div  data-label=\"About\" data-id=\"about-four-boxes-section\" data-category=\"about\" class=\"about-four-boxes-section\" id=\"about-2\" style=\"background-color: rgb(255, 255, 255);\"> <div  class=\"gridContainer\"> <div  class=\"about-four-boxes-innerrow flexbox-list\"> <div  class=\"about-four-boxes-imgcol\" data-bg=\"image\" style=\"background-image: url(&quot;https:\/\/www.formedical.com.br\/novo\/wp-content\/uploads\/2024\/01\/dm20v_up3101.jpg&quot;);\"><\/div> <div  class=\"about-four-boxes-textcol\" data-type=\"column\"> <h6  class=\"\">ULTRASSOM B\/W<\/h6> <h2  class=\"\">US para Reprodu\u00e7\u00e3o<\/h2> <p  class=\"\">Ultrassom para animais de grande porte ideal para Reprodu\u00e7\u00e3o, Diagn\u00f3stico Gestacional, Sexagem e outros.<\/p> <a  class=\"button blue\" href=\"https:\/\/www.formedical.com.br\/novo\/ultrassom-veterinario\" target=\"_self\">saiba mais<\/a><\/div> <div  class=\"about-four-boxes-textcol\" data-type=\"column\"> <h6  class=\"\">ULTRASSOM COLOR<\/h6> <h2  class=\"\">Para todos os portes<\/h2> <p  class=\"\">Conhe\u00e7a a nossa linha color doppler, port\u00e1til e ultra port\u00e1til.<\/p> <a  class=\"button blue\" href=\"https:\/\/www.formedical.com.br\/novo\/ultrassom-veterinario\" target=\"_self\">saiba mais<\/a><\/div> <div  class=\"about-four-boxes-imgcol2\" data-bg=\"image\" style=\"background-image: url(&quot;https:\/\/www.formedical.com.br\/novo\/wp-content\/uploads\/2024\/01\/sonoair_3101.jpg&quot;);\"><\/div> <\/div> <\/div><\/div><div  data-label=\"About\" data-id=\"about-big-images-section\" data-category=\"about\" class=\"about-big-images-section\" id=\"about-1\" style=\"background-color: rgb(255, 255, 255);\"> <div  class=\"gridContainer\"> <div  class=\"about-big-images-textrow\"> <div  class=\"about-big-images-textcol dynamic-color\" data-type=\"column\">  <h3  class=\"\">Gravador de Holter \n<br >Eclipse Pro&nbsp;<\/h3> <p  class=\"\">O Eclipse Pro da Spacelabs traz novas vantagens em sua gama de op\u00e7\u00f5es de grava\u00e7\u00e3o, facilidade de uso, coopera\u00e7\u00e3o do paciente e resposta r\u00e1pida.<\/p> <a  class=\"button blue big\" href=\"https:\/\/wa.me\/5511967798000?text=Quero%20informa%C3%A7%C3%B5es%20sobre%20o%20holter%20Eclipse\" target=\"_self\" rel=\"noopener\">SAIBA MAIS<\/a> <\/div> <\/div> <\/div> <div  class=\"about-big-images-bottomrow\"> <div  class=\"about-big-images-leftimgcol\"><img  decoding=\"async\" class=\"about-big-images-leftimg\" src=\"https:\/\/www.formedical.com.br\/novo\/wp-content\/uploads\/2024\/05\/70868-17836789.webp\" alt=\"\"> <\/div> <div  class=\"about-big-images-centerimgcol\"><img  decoding=\"async\" class=\"about-big-images-centerimg\" src=\"https:\/\/www.formedical.com.br\/novo\/wp-content\/uploads\/2024\/05\/Eclipse-1.jpg\" alt=\"\"> <\/div> <div  class=\"about-big-images-rightimgcol\"><img  decoding=\"async\" class=\"about-big-images-rightimg\" src=\"https:\/\/www.formedical.com.br\/novo\/wp-content\/uploads\/2024\/05\/PTB-webpage-EclipsePro-leads.webp\" alt=\"\"> <\/div> <\/div> <\/div><div  id=\"overlapable-1\" class=\"stripped-about-four-boxes-section\" style=\"background-color: rgb(246, 246, 246);\" data-label=\"Overlapable\" data-id=\"stripped-about-four-boxes-section\" data-category=\"overlapable\" data-overlap=\"true\">\n<div  class=\"gridContainer\">\n<div  class=\"about-four-boxes-innerrow flexbox-list\">\n<div  class=\"about-four-boxes-imgcol\" style=\"background-image: url('https:\/\/www.formedical.com.br\/novo\/wp-content\/uploads\/2024\/02\/20220709_114310.webp');\" data-bg=\"image\"><\/div>\n<div  class=\"about-four-boxes-textcol\" data-type=\"column\">\n<h2  class=\"\">Qualidade e Precis\u00e3o<\/h2>\n<p  class=\"\">Produtos de alta qualidade com resultados superiores em precis\u00e3o.<\/p>\n\n<\/div>\n<div  class=\"about-four-boxes-textcol\" data-type=\"column\">\n<h2  class=\"\">Erg\u00f4metros Lode<\/h2>\n<p  class=\"\">Erg\u00f4metros verticais, Erg\u00f4metros reclinados, Erg\u00f4metros de bra\u00e7o e Erg\u00f4metros reclin\u00e1veis.<\/p>\n<a  class=\"button blue\" href=\"https:\/\/www.formedical.com.br\/novo\/bicicletas-e-esteiras-lode-ergometry\" target=\"_self\" rel=\"noopener\">SAIBA MAIS<\/a>\n\n<\/div>\n<div  class=\"about-four-boxes-imgcol2\" style=\"background-image: url('https:\/\/www.formedical.com.br\/novo\/wp-content\/uploads\/2024\/02\/lode-alta-performance.jpg');\" data-bg=\"image\"><\/div>\n<\/div>\n<\/div>\n<\/div><div  id=\"about-3\" class=\"about-images-right-section\" style=\"background-color: rgb(255, 255, 255);\" data-label=\"About\" data-id=\"about-images-right-section\" data-category=\"about\">\n<div  class=\"gridContainer dynamic-color\">\n<div  class=\"about-images-right-innerrow dynamic-color\">\n<div  class=\"about-images-right-textcol\" data-type=\"column\">\n<h5  class=\"\">Temos a Solu\u00e7\u00e3o para seu Hospital e Cl\u00ednica<\/h5>\n<h2  class=\"about-images-right-bigtitle\">Assist\u00eancia T\u00e9cnica, Venda de Equipamentos M\u00e9dicos<\/h2>\n<p  class=\"\">A For Medical est\u00e1 h\u00e1 3 d\u00e9cadas comercializando as Melhores Marcas de Equipamentos M\u00e9dicos Hospitalares e \u00e9 tamb\u00e9m pioneira em Engenharia Cl\u00ednica e Calibra\u00e7\u00e3o de Equipamentos M\u00e9dicos no Brasil.<\/p>\n<a  class=\"button blue\" href=\"https:\/\/www.formedical.com.br\/novo\/equipamentos-medicos-hospitalares-formedical\" target=\"_self\" rel=\"noopener\">Saiba mais<\/a>\n\n<\/div>\n<div  class=\"about-images-right-imgcol\"><img  decoding=\"async\" class=\"about-images-right-topimg\" src=\"https:\/\/www.formedical.com.br\/novo\/wp-content\/uploads\/2021\/09\/predio-formedical-.jpg\" alt=\"\"><img  decoding=\"async\" class=\"about-images-right-rightimg\" src=\"https:\/\/www.formedical.com.br\/novo\/wp-content\/uploads\/2022\/06\/produtos-formedical.jpg\" alt=\"\"><img  decoding=\"async\" class=\"about-images-right-leftimg\" src=\"https:\/\/www.formedical.com.br\/novo\/wp-content\/uploads\/2021\/09\/cropped-FachadaFM-1.jpg\" alt=\"\"><\/div>\n<\/div>\n<\/div>\n<\/div><div  id=\"portfolio-1\" class=\"portfolio-cards-section\" style=\"background-color: rgb(246, 246, 246);\" data-label=\"Portfolio\" data-id=\"portfolio-cards-section\" data-category=\"portfolio\">\n<div  class=\"gridContainer\">\n<div  class=\"portfolio-cards-textcol dynamic-color\" data-type=\"column\">\n<h2  class=\"\">Solu\u00e7\u00f5es para Hospitais e \u00c1rea Veterin\u00e1ria<\/h2>\n<p  class=\"\">A Formedical possui uma ampla linha de equipamentos e servi\u00e7os para \u00e1rea Hospitalar e Veterin\u00e1ria.<\/p>\n\n<\/div>\n<div  class=\"portfolio-cards-projectsro dark-text\" data-type=\"row\">\n<div  class=\"portfolio-cards-projectcol cp4cols cp6cols-tablet\">\n<div  class=\"portfolio-cards-projectcard\">\n<div  id=\"ContentSwap104\" class=\"contentswap-effect ContentSwap104\">\n<div  class=\"ContentSwap104_content initial-image\"><a  href=\"https:\/\/www.formedical.com.br\/novo\/monitor-ambulatorial-de-pressao-arterial-spacelabs-healthcare\"><img  decoding=\"async\" class=\"portfolio-cards-projectimg\" src=\"https:\/\/www.formedical.com.br\/novo\/wp-content\/uploads\/2021\/09\/cropped-manguito-adulto-obeso-pratico.jpg\" data-size=\"1200x800\"><\/a><\/div>\n<div  class=\"overlay\" style=\"display: block; opacity: 1;\"><\/div>\n<div  class=\"swap-inner\" style=\"opacity: 1; display: block;\">\n<div  class=\"ContentSwap104-center\"><\/div>\n<\/div>\n<\/div>\n<div  class=\"portfolio-cards-projectinfo\">\n<div  class=\"portfolio-cards-projnamecol\" data-type=\"column\">\n<h4  class=\"portfolio-cards-projtitle\" style=\"text-align: center;\"><a  href=\"https:\/\/www.formedical.com.br\/novo\/equipamentos-para-cardiologia-mapa-e-holter\">Cardiologia<\/a><\/h4>\n<\/div>\n<\/div>\n<\/div>\n<\/div>\n<div  class=\"portfolio-cards-projectcol cp4cols cp6cols-tablet\">\n<div  class=\"portfolio-cards-projectcard\">\n<div  id=\"ContentSwap104\" class=\"contentswap-effect ContentSwap104\">\n<div  class=\"ContentSwap104_content initial-image\"><a  href=\"https:\/\/www.formedical.com.br\/novo\/ergoespirometria-e-funcao-pulmonar-mgc-diagnostics\"><img  decoding=\"async\" class=\"portfolio-cards-projectimg\" src=\"https:\/\/www.formedical.com.br\/novo\/wp-content\/uploads\/2021\/09\/cropped-cicloergometro_google.jpg\" data-size=\"1200x800\"><\/a><\/div>\n<div  class=\"overlay\" style=\"display: block; opacity: 1;\"><\/div>\n<div  class=\"swap-inner\" style=\"opacity: 1; display: block;\">\n<div  class=\"ContentSwap104-center\"><\/div>\n<\/div>\n<\/div>\n<div  class=\"portfolio-cards-projectinfo\">\n<div  class=\"portfolio-cards-projnamecol\" data-type=\"column\">\n<h4  class=\"portfolio-cards-projtitle\" style=\"text-align: center;\"><a  href=\"https:\/\/www.formedical.com.br\/novo\/ergoespirometria-e-funcao-pulmonar-mgc-diagnostics\">Fun\u00e7\u00e3o Pulmonar<\/a><\/h4>\n<\/div>\n<\/div>\n<\/div>\n<\/div>\n<div  class=\"portfolio-cards-projectcol cp4cols cp6cols-tablet\">\n<div  class=\"portfolio-cards-projectcard\">\n<div  id=\"ContentSwap104\" class=\"contentswap-effect ContentSwap104\">\n<div  class=\"ContentSwap104_content initial-image\"><a  href=\"https:\/\/www.formedical.com.br\/novo\/simuladores-contec\"><img  decoding=\"async\" class=\"portfolio-cards-projectimg\" src=\"https:\/\/www.formedical.com.br\/novo\/wp-content\/uploads\/2021\/09\/cropped-simulador-de-paciente.png\" data-size=\"1200x800\"><\/a><\/div>\n<div  class=\"overlay\" style=\"display: block; opacity: 1;\"><\/div>\n<div  class=\"swap-inner\" style=\"opacity: 1; display: block;\">\n<div  class=\"ContentSwap104-center\"><\/div>\n<\/div>\n<\/div>\n<div  class=\"portfolio-cards-projectinfo\">\n<div  class=\"portfolio-cards-projnamecol\" data-type=\"column\">\n<h4  class=\"portfolio-cards-projtitle\" style=\"text-align: center;\"><a  href=\"https:\/\/www.formedical.com.br\/novo\/simuladores-contec\">Simuladores<\/a><\/h4>\n<\/div>\n<\/div>\n<\/div>\n<\/div>\n<div  class=\"portfolio-cards-projectcol cp4cols cp6cols-tablet\">\n<div  class=\"portfolio-cards-projectcard\">\n<div  id=\"ContentSwap104\" class=\"contentswap-effect ContentSwap104\">\n<div  class=\"ContentSwap104_content initial-image\"><a  href=\"https:\/\/www.formedical.com.br\/novo\/engenharia-clinica-for-medical-2\"><img  decoding=\"async\" class=\"portfolio-cards-projectimg\" src=\"https:\/\/www.formedical.com.br\/novo\/wp-content\/uploads\/2021\/09\/cropped-laboratiorio-assistencia-tecnica-formedical-fluke.jpg\" data-size=\"1200x800\"><\/a><\/div>\n<div  class=\"overlay\" style=\"display: block; opacity: 1;\"><\/div>\n<div  class=\"swap-inner\" style=\"opacity: 1; display: block;\">\n<div  class=\"ContentSwap104-center\"><\/div>\n<\/div>\n<\/div>\n<div  class=\"portfolio-cards-projectinfo\">\n<div  class=\"portfolio-cards-projnamecol\" data-type=\"column\">\n<h4  class=\"portfolio-cards-projtitle\" style=\"text-align: center;\"><a  href=\"https:\/\/www.formedical.com.br\/novo\/engenharia-clinica-for-medical-2\">Engenharia Cl\u00ednica<\/a><\/h4>\n<\/div>\n<\/div>\n<\/div>\n<\/div>\n<div  class=\"portfolio-cards-projectcol cp4cols cp6cols-tablet\">\n<div  class=\"portfolio-cards-projectcard\">\n<div  id=\"ContentSwap104\" class=\"contentswap-effect ContentSwap104\">\n<div  class=\"ContentSwap104_content initial-image\"><a  href=\"https:\/\/www.formedical.com.br\/novo\/category\/eventos\"><img  decoding=\"async\" class=\"portfolio-cards-projectimg\" src=\"https:\/\/www.formedical.com.br\/novo\/wp-content\/uploads\/2021\/09\/cropped-77333063_1513005668850238_4402456897056145408_o.jpg\" data-size=\"1200x800\"><\/a><\/div>\n<div  class=\"overlay\" style=\"display: block; opacity: 1;\"><\/div>\n<div  class=\"swap-inner\" style=\"opacity: 1; display: block;\">\n<div  class=\"ContentSwap104-center\"><\/div>\n<\/div>\n<\/div>\n<div  class=\"portfolio-cards-projectinfo\">\n<div  class=\"portfolio-cards-projnamecol\" data-type=\"column\">\n<h4  class=\"portfolio-cards-projtitle\" style=\"text-align: center;\"><a  href=\"https:\/\/www.formedical.com.br\/novo\/category\/eventos\">Cursos<\/a><\/h4>\n<\/div>\n<\/div>\n<\/div>\n<\/div>\n<div  class=\"portfolio-cards-projectcol cp4cols cp6cols-tablet\">\n<div  class=\"portfolio-cards-projectcard\">\n<div  id=\"ContentSwap104\" class=\"contentswap-effect ContentSwap104\">\n<div  class=\"ContentSwap104_content initial-image\"><a  href=\"https:\/\/www.formedical.com.br\/novo\/ultrassom-veterinario\"><img fetchpriority=\"high\" fetchpriority=\"high\"  decoding=\"async\" class=\"alignnone wp-image-5544\" src=\"https:\/\/www.formedical.com.br\/novo\/wp-content\/uploads\/2024\/01\/WhatsApp-Image-2024-01-31-at-12.13.59-300x169.jpeg\" sizes=\"(max-width: 843px) 100vw, 843px\" srcset=\"https:\/\/www.formedical.com.br\/novo\/wp-content\/uploads\/2024\/01\/WhatsApp-Image-2024-01-31-at-12.13.59-300x169.jpeg 300w, https:\/\/www.formedical.com.br\/novo\/wp-content\/uploads\/2024\/01\/WhatsApp-Image-2024-01-31-at-12.13.59-1024x576.jpeg 1024w, https:\/\/www.formedical.com.br\/novo\/wp-content\/uploads\/2024\/01\/WhatsApp-Image-2024-01-31-at-12.13.59-768x432.jpeg 768w, https:\/\/www.formedical.com.br\/novo\/wp-content\/uploads\/2024\/01\/WhatsApp-Image-2024-01-31-at-12.13.59.jpeg 1280w\" alt=\"\" width=\"843\" height=\"475\"><\/a><\/div>\n<div  class=\"overlay\" style=\"display: block; opacity: 1;\"><\/div>\n<div  class=\"swap-inner\" style=\"opacity: 1; display: block;\">\n<div  class=\"ContentSwap104-center\"><\/div>\n<\/div>\n<\/div>\n<div  class=\"portfolio-cards-projectinfo\">\n<div  class=\"portfolio-cards-projnamecol\" data-type=\"column\">\n<h4  class=\"portfolio-cards-projtitle\" style=\"text-align: center;\"><a  href=\"https:\/\/www.formedical.com.br\/novo\/ultrassom-veterinario\">Ultrassom Veterin\u00e1rio<\/a><\/h4>\n<\/div>\n<\/div>\n<\/div>\n<\/div>\n<\/div>\n<\/div>\n<\/div><div  id=\"clients-1\" class=\"clients-grid-section\" style=\"background-color: #ffffff;\" data-label=\"Clients\" data-id=\"clients-grid-section\" data-category=\"clients\">\n<div  class=\"gridContainer\">\n<div  class=\"clients-grid-textrow row\" data-type=\"column\">\n<div  class=\"clients-grid-textcol dynamic-color\" data-type=\"column\">\n\n\n\n<\/div>\n<\/div>\n<div  class=\"row\" data-type=\"row\" data-add-content=\"false\">\n<div  class=\"clients-grid-itemcol cp3cols-tablet cp3cols\">\n<div  class=\"middle_align5\"><a  href=\"https:\/\/www.formedical.com.br\/novo\/simuladores-contec\" target=\"_self\" rel=\"noopener\"><img  decoding=\"async\" class=\"clients-grid-itemimg\" src=\"https:\/\/www.formedical.com.br\/novo\/wp-content\/uploads\/2021\/09\/contec.png\"><\/a><\/div>\n<\/div>\n<div  class=\"clients-grid-itemcol cp3cols-tablet cp3cols\">\n<div  class=\"middle_align5\"><a  href=\"https:\/\/www.formedical.com.br\/novo\/ergoespirometria-e-funcao-pulmonar-mgc-diagnostics\" target=\"_self\"><img  decoding=\"async\" class=\"clients-grid-itemimg\" src=\"https:\/\/www.formedical.com.br\/novo\/wp-content\/uploads\/2021\/09\/logo-mgc.png\"><\/a><\/div>\n<\/div>\n\n<div  class=\"clients-grid-itemcol cp3cols-tablet cp3cols\">\n<div  class=\"middle_align5\"><a  href=\"https:\/\/www.formedical.com.br\/novo\/linhade-analisadores-datrend\" target=\"_self\" rel=\"noopener\"><img  decoding=\"async\" class=\"clients-grid-itemimg\" src=\"https:\/\/www.formedical.com.br\/novo\/wp-content\/uploads\/2024\/01\/logo.png\"><\/a><\/div>\n<\/div>\n<div  class=\"clients-grid-itemcol cp3cols-tablet cp3cols\">\n<div  class=\"middle_align5\"><a  href=\"https:\/\/www.formedical.com.br\/novo\/equipamentos-para-cardiologia-mapa-e-holter\" target=\"_self\" rel=\"noopener\"><img  decoding=\"async\" class=\"clients-grid-itemimg\" src=\"https:\/\/www.formedical.com.br\/novo\/wp-content\/uploads\/2021\/09\/spacelabs.png\"><\/a><\/div>\n<\/div><div  class=\"clients-grid-itemcol cp3cols-tablet cp3cols\">\n<div  class=\"middle_align5\"><a  href=\"https:\/\/www.formedical.com.br\/novo\/ultrassom-veterinario\" target=\"_self\" rel=\"noopener\"><img  decoding=\"async\" class=\"clients-grid-itemimg\" src=\"https:\/\/www.formedical.com.br\/novo\/wp-content\/uploads\/2025\/01\/sonoscape.png\"><\/a><\/div>\n<\/div><div  class=\"clients-grid-itemcol cp3cols-tablet cp3cols\">\n<div  class=\"middle_align5\"><a  href=\"https:\/\/www.formedical.com.br\/novo\/bicicletas-e-esteiras-lode-ergometry\" target=\"_self\" rel=\"noopener\"><img  decoding=\"async\" class=\"clients-grid-itemimg\" src=\"https:\/\/www.formedical.com.br\/novo\/wp-content\/uploads\/2025\/01\/lode.png\"><\/a><\/div>\n<\/div><\/div>\n<\/div>\n<\/div><div  id=\"features-5\" class=\"features-small-icon-cards-section\" style=\"background-color: rgb(246, 246, 246);\" data-label=\"Features\" data-id=\"features-small-icon-cards-section\" data-category=\"features\">\n<div  class=\"gridContainer\">\n<div  class=\"features-small-icon-cards-textrow\">\n<div  class=\"features-small-icon-cards-textcol dynamic-color\" data-type=\"column\">\n<h2  class=\"\">Fale Conosco<\/h2>\n<\/div>\n<\/div>\n<div  class=\"features-small-icon-cards-featuresrow dark-text\" data-type=\"row\">\n<div  class=\"features-small-icon-cards-featcol\">\n<div  class=\"features-small-icon-cards-featinnerrow\">\n<div  class=\"features-small-icon-cards-iconcol\"><\/div>\n<div  class=\"features-small-icon-cards-feattextcol\" data-type=\"column\">\n<h4  class=\"\">WhatsApp Ultrassom Vet e Servi\u00e7os<\/h4>\n<a  class=\"\" href=\"https:\/\/wa.me\/5519991696544?text=Estou%20no%20seu%20site%20e%20gostaria%20de%20saber%20valores%20do%20ultrassom\" target=\"_self\" rel=\"noopener\">(19) 99169-6544<\/a>\n\n<\/div>\n<\/div>\n<\/div>\n<div  class=\"features-small-icon-cards-featcol\">\n<div  class=\"features-small-icon-cards-featinnerrow\">\n<div  class=\"features-small-icon-cards-iconcol\"><\/div>\n<div  class=\"features-small-icon-cards-feattextcol\" data-type=\"column\">\n<h4  class=\"\">WhatsApp Linha Humana<\/h4>\n\n\n<a  href=\"https:\/\/wa.me\/5511967798000?text=Estou%20no%20seu%20site%20e%20gostaria%20de%20mais%20informa%C3%A7%C3%B5es%20sobre%20os%20equipamentos\" class=\"\" target=\"_self\">(11) 96779-8000<\/a><\/div>\n<\/div>\n<\/div>\n<div  class=\"features-small-icon-cards-featcol\">\n<div  class=\"features-small-icon-cards-featinnerrow\">\n<div  class=\"features-small-icon-cards-iconcol\"><\/div>\n<div  class=\"features-small-icon-cards-feattextcol\" data-type=\"column\">\n<h4  class=\"\">Assist\u00eancia T\u00e9cnica For Medical<\/h4>\n<a  class=\"\" href=\"https:\/\/wa.me\/5519999038027\" target=\"_blank\" rel=\"noopener\">Falar com T\u00e9cnico<\/a>\n\n<\/div>\n<\/div>\n<\/div>\n<div  class=\"features-small-icon-cards-featcol\">\n<div  class=\"features-small-icon-cards-featinnerrow\">\n<div  class=\"features-small-icon-cards-iconcol\"><\/div>\n<div  class=\"features-small-icon-cards-feattextcol\" data-type=\"column\">\n<h4  class=\"\">Pol\u00edtica de Privacidade<\/h4>\n<a  class=\"\" href=\"https:\/\/www.formedical.com.br\/novo\/cookie-policy\/#page-content\" target=\"_self\" rel=\"noopener\">Prote\u00e7\u00e3o de Dados do Usu\u00e1rio<\/a>\n\n<\/div>\n<\/div>\n<\/div>\n<div  class=\"features-small-icon-cards-featcol\">\n<div  class=\"features-small-icon-cards-featinnerrow\">\n<div  class=\"features-small-icon-cards-iconcol\"><\/div>\n<div  class=\"features-small-icon-cards-feattextcol\" data-type=\"column\">\n<h4  class=\"\">Representantes Autorizados<\/h4>\n<a  class=\"\" href=\"https:\/\/www.formedical.com.br\/novo\/representantes-autorizados-linha-ultrassom\" target=\"_self\" rel=\"noopener\">Representantes \u2013 Ultrassom Veterin\u00e1rio<\/a>\n\n<\/div>\n<\/div>\n<\/div>\n<div  class=\"features-small-icon-cards-featcol\">\n<div  class=\"features-small-icon-cards-featinnerrow\">\n<div  class=\"features-small-icon-cards-iconcol\"><\/div>\n<div  class=\"features-small-icon-cards-feattextcol\" data-type=\"column\">\n<h4  class=\"\">SAC \/ Reclama\u00e7\u00f5es<\/h4>\n<p  class=\"\">sac@formedical.com.br<\/p>\n\n<\/div>\n<\/div>\n<\/div>\n<\/div>\n<\/div>\n<\/div>","protected":false},"excerpt":{"rendered":"<p>Como a For Medical pode te ajudar hoje? A For Medical est\u00e1 h\u00e1 3 d\u00e9cadas comercializando as Melhores Marcas de Equipamentos M\u00e9dicos Hospitalares e \u00e9 tamb\u00e9m pioneira em Engenharia Cl\u00ednica e Calibra\u00e7\u00e3o de Equipamentos M\u00e9dicos no Brasil. Equipamentos Hospitalares Comercializamos equipamentos para Engenharia Cl\u00ednica e Cardiologia. Saiba mais Assist\u00eancia T\u00e9cnica e Calibra\u00e7\u00e3o de Equipamentos Fale&hellip; <br \/> <a class=\"button small blue\" href=\"https:\/\/www.formedical.com.br\/novo\/2021\/08\/18\/pft-covid-19-os-numeros-do-filtro-contam-apenas-parte-da-historia\/\">Leia mais<\/a><\/p>\n","protected":false},"author":1,"featured_media":0,"parent":0,"menu_order":0,"comment_status":"closed","ping_status":"closed","template":"","meta":{"footnotes":""},"class_list":["post-3689","page","type-page","status-publish","hentry"],"aioseo_notices":[],"_links":{"self":[{"href":"https:\/\/www.formedical.com.br\/novo\/wp-json\/wp\/v2\/pages\/3689","targetHints":{"allow":["GET"]}}],"collection":[{"href":"https:\/\/www.formedical.com.br\/novo\/wp-json\/wp\/v2\/pages"}],"about":[{"href":"https:\/\/www.formedical.com.br\/novo\/wp-json\/wp\/v2\/types\/page"}],"author":[{"embeddable":true,"href":"https:\/\/www.formedical.com.br\/novo\/wp-json\/wp\/v2\/users\/1"}],"replies":[{"embeddable":true,"href":"https:\/\/www.formedical.com.br\/novo\/wp-json\/wp\/v2\/comments?post=3689"}],"version-history":[{"count":181,"href":"https:\/\/www.formedical.com.br\/novo\/wp-json\/wp\/v2\/pages\/3689\/revisions"}],"predecessor-version":[{"id":6263,"href":"https:\/\/www.formedical.com.br\/novo\/wp-json\/wp\/v2\/pages\/3689\/revisions\/6263"}],"wp:attachment":[{"href":"https:\/\/www.formedical.com.br\/novo\/wp-json\/wp\/v2\/media?parent=3689"}],"curies":[{"name":"wp","href":"https:\/\/api.w.org\/{rel}","templated":true}]}}