{"id":4095,"date":"2021-10-25T06:41:40","date_gmt":"2021-10-25T09:41:40","guid":{"rendered":"https:\/\/www.formedical.com.br\/novo\/?page_id=4095"},"modified":"2021-10-26T16:15:33","modified_gmt":"2021-10-26T19:15:33","slug":"linha-de-mamografos-e-densitometria-ossea-hologic","status":"publish","type":"page","link":"https:\/\/www.formedical.com.br\/novo\/linha-de-mamografos-e-densitometria-ossea-hologic\/","title":{"rendered":"Linha de Mam\u00f3grafos e Densitometria \u00d3ssea Hologic"},"content":{"rendered":"\t\t<div data-elementor-type=\"wp-page\" data-elementor-id=\"4095\" class=\"elementor elementor-4095\">\n\t\t\t\t\t\t<section class=\"elementor-section elementor-top-section elementor-element elementor-element-6b57fff elementor-section-boxed elementor-section-height-default elementor-section-height-default\" data-id=\"6b57fff\" data-element_type=\"section\" data-e-type=\"section\">\n\t\t\t\t\t\t<div class=\"elementor-container elementor-column-gap-default\">\n\t\t\t\t\t<div class=\"elementor-column elementor-col-100 elementor-top-column elementor-element elementor-element-64c518d\" data-id=\"64c518d\" data-element_type=\"column\" data-e-type=\"column\">\n\t\t\t<div class=\"elementor-widget-wrap elementor-element-populated\">\n\t\t\t\t\t\t<div class=\"elementor-element elementor-element-abc4a74 elementor-widget elementor-widget-heading\" data-id=\"abc4a74\" data-element_type=\"widget\" data-e-type=\"widget\" data-widget_type=\"heading.default\">\n\t\t\t\t<div class=\"elementor-widget-container\">\n\t\t\t\t\t<h2 class=\"elementor-heading-title elementor-size-default\">APLICAMOS CI\u00caNCIA DE PONTA PARA ACELERAR A DESCOBERTA, MELHORAR A EFICI\u00caNCIA E APRIMORAR CONTINUAMENTE A PRECIS\u00c3O.<\/h2>\t\t\t\t<\/div>\n\t\t\t\t<\/div>\n\t\t\t\t<div class=\"elementor-element elementor-element-217f87d elementor-widget elementor-widget-text-editor\" data-id=\"217f87d\" data-element_type=\"widget\" data-e-type=\"widget\" data-widget_type=\"text-editor.default\">\n\t\t\t\t<div class=\"elementor-widget-container\">\n\t\t\t\t\t\t\t\t\t<p>Para mulheres que enfrentam c\u00e2ncer de mama, a Hologic est\u00e1 l\u00e1 desde a triagem at\u00e9 o tratamento com tecnologias que promovem a detec\u00e7\u00e3o precoce e produtos de interven\u00e7\u00e3o da mais alta qualidade, quando necess\u00e1rio.<\/p><p><br \/>Nosso exame Genius 3D \u2122 Mammography \u2122, * oferecido por meio de nosso sistema Selenia\u00ae Dimensions\u00ae, encontra 20% -65% mais c\u00e2nceres de mama invasivos em compara\u00e7\u00e3o com o 2D sozinho. 1 Tamb\u00e9m reduz os retornos de chamada em at\u00e9 40% em compara\u00e7\u00e3o com o 2D sozinho. 2 Junto com nossos outros produtos, ele reflete nosso esfor\u00e7o cont\u00ednuo para introduzir inova\u00e7\u00f5es que tragam maior certeza e paz de esp\u00edrito aos pacientes e aos profissionais de sa\u00fade que cuidam deles.<\/p>\t\t\t\t\t\t\t\t<\/div>\n\t\t\t\t<\/div>\n\t\t\t\t<div class=\"elementor-element elementor-element-5ed4532 elementor-widget elementor-widget-heading\" data-id=\"5ed4532\" data-element_type=\"widget\" data-e-type=\"widget\" data-widget_type=\"heading.default\">\n\t\t\t\t<div class=\"elementor-widget-container\">\n\t\t\t\t\t<h2 class=\"elementor-heading-title elementor-size-default\">Mam\u00f3grafos<\/h2>\t\t\t\t<\/div>\n\t\t\t\t<\/div>\n\t\t\t\t<div class=\"elementor-element elementor-element-3daa70b elementor-widget elementor-widget-text-editor\" data-id=\"3daa70b\" data-element_type=\"widget\" data-e-type=\"widget\" data-widget_type=\"text-editor.default\">\n\t\t\t\t<div class=\"elementor-widget-container\">\n\t\t\t\t\t\t\t\t\t<p>O sistema Selenia Dimensions est\u00e1 dispon\u00edvel em v\u00e1rios pacotes e op\u00e7\u00f5es para atender \u00e0s necessidades exclusivas de sua instala\u00e7\u00e3o, tudo sem comprometer o desempenho cl\u00ednico:<\/p>\t\t\t\t\t\t\t\t<\/div>\n\t\t\t\t<\/div>\n\t\t\t\t\t<\/div>\n\t\t<\/div>\n\t\t\t\t\t<\/div>\n\t\t<\/section>\n\t\t\t\t<section class=\"elementor-section elementor-top-section elementor-element elementor-element-d66af41 elementor-section-boxed elementor-section-height-default elementor-section-height-default\" data-id=\"d66af41\" data-element_type=\"section\" data-e-type=\"section\">\n\t\t\t\t\t\t<div class=\"elementor-container elementor-column-gap-default\">\n\t\t\t\t\t<div class=\"elementor-column elementor-col-100 elementor-top-column elementor-element elementor-element-226fd8d\" data-id=\"226fd8d\" data-element_type=\"column\" data-e-type=\"column\">\n\t\t\t<div class=\"elementor-widget-wrap elementor-element-populated\">\n\t\t\t\t\t\t<section class=\"elementor-section elementor-inner-section elementor-element elementor-element-359c118 elementor-section-boxed elementor-section-height-default elementor-section-height-default\" data-id=\"359c118\" data-element_type=\"section\" data-e-type=\"section\">\n\t\t\t\t\t\t<div class=\"elementor-container elementor-column-gap-default\">\n\t\t\t\t\t<div class=\"elementor-column elementor-col-50 elementor-inner-column elementor-element elementor-element-cb0d9db\" data-id=\"cb0d9db\" data-element_type=\"column\" data-e-type=\"column\">\n\t\t\t<div class=\"elementor-widget-wrap elementor-element-populated\">\n\t\t\t\t\t\t<div class=\"elementor-element elementor-element-cfde03b elementor-widget elementor-widget-image\" data-id=\"cfde03b\" data-element_type=\"widget\" data-e-type=\"widget\" data-widget_type=\"image.default\">\n\t\t\t\t<div class=\"elementor-widget-container\">\n\t\t\t\t\t\t\t\t\t\t\t\t\t\t\t<img fetchpriority=\"high\" decoding=\"async\" width=\"592\" height=\"583\" src=\"https:\/\/www.formedical.com.br\/novo\/wp-content\/uploads\/2021\/10\/mamografo-selenia-dimensions-3000-2D.jpg\" class=\"attachment-large size-large wp-image-4103\" alt=\"Mamografo Selenia Dimensions 3000 2D\" srcset=\"https:\/\/www.formedical.com.br\/novo\/wp-content\/uploads\/2021\/10\/mamografo-selenia-dimensions-3000-2D.jpg 592w, https:\/\/www.formedical.com.br\/novo\/wp-content\/uploads\/2021\/10\/mamografo-selenia-dimensions-3000-2D-300x295.jpg 300w\" sizes=\"(max-width: 592px) 100vw, 592px\" \/>\t\t\t\t\t\t\t\t\t\t\t\t\t\t\t<\/div>\n\t\t\t\t<\/div>\n\t\t\t\t<div class=\"elementor-element elementor-element-4ab8ed8 elementor-widget elementor-widget-heading\" data-id=\"4ab8ed8\" data-element_type=\"widget\" data-e-type=\"widget\" data-widget_type=\"heading.default\">\n\t\t\t\t<div class=\"elementor-widget-container\">\n\t\t\t\t\t<h4 class=\"elementor-heading-title elementor-size-default\">Selenia Dimensions 3000 2D<\/h4>\t\t\t\t<\/div>\n\t\t\t\t<\/div>\n\t\t\t\t<div class=\"elementor-element elementor-element-d3a30ed elementor-widget elementor-widget-text-editor\" data-id=\"d3a30ed\" data-element_type=\"widget\" data-e-type=\"widget\" data-widget_type=\"text-editor.default\">\n\t\t\t\t<div class=\"elementor-widget-container\">\n\t\t\t\t\t\t\t\t\t<p><span>O sistema 2D perene que oferece a refer\u00eancia que os clientes da Hologic esperam, com ergonomia essencial e recursos de fluxo de trabalho funcionais a um pre\u00e7o atraente.\u00a0<\/span><span>Al\u00e9m disso, o pacote Selenia Dimensions system 3000 oferece agilidade para evoluir com voc\u00ea.<\/span><\/p>\t\t\t\t\t\t\t\t<\/div>\n\t\t\t\t<\/div>\n\t\t\t\t<div class=\"elementor-element elementor-element-2e96c55 elementor-align-center elementor-widget elementor-widget-button\" data-id=\"2e96c55\" data-element_type=\"widget\" data-e-type=\"widget\" data-widget_type=\"button.default\">\n\t\t\t\t<div class=\"elementor-widget-container\">\n\t\t\t\t\t\t\t\t\t<div class=\"elementor-button-wrapper\">\n\t\t\t\t\t<a class=\"elementor-button elementor-button-link elementor-size-sm\" href=\"#\">\n\t\t\t\t\t\t<span class=\"elementor-button-content-wrapper\">\n\t\t\t\t\t\t\t\t\t<span class=\"elementor-button-text\">Clique aqui<\/span>\n\t\t\t\t\t<\/span>\n\t\t\t\t\t<\/a>\n\t\t\t\t<\/div>\n\t\t\t\t\t\t\t\t<\/div>\n\t\t\t\t<\/div>\n\t\t\t\t\t<\/div>\n\t\t<\/div>\n\t\t\t\t<div class=\"elementor-column elementor-col-50 elementor-inner-column elementor-element elementor-element-7b30856\" data-id=\"7b30856\" data-element_type=\"column\" data-e-type=\"column\">\n\t\t\t<div class=\"elementor-widget-wrap elementor-element-populated\">\n\t\t\t\t\t\t<div class=\"elementor-element elementor-element-9715333 elementor-widget elementor-widget-image\" data-id=\"9715333\" data-element_type=\"widget\" data-e-type=\"widget\" data-widget_type=\"image.default\">\n\t\t\t\t<div class=\"elementor-widget-container\">\n\t\t\t\t\t\t\t\t\t\t\t\t\t\t\t<img decoding=\"async\" width=\"592\" height=\"583\" src=\"https:\/\/www.formedical.com.br\/novo\/wp-content\/uploads\/2021\/10\/mamografo-selenia-dimensions-3000-3D-Performance.jpg\" class=\"attachment-large size-large wp-image-4107\" alt=\"Selenia Dimensions 3D Performance\" srcset=\"https:\/\/www.formedical.com.br\/novo\/wp-content\/uploads\/2021\/10\/mamografo-selenia-dimensions-3000-3D-Performance.jpg 592w, https:\/\/www.formedical.com.br\/novo\/wp-content\/uploads\/2021\/10\/mamografo-selenia-dimensions-3000-3D-Performance-300x295.jpg 300w\" sizes=\"(max-width: 592px) 100vw, 592px\" \/>\t\t\t\t\t\t\t\t\t\t\t\t\t\t\t<\/div>\n\t\t\t\t<\/div>\n\t\t\t\t<div class=\"elementor-element elementor-element-2186284 elementor-widget elementor-widget-heading\" data-id=\"2186284\" data-element_type=\"widget\" data-e-type=\"widget\" data-widget_type=\"heading.default\">\n\t\t\t\t<div class=\"elementor-widget-container\">\n\t\t\t\t\t<h4 class=\"elementor-heading-title elementor-size-default\">Selenia Dimensions 3D Performance<\/h4>\t\t\t\t<\/div>\n\t\t\t\t<\/div>\n\t\t\t\t<div class=\"elementor-element elementor-element-b04307f elementor-widget elementor-widget-text-editor\" data-id=\"b04307f\" data-element_type=\"widget\" data-e-type=\"widget\" data-widget_type=\"text-editor.default\">\n\t\t\t\t<div class=\"elementor-widget-container\">\n\t\t\t\t\t\t\t\t\t<p>\u00a0O sistema 3D \u2122 que oferece a refer\u00eancia que os clientes da Hologic esperam, com ergonomia essencial e recursos de fluxo de trabalho funcionais, bem como o exame Genius \u2122 3D Mammography \u2122, a um pre\u00e7o atraente.<\/p>\t\t\t\t\t\t\t\t<\/div>\n\t\t\t\t<\/div>\n\t\t\t\t<div class=\"elementor-element elementor-element-570bfb5 elementor-align-center elementor-widget elementor-widget-button\" data-id=\"570bfb5\" data-element_type=\"widget\" data-e-type=\"widget\" data-widget_type=\"button.default\">\n\t\t\t\t<div class=\"elementor-widget-container\">\n\t\t\t\t\t\t\t\t\t<div class=\"elementor-button-wrapper\">\n\t\t\t\t\t<a class=\"elementor-button elementor-button-link elementor-size-sm\" href=\"#\">\n\t\t\t\t\t\t<span class=\"elementor-button-content-wrapper\">\n\t\t\t\t\t\t\t\t\t<span class=\"elementor-button-text\">Clique aqui<\/span>\n\t\t\t\t\t<\/span>\n\t\t\t\t\t<\/a>\n\t\t\t\t<\/div>\n\t\t\t\t\t\t\t\t<\/div>\n\t\t\t\t<\/div>\n\t\t\t\t\t<\/div>\n\t\t<\/div>\n\t\t\t\t\t<\/div>\n\t\t<\/section>\n\t\t\t\t\t<\/div>\n\t\t<\/div>\n\t\t\t\t\t<\/div>\n\t\t<\/section>\n\t\t\t\t<section class=\"elementor-section elementor-top-section elementor-element elementor-element-b26159f elementor-section-boxed elementor-section-height-default elementor-section-height-default\" data-id=\"b26159f\" data-element_type=\"section\" data-e-type=\"section\">\n\t\t\t\t\t\t<div class=\"elementor-container elementor-column-gap-default\">\n\t\t\t\t\t<div class=\"elementor-column elementor-col-100 elementor-top-column elementor-element elementor-element-de0e607\" data-id=\"de0e607\" data-element_type=\"column\" data-e-type=\"column\">\n\t\t\t<div class=\"elementor-widget-wrap elementor-element-populated\">\n\t\t\t\t\t\t<section class=\"elementor-section elementor-inner-section elementor-element elementor-element-05260ec elementor-section-boxed elementor-section-height-default elementor-section-height-default\" data-id=\"05260ec\" data-element_type=\"section\" data-e-type=\"section\">\n\t\t\t\t\t\t<div class=\"elementor-container elementor-column-gap-default\">\n\t\t\t\t\t<div class=\"elementor-column elementor-col-50 elementor-inner-column elementor-element elementor-element-de9bda0\" data-id=\"de9bda0\" data-element_type=\"column\" data-e-type=\"column\">\n\t\t\t<div class=\"elementor-widget-wrap elementor-element-populated\">\n\t\t\t\t\t\t<div class=\"elementor-element elementor-element-9571c69 elementor-widget elementor-widget-image\" data-id=\"9571c69\" data-element_type=\"widget\" data-e-type=\"widget\" data-widget_type=\"image.default\">\n\t\t\t\t<div class=\"elementor-widget-container\">\n\t\t\t\t\t\t\t\t\t\t\t\t\t\t\t<img decoding=\"async\" width=\"662\" height=\"630\" src=\"https:\/\/www.formedical.com.br\/novo\/wp-content\/uploads\/2021\/10\/mamografo-selenia-dimensions-6000-2D.jpg\" class=\"attachment-large size-large wp-image-4111\" alt=\"Selenia Dimensions 6000 2D\" srcset=\"https:\/\/www.formedical.com.br\/novo\/wp-content\/uploads\/2021\/10\/mamografo-selenia-dimensions-6000-2D.jpg 662w, https:\/\/www.formedical.com.br\/novo\/wp-content\/uploads\/2021\/10\/mamografo-selenia-dimensions-6000-2D-300x285.jpg 300w\" sizes=\"(max-width: 662px) 100vw, 662px\" \/>\t\t\t\t\t\t\t\t\t\t\t\t\t\t\t<\/div>\n\t\t\t\t<\/div>\n\t\t\t\t<div class=\"elementor-element elementor-element-1d7d76a elementor-widget elementor-widget-heading\" data-id=\"1d7d76a\" data-element_type=\"widget\" data-e-type=\"widget\" data-widget_type=\"heading.default\">\n\t\t\t\t<div class=\"elementor-widget-container\">\n\t\t\t\t\t<h4 class=\"elementor-heading-title elementor-size-default\">Selenia Dimensions 6000 2D<\/h4>\t\t\t\t<\/div>\n\t\t\t\t<\/div>\n\t\t\t\t<div class=\"elementor-element elementor-element-e4aee6d elementor-widget elementor-widget-text-editor\" data-id=\"e4aee6d\" data-element_type=\"widget\" data-e-type=\"widget\" data-widget_type=\"text-editor.default\">\n\t\t\t\t<div class=\"elementor-widget-container\">\n\t\t\t\t\t\t\t\t\t<p>O sistema 2D \/ 3D \u2122 que redefine a ergonomia, combinado com o equil\u00edbrio perfeito de recursos de fluxo de trabalho aprimorados, levando seu desempenho para o pr\u00f3ximo n\u00edvel.<\/p>\t\t\t\t\t\t\t\t<\/div>\n\t\t\t\t<\/div>\n\t\t\t\t<div class=\"elementor-element elementor-element-71bc254 elementor-align-center elementor-widget elementor-widget-button\" data-id=\"71bc254\" data-element_type=\"widget\" data-e-type=\"widget\" data-widget_type=\"button.default\">\n\t\t\t\t<div class=\"elementor-widget-container\">\n\t\t\t\t\t\t\t\t\t<div class=\"elementor-button-wrapper\">\n\t\t\t\t\t<a class=\"elementor-button elementor-button-link elementor-size-sm\" href=\"#\">\n\t\t\t\t\t\t<span class=\"elementor-button-content-wrapper\">\n\t\t\t\t\t\t\t\t\t<span class=\"elementor-button-text\">Clique aqui<\/span>\n\t\t\t\t\t<\/span>\n\t\t\t\t\t<\/a>\n\t\t\t\t<\/div>\n\t\t\t\t\t\t\t\t<\/div>\n\t\t\t\t<\/div>\n\t\t\t\t\t<\/div>\n\t\t<\/div>\n\t\t\t\t<div class=\"elementor-column elementor-col-50 elementor-inner-column elementor-element elementor-element-d155045\" data-id=\"d155045\" data-element_type=\"column\" data-e-type=\"column\">\n\t\t\t<div class=\"elementor-widget-wrap elementor-element-populated\">\n\t\t\t\t\t\t<div class=\"elementor-element elementor-element-62bf32a elementor-widget elementor-widget-image\" data-id=\"62bf32a\" data-element_type=\"widget\" data-e-type=\"widget\" data-widget_type=\"image.default\">\n\t\t\t\t<div class=\"elementor-widget-container\">\n\t\t\t\t\t\t\t\t\t\t\t\t\t\t\t<img loading=\"lazy\" decoding=\"async\" width=\"662\" height=\"630\" src=\"https:\/\/www.formedical.com.br\/novo\/wp-content\/uploads\/2021\/10\/mamografo-selenia-dimensions-6000-3D.jpg\" class=\"attachment-large size-large wp-image-4115\" alt=\"Selenia Dimensions 6000 3D\" srcset=\"https:\/\/www.formedical.com.br\/novo\/wp-content\/uploads\/2021\/10\/mamografo-selenia-dimensions-6000-3D.jpg 662w, https:\/\/www.formedical.com.br\/novo\/wp-content\/uploads\/2021\/10\/mamografo-selenia-dimensions-6000-3D-300x285.jpg 300w\" sizes=\"(max-width: 662px) 100vw, 662px\" \/>\t\t\t\t\t\t\t\t\t\t\t\t\t\t\t<\/div>\n\t\t\t\t<\/div>\n\t\t\t\t<div class=\"elementor-element elementor-element-5ee52fd elementor-widget elementor-widget-heading\" data-id=\"5ee52fd\" data-element_type=\"widget\" data-e-type=\"widget\" data-widget_type=\"heading.default\">\n\t\t\t\t<div class=\"elementor-widget-container\">\n\t\t\t\t\t<h4 class=\"elementor-heading-title elementor-size-default\">Selenia Dimensions 6000 3D<\/h4>\t\t\t\t<\/div>\n\t\t\t\t<\/div>\n\t\t\t\t<div class=\"elementor-element elementor-element-b0a6ff1 elementor-widget elementor-widget-text-editor\" data-id=\"b0a6ff1\" data-element_type=\"widget\" data-e-type=\"widget\" data-widget_type=\"text-editor.default\">\n\t\t\t\t<div class=\"elementor-widget-container\">\n\t\t\t\t\t\t\t\t\t<p>O sistema 2D \/ 3D \u2122 que redefine a ergonomia, combinado com o equil\u00edbrio perfeito de recursos de fluxo de trabalho aprimorados, levando seu desempenho para o pr\u00f3ximo n\u00edvel.<\/p>\t\t\t\t\t\t\t\t<\/div>\n\t\t\t\t<\/div>\n\t\t\t\t<div class=\"elementor-element elementor-element-82d77d4 elementor-align-center elementor-widget elementor-widget-button\" data-id=\"82d77d4\" data-element_type=\"widget\" data-e-type=\"widget\" data-widget_type=\"button.default\">\n\t\t\t\t<div class=\"elementor-widget-container\">\n\t\t\t\t\t\t\t\t\t<div class=\"elementor-button-wrapper\">\n\t\t\t\t\t<a class=\"elementor-button elementor-button-link elementor-size-sm\" href=\"#\">\n\t\t\t\t\t\t<span class=\"elementor-button-content-wrapper\">\n\t\t\t\t\t\t\t\t\t<span class=\"elementor-button-text\">Clique aqui<\/span>\n\t\t\t\t\t<\/span>\n\t\t\t\t\t<\/a>\n\t\t\t\t<\/div>\n\t\t\t\t\t\t\t\t<\/div>\n\t\t\t\t<\/div>\n\t\t\t\t\t<\/div>\n\t\t<\/div>\n\t\t\t\t\t<\/div>\n\t\t<\/section>\n\t\t\t\t\t<\/div>\n\t\t<\/div>\n\t\t\t\t\t<\/div>\n\t\t<\/section>\n\t\t\t\t<\/div>\n\t\t","protected":false},"excerpt":{"rendered":"<p>APLICAMOS CI\u00caNCIA DE PONTA PARA ACELERAR A DESCOBERTA, MELHORAR A EFICI\u00caNCIA E APRIMORAR CONTINUAMENTE A PRECIS\u00c3O. Para mulheres que enfrentam c\u00e2ncer de mama, a Hologic est\u00e1 l\u00e1 desde a triagem at\u00e9 o tratamento com tecnologias que promovem a detec\u00e7\u00e3o precoce e produtos de interven\u00e7\u00e3o da mais alta qualidade, quando necess\u00e1rio. Nosso exame Genius 3D \u2122&hellip; <br \/> <a class=\"button small blue\" href=\"https:\/\/www.formedical.com.br\/novo\/linha-de-mamografos-e-densitometria-ossea-hologic\/\">Leia mais<\/a><\/p>\n","protected":false},"author":1,"featured_media":0,"parent":0,"menu_order":0,"comment_status":"closed","ping_status":"closed","template":"","meta":{"footnotes":""},"class_list":["post-4095","page","type-page","status-publish","hentry"],"aioseo_notices":[],"_links":{"self":[{"href":"https:\/\/www.formedical.com.br\/novo\/wp-json\/wp\/v2\/pages\/4095","targetHints":{"allow":["GET"]}}],"collection":[{"href":"https:\/\/www.formedical.com.br\/novo\/wp-json\/wp\/v2\/pages"}],"about":[{"href":"https:\/\/www.formedical.com.br\/novo\/wp-json\/wp\/v2\/types\/page"}],"author":[{"embeddable":true,"href":"https:\/\/www.formedical.com.br\/novo\/wp-json\/wp\/v2\/users\/1"}],"replies":[{"embeddable":true,"href":"https:\/\/www.formedical.com.br\/novo\/wp-json\/wp\/v2\/comments?post=4095"}],"version-history":[{"count":73,"href":"https:\/\/www.formedical.com.br\/novo\/wp-json\/wp\/v2\/pages\/4095\/revisions"}],"predecessor-version":[{"id":4175,"href":"https:\/\/www.formedical.com.br\/novo\/wp-json\/wp\/v2\/pages\/4095\/revisions\/4175"}],"wp:attachment":[{"href":"https:\/\/www.formedical.com.br\/novo\/wp-json\/wp\/v2\/media?parent=4095"}],"curies":[{"name":"wp","href":"https:\/\/api.w.org\/{rel}","templated":true}]}}