{"id":5323,"date":"2023-05-03T10:21:46","date_gmt":"2023-05-03T13:21:46","guid":{"rendered":"https:\/\/www.formedical.com.br\/novo\/?page_id=5323"},"modified":"2023-07-12T13:51:39","modified_gmt":"2023-07-12T16:51:39","slug":"ultrassom-veterinario-ultra-portatil-fm8v","status":"publish","type":"page","link":"https:\/\/www.formedical.com.br\/novo\/ultrassom-veterinario-ultra-portatil-fm8v\/","title":{"rendered":"Ultrassom Veterin\u00e1rio Ultra Port\u00e1til FM8v"},"content":{"rendered":"\t\t<div data-elementor-type=\"wp-page\" data-elementor-id=\"5323\" class=\"elementor elementor-5323\">\n\t\t\t\t\t\t<section class=\"elementor-section elementor-top-section elementor-element elementor-element-7f2b208 elementor-section-boxed elementor-section-height-default elementor-section-height-default\" data-id=\"7f2b208\" data-element_type=\"section\" data-e-type=\"section\">\n\t\t\t\t\t\t<div class=\"elementor-container elementor-column-gap-default\">\n\t\t\t\t\t<div class=\"elementor-column elementor-col-100 elementor-top-column elementor-element elementor-element-f899152\" data-id=\"f899152\" data-element_type=\"column\" data-e-type=\"column\">\n\t\t\t<div class=\"elementor-widget-wrap elementor-element-populated\">\n\t\t\t\t\t\t<section class=\"elementor-section elementor-inner-section elementor-element elementor-element-0cf4231 elementor-section-boxed elementor-section-height-default elementor-section-height-default\" data-id=\"0cf4231\" data-element_type=\"section\" data-e-type=\"section\">\n\t\t\t\t\t\t<div class=\"elementor-container elementor-column-gap-default\">\n\t\t\t\t\t<div class=\"elementor-column elementor-col-50 elementor-inner-column elementor-element elementor-element-0feae5f\" data-id=\"0feae5f\" data-element_type=\"column\" data-e-type=\"column\">\n\t\t\t<div class=\"elementor-widget-wrap elementor-element-populated\">\n\t\t\t\t\t\t<div class=\"elementor-element elementor-element-186d7c3 elementor-widget elementor-widget-image\" data-id=\"186d7c3\" data-element_type=\"widget\" data-e-type=\"widget\" data-widget_type=\"image.default\">\n\t\t\t\t<div class=\"elementor-widget-container\">\n\t\t\t\t\t\t\t\t\t\t\t\t\t\t\t<img fetchpriority=\"high\" decoding=\"async\" width=\"385\" height=\"402\" src=\"https:\/\/www.formedical.com.br\/novo\/wp-content\/uploads\/2023\/05\/FM8V.png\" class=\"attachment-large size-large wp-image-5326\" alt=\"Ultrassom Veterin\u00e1rio Ultra Port\u00e1til FM8V\" srcset=\"https:\/\/www.formedical.com.br\/novo\/wp-content\/uploads\/2023\/05\/FM8V.png 385w, https:\/\/www.formedical.com.br\/novo\/wp-content\/uploads\/2023\/05\/FM8V-287x300.png 287w\" sizes=\"(max-width: 385px) 100vw, 385px\" \/>\t\t\t\t\t\t\t\t\t\t\t\t\t\t\t<\/div>\n\t\t\t\t<\/div>\n\t\t\t\t<div class=\"elementor-element elementor-element-00b86e2 elementor-widget elementor-widget-image-gallery\" data-id=\"00b86e2\" data-element_type=\"widget\" data-e-type=\"widget\" data-widget_type=\"image-gallery.default\">\n\t\t\t\t<div class=\"elementor-widget-container\">\n\t\t\t\t\t\t\t<div class=\"elementor-image-gallery\">\n\t\t\t\n\t\t<style type=\"text\/css\">\n\t\t\t#gallery-4 {\n\t\t\t\tmargin: auto;\n\t\t\t}\n\t\t\t#gallery-4 .gallery-item {\n\t\t\t\tfloat: left;\n\t\t\t\tmargin-top: 10px;\n\t\t\t\ttext-align: center;\n\t\t\t\twidth: 25%;\n\t\t\t}\n\t\t\t#gallery-4 img {\n\t\t\t\tborder: 2px solid #cfcfcf;\n\t\t\t}\n\t\t\t#gallery-4 .gallery-caption {\n\t\t\t\tmargin-left: 0;\n\t\t\t}\n\t\t\t\/* see gallery_shortcode() in wp-includes\/media.php *\/\n\t\t<\/style>\n\t\t<div id='gallery-4' class='gallery galleryid-5323 gallery-columns-4 gallery-size-thumbnail'><dl class='gallery-item'>\n\t\t\t<dt class='gallery-icon landscape'>\n\t\t\t\t<a data-elementor-open-lightbox=\"yes\" data-elementor-lightbox-slideshow=\"00b86e2\" data-elementor-lightbox-title=\"fm8v_provadagua\" data-e-action-hash=\"#elementor-action%3Aaction%3Dlightbox%26settings%3DeyJpZCI6NTMyNywidXJsIjoiaHR0cHM6XC9cL3d3dy5mb3JtZWRpY2FsLmNvbS5iclwvbm92b1wvd3AtY29udGVudFwvdXBsb2Fkc1wvMjAyM1wvMDVcL2ZtOHZfcHJvdmFkYWd1YS5wbmciLCJzbGlkZXNob3ciOiIwMGI4NmUyIn0%3D\" href='https:\/\/www.formedical.com.br\/novo\/wp-content\/uploads\/2023\/05\/fm8v_provadagua.png'><img decoding=\"async\" width=\"150\" height=\"150\" src=\"https:\/\/www.formedical.com.br\/novo\/wp-content\/uploads\/2023\/05\/fm8v_provadagua-150x150.png\" class=\"attachment-thumbnail size-thumbnail\" alt=\"\" \/><\/a>\n\t\t\t<\/dt><\/dl><dl class='gallery-item'>\n\t\t\t<dt class='gallery-icon landscape'>\n\t\t\t\t<a data-elementor-open-lightbox=\"yes\" data-elementor-lightbox-slideshow=\"00b86e2\" data-elementor-lightbox-title=\"carca\u00e7a\" data-e-action-hash=\"#elementor-action%3Aaction%3Dlightbox%26settings%3DeyJpZCI6NTMzMiwidXJsIjoiaHR0cHM6XC9cL3d3dy5mb3JtZWRpY2FsLmNvbS5iclwvbm92b1wvd3AtY29udGVudFwvdXBsb2Fkc1wvMjAyM1wvMDVcL2NhcmNhY2EuanBnIiwic2xpZGVzaG93IjoiMDBiODZlMiJ9\" href='https:\/\/www.formedical.com.br\/novo\/wp-content\/uploads\/2023\/05\/carcaca.jpg'><img decoding=\"async\" width=\"150\" height=\"150\" src=\"https:\/\/www.formedical.com.br\/novo\/wp-content\/uploads\/2023\/05\/carcaca-150x150.jpg\" class=\"attachment-thumbnail size-thumbnail\" alt=\"\" srcset=\"https:\/\/www.formedical.com.br\/novo\/wp-content\/uploads\/2023\/05\/carcaca-150x150.jpg 150w, https:\/\/www.formedical.com.br\/novo\/wp-content\/uploads\/2023\/05\/carcaca.jpg 300w\" sizes=\"(max-width: 150px) 100vw, 150px\" \/><\/a>\n\t\t\t<\/dt><\/dl><dl class='gallery-item'>\n\t\t\t<dt class='gallery-icon portrait'>\n\t\t\t\t<a data-elementor-open-lightbox=\"yes\" data-elementor-lightbox-slideshow=\"00b86e2\" data-elementor-lightbox-title=\"FM8v_Posicao\" data-e-action-hash=\"#elementor-action%3Aaction%3Dlightbox%26settings%3DeyJpZCI6NTMyOCwidXJsIjoiaHR0cHM6XC9cL3d3dy5mb3JtZWRpY2FsLmNvbS5iclwvbm92b1wvd3AtY29udGVudFwvdXBsb2Fkc1wvMjAyM1wvMDVcL0ZNOHZfUG9zaWNhby5qcGciLCJzbGlkZXNob3ciOiIwMGI4NmUyIn0%3D\" href='https:\/\/www.formedical.com.br\/novo\/wp-content\/uploads\/2023\/05\/FM8v_Posicao.jpg'><img loading=\"lazy\" decoding=\"async\" width=\"150\" height=\"150\" src=\"https:\/\/www.formedical.com.br\/novo\/wp-content\/uploads\/2023\/05\/FM8v_Posicao-150x150.jpg\" class=\"attachment-thumbnail size-thumbnail\" alt=\"\" \/><\/a>\n\t\t\t<\/dt><\/dl><dl class='gallery-item'>\n\t\t\t<dt class='gallery-icon landscape'>\n\t\t\t\t<a data-elementor-open-lightbox=\"yes\" data-elementor-lightbox-slideshow=\"00b86e2\" data-elementor-lightbox-title=\"exame01\" data-e-action-hash=\"#elementor-action%3Aaction%3Dlightbox%26settings%3DeyJpZCI6NTMyOSwidXJsIjoiaHR0cHM6XC9cL3d3dy5mb3JtZWRpY2FsLmNvbS5iclwvbm92b1wvd3AtY29udGVudFwvdXBsb2Fkc1wvMjAyM1wvMDVcL2V4YW1lMDEuanBnIiwic2xpZGVzaG93IjoiMDBiODZlMiJ9\" href='https:\/\/www.formedical.com.br\/novo\/wp-content\/uploads\/2023\/05\/exame01.jpg'><img loading=\"lazy\" decoding=\"async\" width=\"150\" height=\"150\" src=\"https:\/\/www.formedical.com.br\/novo\/wp-content\/uploads\/2023\/05\/exame01-150x150.jpg\" class=\"attachment-thumbnail size-thumbnail\" alt=\"\" srcset=\"https:\/\/www.formedical.com.br\/novo\/wp-content\/uploads\/2023\/05\/exame01-150x150.jpg 150w, https:\/\/www.formedical.com.br\/novo\/wp-content\/uploads\/2023\/05\/exame01.jpg 300w\" sizes=\"(max-width: 150px) 100vw, 150px\" \/><\/a>\n\t\t\t<\/dt><\/dl><br style=\"clear: both\" \/><dl class='gallery-item'>\n\t\t\t<dt class='gallery-icon landscape'>\n\t\t\t\t<a data-elementor-open-lightbox=\"yes\" data-elementor-lightbox-slideshow=\"00b86e2\" data-elementor-lightbox-title=\"exame02\" data-e-action-hash=\"#elementor-action%3Aaction%3Dlightbox%26settings%3DeyJpZCI6NTMzMCwidXJsIjoiaHR0cHM6XC9cL3d3dy5mb3JtZWRpY2FsLmNvbS5iclwvbm92b1wvd3AtY29udGVudFwvdXBsb2Fkc1wvMjAyM1wvMDVcL2V4YW1lMDIuanBnIiwic2xpZGVzaG93IjoiMDBiODZlMiJ9\" href='https:\/\/www.formedical.com.br\/novo\/wp-content\/uploads\/2023\/05\/exame02.jpg'><img loading=\"lazy\" decoding=\"async\" width=\"150\" height=\"150\" src=\"https:\/\/www.formedical.com.br\/novo\/wp-content\/uploads\/2023\/05\/exame02-150x150.jpg\" class=\"attachment-thumbnail size-thumbnail\" alt=\"\" srcset=\"https:\/\/www.formedical.com.br\/novo\/wp-content\/uploads\/2023\/05\/exame02-150x150.jpg 150w, https:\/\/www.formedical.com.br\/novo\/wp-content\/uploads\/2023\/05\/exame02.jpg 300w\" sizes=\"(max-width: 150px) 100vw, 150px\" \/><\/a>\n\t\t\t<\/dt><\/dl><dl class='gallery-item'>\n\t\t\t<dt class='gallery-icon landscape'>\n\t\t\t\t<a data-elementor-open-lightbox=\"yes\" data-elementor-lightbox-slideshow=\"00b86e2\" data-elementor-lightbox-title=\"exame03\" data-e-action-hash=\"#elementor-action%3Aaction%3Dlightbox%26settings%3DeyJpZCI6NTMzMSwidXJsIjoiaHR0cHM6XC9cL3d3dy5mb3JtZWRpY2FsLmNvbS5iclwvbm92b1wvd3AtY29udGVudFwvdXBsb2Fkc1wvMjAyM1wvMDVcL2V4YW1lMDMuanBnIiwic2xpZGVzaG93IjoiMDBiODZlMiJ9\" href='https:\/\/www.formedical.com.br\/novo\/wp-content\/uploads\/2023\/05\/exame03.jpg'><img loading=\"lazy\" decoding=\"async\" width=\"150\" height=\"150\" src=\"https:\/\/www.formedical.com.br\/novo\/wp-content\/uploads\/2023\/05\/exame03-150x150.jpg\" class=\"attachment-thumbnail size-thumbnail\" alt=\"\" srcset=\"https:\/\/www.formedical.com.br\/novo\/wp-content\/uploads\/2023\/05\/exame03-150x150.jpg 150w, https:\/\/www.formedical.com.br\/novo\/wp-content\/uploads\/2023\/05\/exame03.jpg 300w\" sizes=\"(max-width: 150px) 100vw, 150px\" \/><\/a>\n\t\t\t<\/dt><\/dl>\n\t\t\t<br style='clear: both' \/>\n\t\t<\/div>\n\t\t<\/div>\n\t\t\t\t\t\t<\/div>\n\t\t\t\t<\/div>\n\t\t\t\t<div class=\"elementor-element elementor-element-3cc7884 elementor-widget elementor-widget-shortcode\" data-id=\"3cc7884\" data-element_type=\"widget\" data-e-type=\"widget\" data-widget_type=\"shortcode.default\">\n\t\t\t\t<div class=\"elementor-widget-container\">\n\t\t\t\t\t\t\t<div class=\"elementor-shortcode\"><p class=\"wpcf7-contact-form-not-found\"><strong>Erro:<\/strong> Formul\u00e1rio de contato n\u00e3o encontrado.<\/p><\/div>\n\t\t\t\t\t\t<\/div>\n\t\t\t\t<\/div>\n\t\t\t\t\t<\/div>\n\t\t<\/div>\n\t\t\t\t<div class=\"elementor-column elementor-col-50 elementor-inner-column elementor-element elementor-element-497936e\" data-id=\"497936e\" data-element_type=\"column\" data-e-type=\"column\">\n\t\t\t<div class=\"elementor-widget-wrap elementor-element-populated\">\n\t\t\t\t\t\t<div class=\"elementor-element elementor-element-895e61f elementor-widget elementor-widget-heading\" data-id=\"895e61f\" data-element_type=\"widget\" data-e-type=\"widget\" data-widget_type=\"heading.default\">\n\t\t\t\t<div class=\"elementor-widget-container\">\n\t\t\t\t\t<h2 class=\"elementor-heading-title elementor-size-default\">Ultrassom  Veterin\u00e1rio FM8V<\/h2>\t\t\t\t<\/div>\n\t\t\t\t<\/div>\n\t\t\t\t<div class=\"elementor-element elementor-element-9b8718b elementor-widget elementor-widget-text-editor\" data-id=\"9b8718b\" data-element_type=\"widget\" data-e-type=\"widget\" data-widget_type=\"text-editor.default\">\n\t\t\t\t<div class=\"elementor-widget-container\">\n\t\t\t\t\t\t\t\t\t<p><span style=\"font-size: 18px; color: var( --e-global-color-text ); font-family: var( --e-global-typography-text-font-family ), Sans-serif;\"><b>Ultrassom Ultra Port\u00e1til para Diagn\u00f3stico Gestacional e Avalia\u00e7\u00e3o de Carca\u00e7a<\/b><\/span><\/p><p>O FM8v \u00e9 um ultrassom ultra port\u00e1til, pequeno, \u00e0 prova d&#8217;\u00e1gua e com bateria inclusa, especialmente criado para o diagn\u00f3stico em campo.<\/p><p>:: Peso: 1KG<\/p><p>:: Tela: LCD 16:9 \u2013 7 polegadas<\/p><p>:: Prova d\u2019agua<\/p><p>:: Bateria: 3 horas<\/p><div>\u00a0Transdutores: Retal, Convexo, Linear, Backfat e Retal Convexa<\/div>\t\t\t\t\t\t\t\t<\/div>\n\t\t\t\t<\/div>\n\t\t\t\t<div class=\"elementor-element elementor-element-0111d82 elementor-widget elementor-widget-html\" data-id=\"0111d82\" data-element_type=\"widget\" data-e-type=\"widget\" data-widget_type=\"html.default\">\n\t\t\t\t<div class=\"elementor-widget-container\">\n\t\t\t\t\t<a onclick=\"return gtag_report_conversion('https:\/\/www.formedical.com.br\/chamado\/atendimento-formedical-ultrassom-veterinario.html');\" href=\"https:\/\/www.formedical.com.br\/chamado\/atendimento-formedical-ultrassom-veterinario.html\"><img decoding=\"async\" src=\"https:\/\/www.formedical.com.br\/novo\/wp-content\/uploads\/2020\/02\/atendimento-online-ultrassom-veterinario-formedical.png\" title=\"Atendimento Online - WhatsApp\"><\/a>\t\t\t\t<\/div>\n\t\t\t\t<\/div>\n\t\t\t\t<div class=\"elementor-element elementor-element-5470479 elementor-widget elementor-widget-video\" data-id=\"5470479\" data-element_type=\"widget\" data-e-type=\"widget\" data-settings=\"{&quot;video_type&quot;:&quot;hosted&quot;,&quot;autoplay&quot;:&quot;yes&quot;,&quot;play_on_mobile&quot;:&quot;yes&quot;,&quot;controls&quot;:&quot;yes&quot;}\" data-widget_type=\"video.default\">\n\t\t\t\t<div class=\"elementor-widget-container\">\n\t\t\t\t\t\t\t<div class=\"e-hosted-video elementor-wrapper elementor-open-inline\">\n\t\t\t\t\t<video class=\"elementor-video\" src=\"https:\/\/www.formedical.com.br\/novo\/wp-content\/uploads\/2023\/05\/FM8v_Video.mp4\" autoplay=\"\" controls=\"\" playsinline=\"\" controlsList=\"nodownload\"><\/video>\n\t\t\t\t<\/div>\n\t\t\t\t\t\t<\/div>\n\t\t\t\t<\/div>\n\t\t\t\t<div class=\"elementor-element elementor-element-3b6d961 elementor-widget elementor-widget-text-editor\" data-id=\"3b6d961\" data-element_type=\"widget\" data-e-type=\"widget\" data-widget_type=\"text-editor.default\">\n\t\t\t\t<div class=\"elementor-widget-container\">\n\t\t\t\t\t\t\t\t\t<p><span style=\"font-size: 18px; color: var( --e-global-color-text ); font-family: var( --e-global-typography-text-font-family ), Sans-serif; font-weight: var( --e-global-typography-text-font-weight );\">Dicas, Informa\u00e7\u00f5es e Tutoriais se Inscreva em nosso <strong>Canal no Youtube!<\/strong><\/span><\/p>\t\t\t\t\t\t\t\t<\/div>\n\t\t\t\t<\/div>\n\t\t\t\t<div class=\"elementor-element elementor-element-148b4e9 elementor-align-center elementor-widget elementor-widget-button\" data-id=\"148b4e9\" data-element_type=\"widget\" data-e-type=\"widget\" data-widget_type=\"button.default\">\n\t\t\t\t<div class=\"elementor-widget-container\">\n\t\t\t\t\t\t\t\t\t<div class=\"elementor-button-wrapper\">\n\t\t\t\t\t<a class=\"elementor-button elementor-button-link elementor-size-sm\" href=\"https:\/\/www.youtube.com\/channel\/UCVIciyHP5IH2QFFnJIpkbNw\">\n\t\t\t\t\t\t<span class=\"elementor-button-content-wrapper\">\n\t\t\t\t\t\t<span class=\"elementor-button-icon\">\n\t\t\t\t<i aria-hidden=\"true\" class=\"fab fa-youtube\"><\/i>\t\t\t<\/span>\n\t\t\t\t\t\t\t\t\t<span class=\"elementor-button-text\">Inscreva-se!<\/span>\n\t\t\t\t\t<\/span>\n\t\t\t\t\t<\/a>\n\t\t\t\t<\/div>\n\t\t\t\t\t\t\t\t<\/div>\n\t\t\t\t<\/div>\n\t\t\t\t<div class=\"elementor-element elementor-element-c42585d elementor-widget elementor-widget-text-editor\" data-id=\"c42585d\" data-element_type=\"widget\" data-e-type=\"widget\" data-widget_type=\"text-editor.default\">\n\t\t\t\t<div class=\"elementor-widget-container\">\n\t\t\t\t\t\t\t\t\t<p>Al\u00e9m de toda a<strong> Qualidade e Portabilidade<\/strong> do equipamento, a For Medical garante o <strong>Suporte e Assist\u00eancia<\/strong> para sua aquisi\u00e7\u00e3o ser mais<strong> Segura e Tranquila.<\/strong><\/p>\t\t\t\t\t\t\t\t<\/div>\n\t\t\t\t<\/div>\n\t\t\t\t\t<\/div>\n\t\t<\/div>\n\t\t\t\t\t<\/div>\n\t\t<\/section>\n\t\t\t\t\t<\/div>\n\t\t<\/div>\n\t\t\t\t\t<\/div>\n\t\t<\/section>\n\t\t\t\t<\/div>\n\t\t","protected":false},"excerpt":{"rendered":"<p>Ultrassom Veterin\u00e1rio FM8V Ultrassom Ultra Port\u00e1til para Diagn\u00f3stico Gestacional e Avalia\u00e7\u00e3o de Carca\u00e7a O FM8v \u00e9 um ultrassom ultra port\u00e1til, pequeno, \u00e0 prova d&#8217;\u00e1gua e com bateria inclusa, especialmente criado para o diagn\u00f3stico em campo. :: Peso: 1KG :: Tela: LCD 16:9 \u2013 7 polegadas :: Prova d\u2019agua :: Bateria: 3 horas \u00a0Transdutores: Retal, Convexo,&hellip; <br \/> <a class=\"button small blue\" href=\"https:\/\/www.formedical.com.br\/novo\/ultrassom-veterinario-ultra-portatil-fm8v\/\">Leia mais<\/a><\/p>\n","protected":false},"author":1,"featured_media":0,"parent":0,"menu_order":0,"comment_status":"closed","ping_status":"closed","template":"","meta":{"footnotes":""},"class_list":["post-5323","page","type-page","status-publish","hentry"],"aioseo_notices":[],"_links":{"self":[{"href":"https:\/\/www.formedical.com.br\/novo\/wp-json\/wp\/v2\/pages\/5323","targetHints":{"allow":["GET"]}}],"collection":[{"href":"https:\/\/www.formedical.com.br\/novo\/wp-json\/wp\/v2\/pages"}],"about":[{"href":"https:\/\/www.formedical.com.br\/novo\/wp-json\/wp\/v2\/types\/page"}],"author":[{"embeddable":true,"href":"https:\/\/www.formedical.com.br\/novo\/wp-json\/wp\/v2\/users\/1"}],"replies":[{"embeddable":true,"href":"https:\/\/www.formedical.com.br\/novo\/wp-json\/wp\/v2\/comments?post=5323"}],"version-history":[{"count":10,"href":"https:\/\/www.formedical.com.br\/novo\/wp-json\/wp\/v2\/pages\/5323\/revisions"}],"predecessor-version":[{"id":5390,"href":"https:\/\/www.formedical.com.br\/novo\/wp-json\/wp\/v2\/pages\/5323\/revisions\/5390"}],"wp:attachment":[{"href":"https:\/\/www.formedical.com.br\/novo\/wp-json\/wp\/v2\/media?parent=5323"}],"curies":[{"name":"wp","href":"https:\/\/api.w.org\/{rel}","templated":true}]}}