{"id":5456,"date":"2023-10-09T14:05:01","date_gmt":"2023-10-09T17:05:01","guid":{"rendered":"https:\/\/www.formedical.com.br\/novo\/?page_id=5456"},"modified":"2024-05-07T16:41:29","modified_gmt":"2024-05-07T19:41:29","slug":"ultrassom-veterinario-portatil-dm20v","status":"publish","type":"page","link":"https:\/\/www.formedical.com.br\/novo\/ultrassom-veterinario-portatil-dm20v\/","title":{"rendered":"Ultrassom Veterin\u00e1rio Port\u00e1til DM20v"},"content":{"rendered":"\t\t<div data-elementor-type=\"wp-page\" data-elementor-id=\"5456\" class=\"elementor elementor-5456\">\n\t\t\t\t\t\t<section class=\"elementor-section elementor-top-section elementor-element elementor-element-f1dc5f7 elementor-section-boxed elementor-section-height-default elementor-section-height-default\" data-id=\"f1dc5f7\" data-element_type=\"section\" data-e-type=\"section\">\n\t\t\t\t\t\t<div class=\"elementor-container elementor-column-gap-default\">\n\t\t\t\t\t<div class=\"elementor-column elementor-col-100 elementor-top-column elementor-element elementor-element-499da81\" data-id=\"499da81\" data-element_type=\"column\" data-e-type=\"column\">\n\t\t\t<div class=\"elementor-widget-wrap elementor-element-populated\">\n\t\t\t\t\t\t<section class=\"elementor-section elementor-inner-section elementor-element elementor-element-d585cad elementor-section-boxed elementor-section-height-default elementor-section-height-default\" data-id=\"d585cad\" data-element_type=\"section\" data-e-type=\"section\">\n\t\t\t\t\t\t<div class=\"elementor-container elementor-column-gap-default\">\n\t\t\t\t\t<div class=\"elementor-column elementor-col-50 elementor-inner-column elementor-element elementor-element-7373dfd\" data-id=\"7373dfd\" data-element_type=\"column\" data-e-type=\"column\">\n\t\t\t<div class=\"elementor-widget-wrap elementor-element-populated\">\n\t\t\t\t\t\t<div class=\"elementor-element elementor-element-613306f elementor-widget elementor-widget-image\" data-id=\"613306f\" data-element_type=\"widget\" data-e-type=\"widget\" data-widget_type=\"image.default\">\n\t\t\t\t<div class=\"elementor-widget-container\">\n\t\t\t\t\t\t\t\t\t\t\t\t\t\t\t<img fetchpriority=\"high\" decoding=\"async\" width=\"1024\" height=\"1024\" src=\"https:\/\/www.formedical.com.br\/novo\/wp-content\/uploads\/2024\/01\/DM20v_power-doppler-1024x1024.png\" class=\"attachment-large size-large wp-image-5556\" alt=\"\" srcset=\"https:\/\/www.formedical.com.br\/novo\/wp-content\/uploads\/2024\/01\/DM20v_power-doppler-1024x1024.png 1024w, https:\/\/www.formedical.com.br\/novo\/wp-content\/uploads\/2024\/01\/DM20v_power-doppler-300x300.png 300w, https:\/\/www.formedical.com.br\/novo\/wp-content\/uploads\/2024\/01\/DM20v_power-doppler-150x150.png 150w, https:\/\/www.formedical.com.br\/novo\/wp-content\/uploads\/2024\/01\/DM20v_power-doppler-768x768.png 768w, https:\/\/www.formedical.com.br\/novo\/wp-content\/uploads\/2024\/01\/DM20v_power-doppler.png 1080w\" sizes=\"(max-width: 1024px) 100vw, 1024px\" \/>\t\t\t\t\t\t\t\t\t\t\t\t\t\t\t<\/div>\n\t\t\t\t<\/div>\n\t\t\t\t<div class=\"elementor-element elementor-element-471f8e4 elementor-widget elementor-widget-image-gallery\" data-id=\"471f8e4\" data-element_type=\"widget\" data-e-type=\"widget\" data-widget_type=\"image-gallery.default\">\n\t\t\t\t<div class=\"elementor-widget-container\">\n\t\t\t\t\t\t\t<div class=\"elementor-image-gallery\">\n\t\t\t\n\t\t<style type=\"text\/css\">\n\t\t\t#gallery-1 {\n\t\t\t\tmargin: auto;\n\t\t\t}\n\t\t\t#gallery-1 .gallery-item {\n\t\t\t\tfloat: left;\n\t\t\t\tmargin-top: 10px;\n\t\t\t\ttext-align: center;\n\t\t\t\twidth: 33%;\n\t\t\t}\n\t\t\t#gallery-1 img {\n\t\t\t\tborder: 2px solid #cfcfcf;\n\t\t\t}\n\t\t\t#gallery-1 .gallery-caption {\n\t\t\t\tmargin-left: 0;\n\t\t\t}\n\t\t\t\/* see gallery_shortcode() in wp-includes\/media.php *\/\n\t\t<\/style>\n\t\t<div id='gallery-1' class='gallery galleryid-5456 gallery-columns-3 gallery-size-thumbnail'><dl class='gallery-item'>\n\t\t\t<dt class='gallery-icon landscape'>\n\t\t\t\t<a data-elementor-open-lightbox=\"yes\" data-elementor-lightbox-slideshow=\"471f8e4\" data-elementor-lightbox-title=\"ultrassom-veterinario-dm10v\" data-elementor-lightbox-description=\"Ultrassom Veterin\u00e1rio para Diagn\u00f3stico de Reprodu\u00e7\u00e3o e Aspira\u00e7\u00e3o Folicular em Bovinos DM10v\" data-e-action-hash=\"#elementor-action%3Aaction%3Dlightbox%26settings%3DeyJpZCI6MjMxNiwidXJsIjoiaHR0cHM6XC9cL3d3dy5mb3JtZWRpY2FsLmNvbS5iclwvbm92b1wvd3AtY29udGVudFwvdXBsb2Fkc1wvMjAxOVwvMDFcL3VsdHJhc3NvbS12ZXRlcmluYXJpby1kbTEwdi5qcGciLCJzbGlkZXNob3ciOiI0NzFmOGU0In0%3D\" href='https:\/\/www.formedical.com.br\/novo\/wp-content\/uploads\/2019\/01\/ultrassom-veterinario-dm10v.jpg'><img decoding=\"async\" width=\"150\" height=\"150\" src=\"https:\/\/www.formedical.com.br\/novo\/wp-content\/uploads\/2019\/01\/ultrassom-veterinario-dm10v-150x150.jpg\" class=\"attachment-thumbnail size-thumbnail\" alt=\"ultrassom veterin\u00e1rio dm10v\" srcset=\"https:\/\/www.formedical.com.br\/novo\/wp-content\/uploads\/2019\/01\/ultrassom-veterinario-dm10v-150x150.jpg 150w, https:\/\/www.formedical.com.br\/novo\/wp-content\/uploads\/2019\/01\/ultrassom-veterinario-dm10v-250x250.jpg 250w, https:\/\/www.formedical.com.br\/novo\/wp-content\/uploads\/2019\/01\/ultrassom-veterinario-dm10v-174x174.jpg 174w\" sizes=\"(max-width: 150px) 100vw, 150px\" \/><\/a>\n\t\t\t<\/dt><\/dl><dl class='gallery-item'>\n\t\t\t<dt class='gallery-icon landscape'>\n\t\t\t\t<a data-elementor-open-lightbox=\"yes\" data-elementor-lightbox-slideshow=\"471f8e4\" data-elementor-lightbox-title=\"4\" data-elementor-lightbox-description=\"Ultrassom Veterin\u00e1rio para Diagn\u00f3stico de Reprodu\u00e7\u00e3o e Aspira\u00e7\u00e3o Folicular em Bovinos DM10v\" data-e-action-hash=\"#elementor-action%3Aaction%3Dlightbox%26settings%3DeyJpZCI6NTQ1MSwidXJsIjoiaHR0cHM6XC9cL3d3dy5mb3JtZWRpY2FsLmNvbS5iclwvbm92b1wvd3AtY29udGVudFwvdXBsb2Fkc1wvMjAyM1wvMTBcLzQuanBnIiwic2xpZGVzaG93IjoiNDcxZjhlNCJ9\" href='https:\/\/www.formedical.com.br\/novo\/wp-content\/uploads\/2023\/10\/4.jpg'><img decoding=\"async\" width=\"150\" height=\"150\" src=\"https:\/\/www.formedical.com.br\/novo\/wp-content\/uploads\/2023\/10\/4-150x150.jpg\" class=\"attachment-thumbnail size-thumbnail\" alt=\"Ultrassom Veterin\u00e1rio DM20v\" srcset=\"https:\/\/www.formedical.com.br\/novo\/wp-content\/uploads\/2023\/10\/4-150x150.jpg 150w, https:\/\/www.formedical.com.br\/novo\/wp-content\/uploads\/2023\/10\/4-300x300.jpg 300w, https:\/\/www.formedical.com.br\/novo\/wp-content\/uploads\/2023\/10\/4-1024x1024.jpg 1024w, https:\/\/www.formedical.com.br\/novo\/wp-content\/uploads\/2023\/10\/4-768x768.jpg 768w, https:\/\/www.formedical.com.br\/novo\/wp-content\/uploads\/2023\/10\/4.jpg 1080w\" sizes=\"(max-width: 150px) 100vw, 150px\" \/><\/a>\n\t\t\t<\/dt><\/dl><dl class='gallery-item'>\n\t\t\t<dt class='gallery-icon landscape'>\n\t\t\t\t<a data-elementor-open-lightbox=\"yes\" data-elementor-lightbox-slideshow=\"471f8e4\" data-elementor-lightbox-title=\"DM20v\" data-elementor-lightbox-description=\"Ultrassom Veterin\u00e1rio para Diagn\u00f3stico de Reprodu\u00e7\u00e3o e Aspira\u00e7\u00e3o Folicular em Bovinos DM10v\" data-e-action-hash=\"#elementor-action%3Aaction%3Dlightbox%26settings%3DeyJpZCI6NTQ1OCwidXJsIjoiaHR0cHM6XC9cL3d3dy5mb3JtZWRpY2FsLmNvbS5iclwvbm92b1wvd3AtY29udGVudFwvdXBsb2Fkc1wvMjAyM1wvMTBcL0RNMjB2LnBuZyIsInNsaWRlc2hvdyI6IjQ3MWY4ZTQifQ%3D%3D\" href='https:\/\/www.formedical.com.br\/novo\/wp-content\/uploads\/2023\/10\/DM20v.png'><img loading=\"lazy\" decoding=\"async\" width=\"150\" height=\"150\" src=\"https:\/\/www.formedical.com.br\/novo\/wp-content\/uploads\/2023\/10\/DM20v-150x150.png\" class=\"attachment-thumbnail size-thumbnail\" alt=\"DM20v\" srcset=\"https:\/\/www.formedical.com.br\/novo\/wp-content\/uploads\/2023\/10\/DM20v-150x150.png 150w, https:\/\/www.formedical.com.br\/novo\/wp-content\/uploads\/2023\/10\/DM20v-300x300.png 300w, https:\/\/www.formedical.com.br\/novo\/wp-content\/uploads\/2023\/10\/DM20v-1024x1024.png 1024w, https:\/\/www.formedical.com.br\/novo\/wp-content\/uploads\/2023\/10\/DM20v-768x768.png 768w, https:\/\/www.formedical.com.br\/novo\/wp-content\/uploads\/2023\/10\/DM20v.png 1080w\" sizes=\"(max-width: 150px) 100vw, 150px\" \/><\/a>\n\t\t\t<\/dt><\/dl><br style=\"clear: both\" \/>\n\t\t<\/div>\n\t\t<\/div>\n\t\t\t\t\t\t<\/div>\n\t\t\t\t<\/div>\n\t\t\t\t<div class=\"elementor-element elementor-element-5ea721c elementor-widget elementor-widget-heading\" data-id=\"5ea721c\" data-element_type=\"widget\" data-e-type=\"widget\" data-widget_type=\"heading.default\">\n\t\t\t\t<div class=\"elementor-widget-container\">\n\t\t\t\t\t<h2 class=\"elementor-heading-title elementor-size-default\">SOLICITAR OR\u00c7AMENTO<\/h2>\t\t\t\t<\/div>\n\t\t\t\t<\/div>\n\t\t\t\t<div class=\"elementor-element elementor-element-cbc39a7 elementor-widget__width-inherit elementor-widget elementor-widget-html\" data-id=\"cbc39a7\" data-element_type=\"widget\" data-e-type=\"widget\" data-widget_type=\"html.default\">\n\t\t\t\t<div class=\"elementor-widget-container\">\n\t\t\t\t\t<span style=\"display:block;margin:0 auto;width:80%;\"><a onclick=\"return gtag_report_conversion('https:\/\/www.formedical.com.br\/chamado\/atendimento-formedical-ultrassom-veterinario.html');\" href=\"https:\/\/www.formedical.com.br\/chamado\/atendimento-formedical-ultrassom-veterinario.html\"><img decoding=\"async\" src=\"https:\/\/www.formedical.com.br\/novo\/wp-content\/uploads\/2020\/02\/atendimento-online-ultrassom-veterinario-formedical.png\" title=\"Atendimento Online - WhatsApp\"><\/a><\/span>\t\t\t\t<\/div>\n\t\t\t\t<\/div>\n\t\t\t\t\t<\/div>\n\t\t<\/div>\n\t\t\t\t<div class=\"elementor-column elementor-col-50 elementor-inner-column elementor-element elementor-element-6cba779\" data-id=\"6cba779\" data-element_type=\"column\" data-e-type=\"column\">\n\t\t\t<div class=\"elementor-widget-wrap elementor-element-populated\">\n\t\t\t\t\t\t<div class=\"elementor-element elementor-element-f41a17c elementor-widget elementor-widget-heading\" data-id=\"f41a17c\" data-element_type=\"widget\" data-e-type=\"widget\" data-widget_type=\"heading.default\">\n\t\t\t\t<div class=\"elementor-widget-container\">\n\t\t\t\t\t<h2 class=\"elementor-heading-title elementor-size-default\">Ultrassom Veterin\u00e1rio DM20v<\/h2>\t\t\t\t<\/div>\n\t\t\t\t<\/div>\n\t\t\t\t<div class=\"elementor-element elementor-element-58c2cc1 elementor-widget elementor-widget-text-editor\" data-id=\"58c2cc1\" data-element_type=\"widget\" data-e-type=\"widget\" data-widget_type=\"text-editor.default\">\n\t\t\t\t<div class=\"elementor-widget-container\">\n\t\t\t\t\t\t\t\t\t<p><b>Mais Tecnologia e Precis\u00e3o para seus Diagn\u00f3sticos!<\/b><\/p><p>ALGUMAS APLICA\u00c7\u00d5ES <br \/><br \/>:: Diagn\u00f3stico Precoce pelo Fluxo no Corpo L\u00fateo (prenhez de 20 dias) <br \/><br \/>::Sexagem Fetal em Equinos pelo Fluxo na G\u00f4nada <br \/><br \/>:: Diagn\u00f3stico de Endometrite e outros<\/p>\t\t\t\t\t\t\t\t<\/div>\n\t\t\t\t<\/div>\n\t\t\t\t<div class=\"elementor-element elementor-element-03dc3b0 elementor-widget__width-inherit elementor-widget elementor-widget-html\" data-id=\"03dc3b0\" data-element_type=\"widget\" data-e-type=\"widget\" data-widget_type=\"html.default\">\n\t\t\t\t<div class=\"elementor-widget-container\">\n\t\t\t\t\t<span style=\"display:block;margin:0 auto;width:80%;\"><a onclick=\"return gtag_report_conversion('https:\/\/www.formedical.com.br\/chamado\/atendimento-formedical-ultrassom-veterinario.html');\" href=\"https:\/\/www.formedical.com.br\/chamado\/atendimento-formedical-ultrassom-veterinario.html\"><img decoding=\"async\" src=\"https:\/\/www.formedical.com.br\/novo\/wp-content\/uploads\/2020\/02\/atendimento-online-ultrassom-veterinario-formedical.png\" title=\"Atendimento Online - WhatsApp\"><\/a><\/span>\t\t\t\t<\/div>\n\t\t\t\t<\/div>\n\t\t\t\t<div class=\"elementor-element elementor-element-f6f208f elementor-widget elementor-widget-text-editor\" data-id=\"f6f208f\" data-element_type=\"widget\" data-e-type=\"widget\" data-widget_type=\"text-editor.default\">\n\t\t\t\t<div class=\"elementor-widget-container\">\n\t\t\t\t\t\t\t\t\t<p>Al\u00e9m de toda a<strong> Qualidade e Portabilidade<\/strong> do equipamento, a For Medical garante o <strong>Suporte e Assist\u00eancia<\/strong> para sua aquisi\u00e7\u00e3o ser mais<strong> Segura e Tranquila.<\/strong><\/p>\t\t\t\t\t\t\t\t<\/div>\n\t\t\t\t<\/div>\n\t\t\t\t\t<\/div>\n\t\t<\/div>\n\t\t\t\t\t<\/div>\n\t\t<\/section>\n\t\t\t\t\t<\/div>\n\t\t<\/div>\n\t\t\t\t\t<\/div>\n\t\t<\/section>\n\t\t\t\t<section class=\"elementor-section elementor-top-section elementor-element elementor-element-18370aa elementor-section-boxed elementor-section-height-default elementor-section-height-default\" data-id=\"18370aa\" data-element_type=\"section\" data-e-type=\"section\">\n\t\t\t\t\t\t<div class=\"elementor-container elementor-column-gap-default\">\n\t\t\t\t\t<div class=\"elementor-column elementor-col-100 elementor-top-column elementor-element elementor-element-dfd0e2d\" data-id=\"dfd0e2d\" data-element_type=\"column\" data-e-type=\"column\">\n\t\t\t<div class=\"elementor-widget-wrap elementor-element-populated\">\n\t\t\t\t\t\t<div class=\"elementor-element elementor-element-c6a8896 elementor-widget elementor-widget-heading\" data-id=\"c6a8896\" data-element_type=\"widget\" data-e-type=\"widget\" data-widget_type=\"heading.default\">\n\t\t\t\t<div class=\"elementor-widget-container\">\n\t\t\t\t\t<h4 class=\"elementor-heading-title elementor-size-default\">Voc\u00ea pode se interessar tamb\u00e9m por<\/h4>\t\t\t\t<\/div>\n\t\t\t\t<\/div>\n\t\t\t\t\t<\/div>\n\t\t<\/div>\n\t\t\t\t\t<\/div>\n\t\t<\/section>\n\t\t\t\t<section class=\"elementor-section elementor-top-section elementor-element elementor-element-162cf08 elementor-section-boxed elementor-section-height-default elementor-section-height-default\" data-id=\"162cf08\" data-element_type=\"section\" data-e-type=\"section\">\n\t\t\t\t\t\t<div class=\"elementor-container elementor-column-gap-default\">\n\t\t\t\t\t<div class=\"elementor-column elementor-col-100 elementor-top-column elementor-element elementor-element-e865d6d\" data-id=\"e865d6d\" data-element_type=\"column\" data-e-type=\"column\">\n\t\t\t<div class=\"elementor-widget-wrap elementor-element-populated\">\n\t\t\t\t\t\t<section class=\"elementor-section elementor-inner-section elementor-element elementor-element-b9f3448 elementor-section-boxed elementor-section-height-default elementor-section-height-default\" data-id=\"b9f3448\" data-element_type=\"section\" data-e-type=\"section\">\n\t\t\t\t\t\t<div class=\"elementor-container elementor-column-gap-default\">\n\t\t\t\t\t<div class=\"elementor-column elementor-col-33 elementor-inner-column elementor-element elementor-element-2424f4e\" data-id=\"2424f4e\" data-element_type=\"column\" data-e-type=\"column\">\n\t\t\t<div class=\"elementor-widget-wrap elementor-element-populated\">\n\t\t\t\t\t\t<div class=\"elementor-element elementor-element-85be523 elementor-widget elementor-widget-image\" data-id=\"85be523\" data-element_type=\"widget\" data-e-type=\"widget\" data-widget_type=\"image.default\">\n\t\t\t\t<div class=\"elementor-widget-container\">\n\t\t\t\t\t\t\t\t\t\t\t\t\t\t\t<img decoding=\"async\" src=\"https:\/\/www.formedical.com.br\/novo\/wp-content\/uploads\/elementor\/thumbs\/Sonoeye_Microconvexa-oyi8eog03bkw6wipvnawp3daexetm41ap6hbjqdedc.png\" title=\"Sonoeye_Microconvexa\" alt=\"ultrassom ultra portatil sonoeye\" loading=\"lazy\" \/>\t\t\t\t\t\t\t\t\t\t\t\t\t\t\t<\/div>\n\t\t\t\t<\/div>\n\t\t\t\t<div class=\"elementor-element elementor-element-196f937 elementor-widget elementor-widget-heading\" data-id=\"196f937\" data-element_type=\"widget\" data-e-type=\"widget\" data-widget_type=\"heading.default\">\n\t\t\t\t<div class=\"elementor-widget-container\">\n\t\t\t\t\t<h5 class=\"elementor-heading-title elementor-size-default\"><a href=\"https:\/\/www.formedical.com.br\/novo\/ultrassom-veterinario-sonoeye-handheld\/#page-content\">SonoEye Vet P7<\/a><\/h5>\t\t\t\t<\/div>\n\t\t\t\t<\/div>\n\t\t\t\t\t<\/div>\n\t\t<\/div>\n\t\t\t\t<div class=\"elementor-column elementor-col-33 elementor-inner-column elementor-element elementor-element-309fff5\" data-id=\"309fff5\" data-element_type=\"column\" data-e-type=\"column\">\n\t\t\t<div class=\"elementor-widget-wrap elementor-element-populated\">\n\t\t\t\t\t\t<div class=\"elementor-element elementor-element-87c0655 elementor-widget elementor-widget-image\" data-id=\"87c0655\" data-element_type=\"widget\" data-e-type=\"widget\" data-widget_type=\"image.default\">\n\t\t\t\t<div class=\"elementor-widget-container\">\n\t\t\t\t\t\t\t\t\t\t\t\t\t\t\t<img decoding=\"async\" src=\"https:\/\/www.formedical.com.br\/novo\/wp-content\/uploads\/elementor\/thumbs\/Ultrassom-Portatil_DM5v-o1psr4yx7t3r85manuynha5xnnhzau812ok6e2n18g.png\" title=\"ultrassom veterinario portatil dm5v\" alt=\"ultrassom portatil veterinario dm5v\" loading=\"lazy\" \/>\t\t\t\t\t\t\t\t\t\t\t\t\t\t\t<\/div>\n\t\t\t\t<\/div>\n\t\t\t\t<div class=\"elementor-element elementor-element-8175426 elementor-widget elementor-widget-heading\" data-id=\"8175426\" data-element_type=\"widget\" data-e-type=\"widget\" data-widget_type=\"heading.default\">\n\t\t\t\t<div class=\"elementor-widget-container\">\n\t\t\t\t\t<h5 class=\"elementor-heading-title elementor-size-default\"><a href=\"https:\/\/www.formedical.com.br\/novo\/ultrassom-veterinario-ultra-portatil-dm5v\/#page-content\">Ultrassom Veterin\u00e1rio B\/W - FM5v<\/a><\/h5>\t\t\t\t<\/div>\n\t\t\t\t<\/div>\n\t\t\t\t\t<\/div>\n\t\t<\/div>\n\t\t\t\t<div class=\"elementor-column elementor-col-33 elementor-inner-column elementor-element elementor-element-a60ac9f\" data-id=\"a60ac9f\" data-element_type=\"column\" data-e-type=\"column\">\n\t\t\t<div class=\"elementor-widget-wrap elementor-element-populated\">\n\t\t\t\t\t\t<div class=\"elementor-element elementor-element-076a346 elementor-widget elementor-widget-image\" data-id=\"076a346\" data-element_type=\"widget\" data-e-type=\"widget\" data-widget_type=\"image.default\">\n\t\t\t\t<div class=\"elementor-widget-container\">\n\t\t\t\t\t\t\t\t\t\t\t\t\t\t\t<img decoding=\"async\" src=\"https:\/\/www.formedical.com.br\/novo\/wp-content\/uploads\/elementor\/thumbs\/dm7v-thumb-o1t65rwti66dqj0w7lbbuv7z7j6ncyclnbtcp49340.jpg\" title=\"dm7v-thumb\" alt=\"ultrassom para diagn\u00f3stico de reprodu\u00e7\u00e3o dm7v\" loading=\"lazy\" \/>\t\t\t\t\t\t\t\t\t\t\t\t\t\t\t<\/div>\n\t\t\t\t<\/div>\n\t\t\t\t<div class=\"elementor-element elementor-element-037be74 elementor-widget elementor-widget-heading\" data-id=\"037be74\" data-element_type=\"widget\" data-e-type=\"widget\" data-widget_type=\"heading.default\">\n\t\t\t\t<div class=\"elementor-widget-container\">\n\t\t\t\t\t<h5 class=\"elementor-heading-title elementor-size-default\"><a href=\"https:\/\/www.formedical.com.br\/novo\/ultrassom-ultra-portatil-fm7v\/\"> <br \/> Ultrassom Veterin\u00e1rio Ultra Port\u00e1til  - FM7v<\/a><\/h5>\t\t\t\t<\/div>\n\t\t\t\t<\/div>\n\t\t\t\t\t<\/div>\n\t\t<\/div>\n\t\t\t\t\t<\/div>\n\t\t<\/section>\n\t\t\t\t\t<\/div>\n\t\t<\/div>\n\t\t\t\t\t<\/div>\n\t\t<\/section>\n\t\t\t\t<\/div>\n\t\t","protected":false},"excerpt":{"rendered":"<p>SOLICITAR OR\u00c7AMENTO Ultrassom Veterin\u00e1rio DM20v Mais Tecnologia e Precis\u00e3o para seus Diagn\u00f3sticos! ALGUMAS APLICA\u00c7\u00d5ES :: Diagn\u00f3stico Precoce pelo Fluxo no Corpo L\u00fateo (prenhez de 20 dias) ::Sexagem Fetal em Equinos pelo Fluxo na G\u00f4nada :: Diagn\u00f3stico de Endometrite e outros Al\u00e9m de toda a Qualidade e Portabilidade do equipamento, a For Medical garante o Suporte&hellip; <br \/> <a class=\"button small blue\" href=\"https:\/\/www.formedical.com.br\/novo\/ultrassom-veterinario-portatil-dm20v\/\">Leia mais<\/a><\/p>\n","protected":false},"author":1,"featured_media":0,"parent":0,"menu_order":0,"comment_status":"closed","ping_status":"closed","template":"","meta":{"footnotes":""},"class_list":["post-5456","page","type-page","status-publish","hentry"],"aioseo_notices":[],"_links":{"self":[{"href":"https:\/\/www.formedical.com.br\/novo\/wp-json\/wp\/v2\/pages\/5456","targetHints":{"allow":["GET"]}}],"collection":[{"href":"https:\/\/www.formedical.com.br\/novo\/wp-json\/wp\/v2\/pages"}],"about":[{"href":"https:\/\/www.formedical.com.br\/novo\/wp-json\/wp\/v2\/types\/page"}],"author":[{"embeddable":true,"href":"https:\/\/www.formedical.com.br\/novo\/wp-json\/wp\/v2\/users\/1"}],"replies":[{"embeddable":true,"href":"https:\/\/www.formedical.com.br\/novo\/wp-json\/wp\/v2\/comments?post=5456"}],"version-history":[{"count":16,"href":"https:\/\/www.formedical.com.br\/novo\/wp-json\/wp\/v2\/pages\/5456\/revisions"}],"predecessor-version":[{"id":5938,"href":"https:\/\/www.formedical.com.br\/novo\/wp-json\/wp\/v2\/pages\/5456\/revisions\/5938"}],"wp:attachment":[{"href":"https:\/\/www.formedical.com.br\/novo\/wp-json\/wp\/v2\/media?parent=5456"}],"curies":[{"name":"wp","href":"https:\/\/api.w.org\/{rel}","templated":true}]}}