{"id":610,"date":"2017-07-10T10:59:28","date_gmt":"2017-07-10T13:59:28","guid":{"rendered":"https:\/\/www.formedical.com.br\/novo\/?page_id=610"},"modified":"2026-02-11T17:57:54","modified_gmt":"2026-02-11T20:57:54","slug":"engenharia-clinica-for-medical-2","status":"publish","type":"page","link":"https:\/\/www.formedical.com.br\/novo\/engenharia-clinica-for-medical-2\/","title":{"rendered":"Engenharia Cl\u00ednica For Medical"},"content":{"rendered":"<p><img fetchpriority=\"high\" decoding=\"async\" class=\"aligncenter wp-image-611 size-full\" title=\"Engenharia Cl\u00ednica gest\u00e3o que garante a Seguran\u00e7a do Paciente\" src=\"https:\/\/www.formedical.com.br\/novo\/wp-content\/uploads\/2017\/07\/bannerengenhariaclinica-formedical.jpg\" alt=\"Engenharia Cl\u00ednica For Medical\" width=\"950\" height=\"416\" srcset=\"https:\/\/www.formedical.com.br\/novo\/wp-content\/uploads\/2017\/07\/bannerengenhariaclinica-formedical.jpg 950w, https:\/\/www.formedical.com.br\/novo\/wp-content\/uploads\/2017\/07\/bannerengenhariaclinica-formedical-300x131.jpg 300w, https:\/\/www.formedical.com.br\/novo\/wp-content\/uploads\/2017\/07\/bannerengenhariaclinica-formedical-768x336.jpg 768w\" sizes=\"(max-width: 950px) 100vw, 950px\" \/><\/p>\n<h2 style=\"text-align: center;\">Conte com a nossa Engenharia Cl\u00ednica<\/h2>\n<p style=\"text-align: center;\"><strong>H\u00e1 mais de 3 d\u00e9cadas atuando na \u00e1rea de Engenharia Cl\u00ednica, com experi\u00eancia em acredita\u00e7\u00f5es ONA, CQH, Canadense e Joint Comission.<\/strong><\/p>\n<p>Contamos com uma equipe multidisciplinar, altamente qualificada, que atua cooperativamente com administradores e demais profissionais da assist\u00eancia ao paciente, envolvendo-os no planejamento tecnol\u00f3gico de suas atividades produtivas e na sele\u00e7\u00e3o adequada, criteriosa, segura e imparcial de tecnologias existentes no mercado, sempre com foco na seguran\u00e7a e custo\/benef\u00edcio da institui\u00e7\u00e3o.<\/p>\n<p>Faz parte do escopo de nossos projetos a elabora\u00e7\u00e3o de estrat\u00e9gias de compra de equipamentos, instala\u00e7\u00e3o e gest\u00e3o da vida \u00fatil da tecnologia incorporada, maximizando a produ\u00e7\u00e3o da equipe nas rotinas di\u00e1rias de manuten\u00e7\u00f5es preventivas e corretivas, inspe\u00e7\u00f5es, testes de seguran\u00e7a el\u00e9trica e<br \/>\ncalibra\u00e7\u00f5es com maior agilidade e proximidade do setor assistencial demandante.<\/p>\n<hr \/>\n<p><strong>Fale com o Departamento Comercial<\/strong><\/p>\n<p><img decoding=\"async\" class=\"size-full wp-image-337 alignnone\" src=\"https:\/\/www.formedical.com.br\/novo\/wp-content\/uploads\/2017\/06\/fone-formedical.jpg\" alt=\"\" width=\"200\" height=\"30\" \/> <img decoding=\"async\" class=\"size-full wp-image-341 alignnone\" src=\"https:\/\/www.formedical.com.br\/novo\/wp-content\/uploads\/2017\/05\/email-formedical.jpg\" alt=\"\" width=\"200\" height=\"30\" \/><\/p>\n","protected":false},"excerpt":{"rendered":"<p>Conte com a nossa Engenharia Cl\u00ednica H\u00e1 mais de 3 d\u00e9cadas atuando na \u00e1rea de Engenharia Cl\u00ednica, com experi\u00eancia em acredita\u00e7\u00f5es ONA, CQH, Canadense e Joint Comission. Contamos com uma equipe multidisciplinar, altamente qualificada, que atua cooperativamente com administradores e demais profissionais da assist\u00eancia ao paciente, envolvendo-os no planejamento tecnol\u00f3gico de suas atividades produtivas e&hellip; <br \/> <a class=\"button small blue\" href=\"https:\/\/www.formedical.com.br\/novo\/engenharia-clinica-for-medical-2\/\">Leia mais<\/a><\/p>\n","protected":false},"author":1,"featured_media":0,"parent":0,"menu_order":0,"comment_status":"closed","ping_status":"closed","template":"","meta":{"footnotes":""},"class_list":["post-610","page","type-page","status-publish","hentry"],"aioseo_notices":[],"_links":{"self":[{"href":"https:\/\/www.formedical.com.br\/novo\/wp-json\/wp\/v2\/pages\/610","targetHints":{"allow":["GET"]}}],"collection":[{"href":"https:\/\/www.formedical.com.br\/novo\/wp-json\/wp\/v2\/pages"}],"about":[{"href":"https:\/\/www.formedical.com.br\/novo\/wp-json\/wp\/v2\/types\/page"}],"author":[{"embeddable":true,"href":"https:\/\/www.formedical.com.br\/novo\/wp-json\/wp\/v2\/users\/1"}],"replies":[{"embeddable":true,"href":"https:\/\/www.formedical.com.br\/novo\/wp-json\/wp\/v2\/comments?post=610"}],"version-history":[{"count":6,"href":"https:\/\/www.formedical.com.br\/novo\/wp-json\/wp\/v2\/pages\/610\/revisions"}],"predecessor-version":[{"id":6269,"href":"https:\/\/www.formedical.com.br\/novo\/wp-json\/wp\/v2\/pages\/610\/revisions\/6269"}],"wp:attachment":[{"href":"https:\/\/www.formedical.com.br\/novo\/wp-json\/wp\/v2\/media?parent=610"}],"curies":[{"name":"wp","href":"https:\/\/api.w.org\/{rel}","templated":true}]}}